{"id":306,"date":"2025-06-26T16:30:48","date_gmt":"2025-06-26T13:30:48","guid":{"rendered":"https:\/\/mapsly.com?page_id=306"},"modified":"2025-09-25T09:45:27","modified_gmt":"2025-09-25T06:45:27","slug":"cleanse-geocode-addresses","status":"publish","type":"page","link":"https:\/\/mapsly.com\/es\/cleanse-geocode-addresses\/","title":{"rendered":"Corrija errores en sus direcciones &#038; obtenga coordenadas GPS"},"content":{"rendered":"<div data-elementor-type=\"wp-page\" data-elementor-id=\"306\" class=\"elementor elementor-306\" data-elementor-post-type=\"page\">\n\t\t\t\t\t\t<section class=\"elementor-section elementor-top-section elementor-element elementor-element-2b9f61fc elementor-section-height-min-height elementor-section-boxed elementor-section-height-default elementor-section-items-middle\" data-id=\"2b9f61fc\" data-element_type=\"section\" data-e-type=\"section\">\n\t\t\t\t\t\t<div class=\"elementor-container elementor-column-gap-default\">\n\t\t\t\t\t<div class=\"elementor-column elementor-col-100 elementor-top-column elementor-element elementor-element-35f8be88\" data-id=\"35f8be88\" data-element_type=\"column\" data-e-type=\"column\">\n\t\t\t<div class=\"elementor-widget-wrap elementor-element-populated\">\n\t\t\t\t\t\t<div class=\"elementor-element elementor-element-2d37698f elementor-widget elementor-widget-heading\" data-id=\"2d37698f\" data-element_type=\"widget\" data-e-type=\"widget\" data-widget_type=\"heading.default\">\n\t\t\t\t<div class=\"elementor-widget-container\">\n\t\t\t\t\t<h1 class=\"elementor-heading-title elementor-size-default\">Corrija errores en sus direcciones &#038; obtenga coordenadas GPS<\/h1>\t\t\t\t<\/div>\n\t\t\t\t<\/div>\n\t\t\t\t<div class=\"elementor-element elementor-element-1cb536ee elementor-widget elementor-widget-text-editor\" data-id=\"1cb536ee\" data-element_type=\"widget\" data-e-type=\"widget\" data-widget_type=\"text-editor.default\">\n\t\t\t\t<div class=\"elementor-widget-container\">\n\t\t\t\t\t\t\t\t\tComplete las partes faltantes en sus direcciones de CRM. Corrija los errores ortogr\u00e1ficos. Geocodee las direcciones en coordenadas.\n\t\t\t\t\t\t\t\t<\/div>\n\t\t\t\t<\/div>\n\t\t\t\t\t<\/div>\n\t\t<\/div>\n\t\t\t\t\t<\/div>\n\t\t<\/section>\n\t\t\t\t<section class=\"elementor-section elementor-top-section elementor-element elementor-element-d78ff77 elementor-section-boxed elementor-section-height-default elementor-section-height-default\" data-id=\"d78ff77\" data-element_type=\"section\" data-e-type=\"section\">\n\t\t\t\t\t\t<div class=\"elementor-container elementor-column-gap-default\">\n\t\t\t\t\t<div class=\"elementor-column elementor-col-100 elementor-top-column elementor-element elementor-element-13828896\" data-id=\"13828896\" data-element_type=\"column\" data-e-type=\"column\">\n\t\t\t<div class=\"elementor-widget-wrap elementor-element-populated\">\n\t\t\t\t\t\t<div class=\"elementor-element elementor-element-63d611e7 elementor-widget elementor-widget-text-editor\" data-id=\"63d611e7\" data-element_type=\"widget\" data-e-type=\"widget\" data-widget_type=\"text-editor.default\">\n\t\t\t\t<div class=\"elementor-widget-container\">\n\t\t\t\t\t\t\t\t\t<p data-renderer-start-pos=\"29495\">Al importar tus registros, Mapsly los geocodifica autom\u00e1ticamente en coordenadas GPS y luego realiza una geocodificaci\u00f3n inversa de las coordenadas a una direcci\u00f3n estandarizada con todos los componentes del domicilio, incluyendo el condado, lo que corrige errores ortogr\u00e1ficos en tus direcciones y completa partes faltantes como c\u00f3digos postales o condados.<\/p><p data-renderer-start-pos=\"29819\"><strong data-renderer-mark=\"true\">Puedes activar el guardado autom\u00e1tico de estas coordenadas y de la direcci\u00f3n estandarizada en tu CRM en tiempo real. <\/strong>Para hacer esto, simplemente elige los campos que deseas recibir y asigna esos campos a los de tu CRM donde Mapsly deber\u00e1 guardarlos.<\/p>\t\t\t\t\t\t\t\t<\/div>\n\t\t\t\t<\/div>\n\t\t\t\t\t<\/div>\n\t\t<\/div>\n\t\t\t\t\t<\/div>\n\t\t<\/section>\n\t\t\t\t<section class=\"elementor-section elementor-top-section elementor-element elementor-element-6543a9ee tab-content  async-block elementor-reverse-mobile elementor-section-boxed elementor-section-height-default elementor-section-height-default\" data-id=\"6543a9ee\" data-element_type=\"section\" data-e-type=\"section\">\n\t\t\t\t\t\t<div class=\"elementor-container elementor-column-gap-default\">\n\t\t\t\t\t<div class=\"elementor-column elementor-col-100 elementor-top-column elementor-element elementor-element-4d6e7389 tab_img\" data-id=\"4d6e7389\" data-element_type=\"column\" data-e-type=\"column\">\n\t\t\t<div class=\"elementor-widget-wrap elementor-element-populated\">\n\t\t\t\t\t\t<div class=\"elementor-element elementor-element-448cec0a elementor-widget elementor-widget-html\" data-id=\"448cec0a\" data-element_type=\"widget\" data-e-type=\"widget\" data-widget_type=\"html.default\">\n\t\t\t\t<div class=\"elementor-widget-container\">\n\t\t\t\t\t<video class=\"async-load\" src=\"https:\/\/mapsly.com\/wp-content\/uploads\/2021\/11\/31-Clean-address.mp4\" loop=\"loop\" muted><\/video>\n\t\t\t\t<\/div>\n\t\t\t\t<\/div>\n\t\t\t\t\t<\/div>\n\t\t<\/div>\n\t\t\t\t\t<\/div>\n\t\t<\/section>\n\t\t\t\t<section class=\"elementor-section elementor-top-section elementor-element elementor-element-5f6ebb5a elementor-section-boxed elementor-section-height-default elementor-section-height-default\" data-id=\"5f6ebb5a\" data-element_type=\"section\" data-e-type=\"section\">\n\t\t\t\t\t\t<div class=\"elementor-container elementor-column-gap-default\">\n\t\t\t\t\t<div class=\"elementor-column elementor-col-100 elementor-top-column elementor-element elementor-element-6fed5f8d\" data-id=\"6fed5f8d\" data-element_type=\"column\" data-e-type=\"column\">\n\t\t\t<div class=\"elementor-widget-wrap elementor-element-populated\">\n\t\t\t\t\t\t<div class=\"elementor-element elementor-element-1f4f311f elementor-align-center elementor-widget elementor-widget-button\" data-id=\"1f4f311f\" data-element_type=\"widget\" data-e-type=\"widget\" data-widget_type=\"button.default\">\n\t\t\t\t<div class=\"elementor-widget-container\">\n\t\t\t\t\t\t\t\t\t<div class=\"elementor-button-wrapper\">\n\t\t\t\t\t<a class=\"elementor-button elementor-button-link elementor-size-lg\" href=\"https:\/\/help.mapsly.com\/en\/articles\/4473720\" target=\"_blank\">\n\t\t\t\t\t\t<span class=\"elementor-button-content-wrapper\">\n\t\t\t\t\t\t\t\t\t<span class=\"elementor-button-text\">Obt\u00e9n m\u00e1s informaci\u00f3n en Mapsly Help Center<\/span>\n\t\t\t\t\t<\/span>\n\t\t\t\t\t<\/a>\n\t\t\t\t<\/div>\n\t\t\t\t\t\t\t\t<\/div>\n\t\t\t\t<\/div>\n\t\t\t\t<div class=\"elementor-element elementor-element-16459fef elementor-widget elementor-widget-text-editor\" data-id=\"16459fef\" data-element_type=\"widget\" data-e-type=\"widget\" data-widget_type=\"text-editor.default\">\n\t\t\t\t<div class=\"elementor-widget-container\">\n\t\t\t\t\t\t\t\t\t<p>El centro de ayuda se abrir\u00e1 en una nueva pesta\u00f1a del navegador.<\/p>\t\t\t\t\t\t\t\t<\/div>\n\t\t\t\t<\/div>\n\t\t\t\t<div class=\"elementor-element elementor-element-38589833 elementor-widget elementor-widget-spacer\" data-id=\"38589833\" data-element_type=\"widget\" data-e-type=\"widget\" data-widget_type=\"spacer.default\">\n\t\t\t\t<div class=\"elementor-widget-container\">\n\t\t\t\t\t\t\t<div class=\"elementor-spacer\">\n\t\t\t<div class=\"elementor-spacer-inner\"><\/div>\n\t\t<\/div>\n\t\t\t\t\t\t<\/div>\n\t\t\t\t<\/div>\n\t\t\t\t\t<\/div>\n\t\t<\/div>\n\t\t\t\t\t<\/div>\n\t\t<\/section>\n\t\t\t\t<\/div>","protected":false},"excerpt":{"rendered":"<p>Rellene las partes faltantes en sus direcciones CRM. Corrija errores ortogr\u00e1ficos. Geocodifique direcciones en coordenadas. Al importar sus registros, Mapsly los geocodifica autom\u00e1ticamente en coordenadas GPS y luego realiza una geocodificaci\u00f3n inversa de las coordenadas para obtener una direcci\u00f3n estandarizada con todos los componentes de la direcci\u00f3n \u2013 incluido el condado \u2013 completados, lo que corrige los errores ortogr\u00e1ficos en sus direcciones y rellena [\u2026]<\/p>","protected":false},"author":1,"featured_media":0,"parent":0,"menu_order":0,"comment_status":"closed","ping_status":"closed","template":"elementor_header_footer","meta":{"_acf_changed":false,"footnotes":""},"class_list":["post-306","page","type-page","status-publish","hentry"],"acf":[],"yoast_head":"<!-- This site is optimized with the Yoast SEO plugin v26.6 - https:\/\/yoast.com\/wordpress\/plugins\/seo\/ -->\n<title>Fix errors in your addresses &amp; get GPS coordinates - Mapsly<\/title>\n<meta name=\"robots\" content=\"index, follow, max-snippet:-1, max-image-preview:large, max-video-preview:-1\" \/>\n<link rel=\"canonical\" href=\"https:\/\/mapsly.com\/es\/cleanse-geocode-addresses\/\" \/>\n<meta property=\"og:locale\" content=\"es_ES\" \/>\n<meta property=\"og:type\" content=\"article\" \/>\n<meta property=\"og:title\" content=\"Fix errors in your addresses &amp; get GPS coordinates - Mapsly\" \/>\n<meta property=\"og:description\" content=\"Fill in missing parts in your CRM addresses. Correct spelling errors. Geocode addresses into coordinates. When importing your records, Mapsly automatically geocodes them into GPS coordinates and then reverse-geocodes the coordinates into a standardized address with all address components &#8211; including the county &#8211; filled in, which corrects spelling errors in your addresses and fills [&hellip;]\" \/>\n<meta property=\"og:url\" content=\"https:\/\/mapsly.com\/es\/cleanse-geocode-addresses\/\" \/>\n<meta property=\"og:site_name\" content=\"Mapsly\" \/>\n<meta property=\"article:modified_time\" content=\"2025-09-25T06:45:27+00:00\" \/>\n<meta name=\"twitter:card\" content=\"summary_large_image\" \/>\n<meta name=\"twitter:label1\" content=\"Tiempo de lectura\" \/>\n\t<meta name=\"twitter:data1\" content=\"1 minuto\" \/>\n<script type=\"application\/ld+json\" class=\"yoast-schema-graph\">{\"@context\":\"https:\/\/schema.org\",\"@graph\":[{\"@type\":\"WebPage\",\"@id\":\"https:\/\/mapsly.com\/ru\/cleanse-geocode-addresses\/\",\"url\":\"https:\/\/mapsly.com\/ru\/cleanse-geocode-addresses\/\",\"name\":\"Fix errors in your addresses & get GPS coordinates - Mapsly\",\"isPartOf\":{\"@id\":\"https:\/\/mapsly.com\/#website\"},\"datePublished\":\"2025-06-26T13:30:48+00:00\",\"dateModified\":\"2025-09-25T06:45:27+00:00\",\"breadcrumb\":{\"@id\":\"https:\/\/mapsly.com\/ru\/cleanse-geocode-addresses\/#breadcrumb\"},\"inLanguage\":\"es\",\"potentialAction\":[{\"@type\":\"ReadAction\",\"target\":[\"https:\/\/mapsly.com\/ru\/cleanse-geocode-addresses\/\"]}]},{\"@type\":\"BreadcrumbList\",\"@id\":\"https:\/\/mapsly.com\/ru\/cleanse-geocode-addresses\/#breadcrumb\",\"itemListElement\":[{\"@type\":\"ListItem\",\"position\":1,\"name\":\"Home\",\"item\":\"https:\/\/mapsly.com\/\"},{\"@type\":\"ListItem\",\"position\":2,\"name\":\"Fix errors in your addresses &#038; get GPS coordinates\"}]},{\"@type\":\"WebSite\",\"@id\":\"https:\/\/mapsly.com\/#website\",\"url\":\"https:\/\/mapsly.com\/\",\"name\":\"Mapsly\",\"description\":\"The Ultimate CRM Map\",\"publisher\":{\"@id\":\"https:\/\/mapsly.com\/#organization\"},\"potentialAction\":[{\"@type\":\"SearchAction\",\"target\":{\"@type\":\"EntryPoint\",\"urlTemplate\":\"https:\/\/mapsly.com\/?s={search_term_string}\"},\"query-input\":{\"@type\":\"PropertyValueSpecification\",\"valueRequired\":true,\"valueName\":\"search_term_string\"}}],\"inLanguage\":\"es\"},{\"@type\":\"Organization\",\"@id\":\"https:\/\/mapsly.com\/#organization\",\"name\":\"Mapsly\",\"url\":\"https:\/\/mapsly.com\/\",\"logo\":{\"@type\":\"ImageObject\",\"inLanguage\":\"es\",\"@id\":\"https:\/\/mapsly.com\/#\/schema\/logo\/image\/\",\"url\":\"https:\/\/mapsly.com\/wp-content\/uploads\/2025\/06\/Mapsly-Logo-2x-BIG.png\",\"contentUrl\":\"https:\/\/mapsly.com\/wp-content\/uploads\/2025\/06\/Mapsly-Logo-2x-BIG.png\",\"width\":280,\"height\":85,\"caption\":\"Mapsly\"},\"image\":{\"@id\":\"https:\/\/mapsly.com\/#\/schema\/logo\/image\/\"}}]}<\/script>\n<!-- \/ Yoast SEO plugin. -->","yoast_head_json":{"title":"Corrige los errores en tus direcciones y obt\u00e9n las coordenadas GPS - Mapsly","robots":{"index":"index","follow":"follow","max-snippet":"max-snippet:-1","max-image-preview":"max-image-preview:large","max-video-preview":"max-video-preview:-1"},"canonical":"https:\/\/mapsly.com\/es\/cleanse-geocode-addresses\/","og_locale":"es_ES","og_type":"article","og_title":"Fix errors in your addresses & get GPS coordinates - Mapsly","og_description":"Fill in missing parts in your CRM addresses. Correct spelling errors. Geocode addresses into coordinates. When importing your records, Mapsly automatically geocodes them into GPS coordinates and then reverse-geocodes the coordinates into a standardized address with all address components &#8211; including the county &#8211; filled in, which corrects spelling errors in your addresses and fills [&hellip;]","og_url":"https:\/\/mapsly.com\/es\/cleanse-geocode-addresses\/","og_site_name":"Mapsly","article_modified_time":"2025-09-25T06:45:27+00:00","twitter_card":"summary_large_image","twitter_misc":{"Tiempo de lectura":"1 minuto"},"schema":{"@context":"https:\/\/schema.org","@graph":[{"@type":"WebPage","@id":"https:\/\/mapsly.com\/ru\/cleanse-geocode-addresses\/","url":"https:\/\/mapsly.com\/ru\/cleanse-geocode-addresses\/","name":"Corrige los errores en tus direcciones y obt\u00e9n las coordenadas GPS - Mapsly","isPartOf":{"@id":"https:\/\/mapsly.com\/#website"},"datePublished":"2025-06-26T13:30:48+00:00","dateModified":"2025-09-25T06:45:27+00:00","breadcrumb":{"@id":"https:\/\/mapsly.com\/ru\/cleanse-geocode-addresses\/#breadcrumb"},"inLanguage":"es","potentialAction":[{"@type":"ReadAction","target":["https:\/\/mapsly.com\/ru\/cleanse-geocode-addresses\/"]}]},{"@type":"BreadcrumbList","@id":"https:\/\/mapsly.com\/ru\/cleanse-geocode-addresses\/#breadcrumb","itemListElement":[{"@type":"ListItem","position":1,"name":"Home","item":"https:\/\/mapsly.com\/"},{"@type":"ListItem","position":2,"name":"Fix errors in your addresses &#038; get GPS coordinates"}]},{"@type":"WebSite","@id":"https:\/\/mapsly.com\/#website","url":"https:\/\/mapsly.com\/","name":"Mapsly","description":"El Mapa Definitivo de CRM","publisher":{"@id":"https:\/\/mapsly.com\/#organization"},"potentialAction":[{"@type":"SearchAction","target":{"@type":"EntryPoint","urlTemplate":"https:\/\/mapsly.com\/?s={search_term_string}"},"query-input":{"@type":"PropertyValueSpecification","valueRequired":true,"valueName":"search_term_string"}}],"inLanguage":"es"},{"@type":"Organization","@id":"https:\/\/mapsly.com\/#organization","name":"Mapsly","url":"https:\/\/mapsly.com\/","logo":{"@type":"ImageObject","inLanguage":"es","@id":"https:\/\/mapsly.com\/#\/schema\/logo\/image\/","url":"https:\/\/mapsly.com\/wp-content\/uploads\/2025\/06\/Mapsly-Logo-2x-BIG.png","contentUrl":"https:\/\/mapsly.com\/wp-content\/uploads\/2025\/06\/Mapsly-Logo-2x-BIG.png","width":280,"height":85,"caption":"Mapsly"},"image":{"@id":"https:\/\/mapsly.com\/#\/schema\/logo\/image\/"}}]}},"_links":{"self":[{"href":"https:\/\/mapsly.com\/es\/wp-json\/wp\/v2\/pages\/306","targetHints":{"allow":["GET"]}}],"collection":[{"href":"https:\/\/mapsly.com\/es\/wp-json\/wp\/v2\/pages"}],"about":[{"href":"https:\/\/mapsly.com\/es\/wp-json\/wp\/v2\/types\/page"}],"author":[{"embeddable":true,"href":"https:\/\/mapsly.com\/es\/wp-json\/wp\/v2\/users\/1"}],"replies":[{"embeddable":true,"href":"https:\/\/mapsly.com\/es\/wp-json\/wp\/v2\/comments?post=306"}],"version-history":[{"count":10,"href":"https:\/\/mapsly.com\/es\/wp-json\/wp\/v2\/pages\/306\/revisions"}],"predecessor-version":[{"id":21970,"href":"https:\/\/mapsly.com\/es\/wp-json\/wp\/v2\/pages\/306\/revisions\/21970"}],"wp:attachment":[{"href":"https:\/\/mapsly.com\/es\/wp-json\/wp\/v2\/media?parent=306"}],"curies":[{"name":"wp","href":"https:\/\/api.w.org\/{rel}","templated":true}]}}