{"id":25452,"date":"2026-01-19T13:32:22","date_gmt":"2026-01-19T10:32:22","guid":{"rendered":"https:\/\/mapsly.com\/?page_id=25452"},"modified":"2026-01-28T17:01:37","modified_gmt":"2026-01-28T14:01:37","slug":"wizard-guidelines-for-odoo","status":"publish","type":"page","link":"https:\/\/mapsly.com\/es\/wizard-guidelines-for-odoo\/","title":{"rendered":"Gu\u00edas del asistente para odoo"},"content":{"rendered":"<div data-elementor-type=\"wp-page\" data-elementor-id=\"25452\" class=\"elementor elementor-25452\" data-elementor-post-type=\"page\">\n\t\t\t\t\t\t<section class=\"elementor-section elementor-top-section elementor-element elementor-element-7de1516 elementor-section-boxed elementor-section-height-default elementor-section-height-default\" data-id=\"7de1516\" data-element_type=\"section\" data-e-type=\"section\">\n\t\t\t\t\t\t<div class=\"elementor-container elementor-column-gap-default\">\n\t\t\t\t\t<div class=\"elementor-column elementor-col-100 elementor-top-column elementor-element elementor-element-1cc88704\" data-id=\"1cc88704\" data-element_type=\"column\" data-e-type=\"column\">\n\t\t\t<div class=\"elementor-widget-wrap elementor-element-populated\">\n\t\t\t\t\t\t<div class=\"elementor-element elementor-element-41416312 elementor-widget__width-initial elementor-widget elementor-widget-text-editor\" data-id=\"41416312\" data-element_type=\"widget\" data-e-type=\"widget\" data-widget_type=\"text-editor.default\">\n\t\t\t\t<div class=\"elementor-widget-container\">\n\t\t\t\t\t\t\t\t\t<p><strong>\u00a1Importante! API de Odoo Online<\/strong> no se puede llamar con m\u00e1s frecuencia que <strong>una vez por segundo<\/strong>, lo que ralentiza significativamente la asignaci\u00f3n autom\u00e1tica de territorios y las actualizaciones masivas de registros de Odoo desde Mapsly y puede causar retrasos significativos en la sincronizaci\u00f3n de actualizaciones desde Odoo hacia Mapsly.<\/p><p>Recomendamos usar <strong>Odoo On-Premise<\/strong>, ya que no impone limitaciones en el uso de la API. <a href=\"https:\/\/help.mapsly.com\/en\/articles\/9818984\" target=\"_blank\" rel=\"noopener\">Consulte esta gu\u00eda<\/a>\u00a0para conectar tu cuenta de Odoo On-Premise a Mapsly.<\/p><p>Para completar el proceso de registro, por favor proporcione el login y la contrase\u00f1a del administrador de Odoo, as\u00ed como la URL completa del servidor de Odoo.<span style=\"letter-spacing: 0px;\">RL\u00a0 incluyendo \u201chttps:\/\/\u201d<\/span><span style=\"letter-spacing: 0px;\">, <\/span><span style=\"letter-spacing: 0px;\">Nombre de la base de datos Odoo.<\/span><\/p><p>Siempre puede encontrar una gu\u00eda completa de instalaci\u00f3n para <a href=\"https:\/\/help.mapsly.com\/en\/articles\/4742994\" target=\"_blank\" rel=\"noopener\">Odoo en l\u00ednea<\/a> y <a href=\"https:\/\/help.mapsly.com\/en\/articles\/9818984\" target=\"_blank\" rel=\"noopener\">Odoo On-Premise<\/a> En Mapas<span style=\"letter-spacing: 0px;\">centro de ayuda ly.<\/span><\/p>\t\t\t\t\t\t\t\t<\/div>\n\t\t\t\t<\/div>\n\t\t\t\t\t<\/div>\n\t\t<\/div>\n\t\t\t\t\t<\/div>\n\t\t<\/section>\n\t\t\t\t<\/div>","protected":false},"excerpt":{"rendered":"<p>\u00a1Importante! La API de Odoo Online no puede ser llamada m\u00e1s de una vez por segundo, lo que ralentiza significativamente la asignaci\u00f3n autom\u00e1tica de territorios y las actualizaciones masivas de registros de Odoo desde Mapsly y puede causar retrasos significativos en la sincronizaci\u00f3n de actualizaciones de Odoo a Mapsly. Recomendamos usar Odoo On-Premise, ya que no impone limitaciones en [&hellip;]<\/p>","protected":false},"author":1,"featured_media":0,"parent":0,"menu_order":0,"comment_status":"closed","ping_status":"closed","template":"elementor_canvas","meta":{"_acf_changed":false,"footnotes":""},"class_list":["post-25452","page","type-page","status-publish","hentry"],"acf":[],"yoast_head":"<!-- This site is optimized with the Yoast SEO plugin v26.6 - https:\/\/yoast.com\/wordpress\/plugins\/seo\/ -->\n<title>Wizard guidelines for odoo - Mapsly<\/title>\n<meta name=\"robots\" content=\"index, follow, max-snippet:-1, max-image-preview:large, max-video-preview:-1\" \/>\n<link rel=\"canonical\" href=\"https:\/\/mapsly.com\/es\/wizard-guidelines-for-odoo\/\" \/>\n<meta property=\"og:locale\" content=\"es_ES\" \/>\n<meta property=\"og:type\" content=\"article\" \/>\n<meta property=\"og:title\" content=\"Wizard guidelines for odoo - Mapsly\" \/>\n<meta property=\"og:description\" content=\"Important! Odoo Online API cannot be called more frequently than once per second, which significantly slows down the automatic assignment of territories and mass updates of Odoo records from Mapsly and may cause significant delays in synchronization of updates from Odoo to Mapsly. We recommend using Odoo On-Premise, as it does not impose limitations on [&hellip;]\" \/>\n<meta property=\"og:url\" content=\"https:\/\/mapsly.com\/es\/wizard-guidelines-for-odoo\/\" \/>\n<meta property=\"og:site_name\" content=\"Mapsly\" \/>\n<meta property=\"article:modified_time\" content=\"2026-01-28T14:01:37+00:00\" \/>\n<meta name=\"twitter:card\" content=\"summary_large_image\" \/>\n<meta name=\"twitter:label1\" content=\"Tiempo de lectura\" \/>\n\t<meta name=\"twitter:data1\" content=\"1 minuto\" \/>\n<script type=\"application\/ld+json\" class=\"yoast-schema-graph\">{\"@context\":\"https:\/\/schema.org\",\"@graph\":[{\"@type\":\"WebPage\",\"@id\":\"https:\/\/mapsly.com\/fr\/wizard-guidelines-for-odoo\/\",\"url\":\"https:\/\/mapsly.com\/fr\/wizard-guidelines-for-odoo\/\",\"name\":\"Wizard guidelines for odoo - Mapsly\",\"isPartOf\":{\"@id\":\"https:\/\/mapsly.com\/#website\"},\"datePublished\":\"2026-01-19T10:32:22+00:00\",\"dateModified\":\"2026-01-28T14:01:37+00:00\",\"breadcrumb\":{\"@id\":\"https:\/\/mapsly.com\/fr\/wizard-guidelines-for-odoo\/#breadcrumb\"},\"inLanguage\":\"es\",\"potentialAction\":[{\"@type\":\"ReadAction\",\"target\":[\"https:\/\/mapsly.com\/fr\/wizard-guidelines-for-odoo\/\"]}]},{\"@type\":\"BreadcrumbList\",\"@id\":\"https:\/\/mapsly.com\/fr\/wizard-guidelines-for-odoo\/#breadcrumb\",\"itemListElement\":[{\"@type\":\"ListItem\",\"position\":1,\"name\":\"Home\",\"item\":\"https:\/\/mapsly.com\/\"},{\"@type\":\"ListItem\",\"position\":2,\"name\":\"Wizard guidelines for odoo\"}]},{\"@type\":\"WebSite\",\"@id\":\"https:\/\/mapsly.com\/#website\",\"url\":\"https:\/\/mapsly.com\/\",\"name\":\"Mapsly\",\"description\":\"The Ultimate CRM Map\",\"publisher\":{\"@id\":\"https:\/\/mapsly.com\/#organization\"},\"potentialAction\":[{\"@type\":\"SearchAction\",\"target\":{\"@type\":\"EntryPoint\",\"urlTemplate\":\"https:\/\/mapsly.com\/?s={search_term_string}\"},\"query-input\":{\"@type\":\"PropertyValueSpecification\",\"valueRequired\":true,\"valueName\":\"search_term_string\"}}],\"inLanguage\":\"es\"},{\"@type\":\"Organization\",\"@id\":\"https:\/\/mapsly.com\/#organization\",\"name\":\"Mapsly\",\"url\":\"https:\/\/mapsly.com\/\",\"logo\":{\"@type\":\"ImageObject\",\"inLanguage\":\"es\",\"@id\":\"https:\/\/mapsly.com\/#\/schema\/logo\/image\/\",\"url\":\"https:\/\/mapsly.com\/wp-content\/uploads\/2025\/06\/Mapsly-Logo-2x-BIG.png\",\"contentUrl\":\"https:\/\/mapsly.com\/wp-content\/uploads\/2025\/06\/Mapsly-Logo-2x-BIG.png\",\"width\":280,\"height\":85,\"caption\":\"Mapsly\"},\"image\":{\"@id\":\"https:\/\/mapsly.com\/#\/schema\/logo\/image\/\"}}]}<\/script>\n<!-- \/ Yoast SEO plugin. -->","yoast_head_json":{"title":"Directrices del asistente para odoo - Mapsly","robots":{"index":"index","follow":"follow","max-snippet":"max-snippet:-1","max-image-preview":"max-image-preview:large","max-video-preview":"max-video-preview:-1"},"canonical":"https:\/\/mapsly.com\/es\/wizard-guidelines-for-odoo\/","og_locale":"es_ES","og_type":"article","og_title":"Wizard guidelines for odoo - Mapsly","og_description":"Important! Odoo Online API cannot be called more frequently than once per second, which significantly slows down the automatic assignment of territories and mass updates of Odoo records from Mapsly and may cause significant delays in synchronization of updates from Odoo to Mapsly. We recommend using Odoo On-Premise, as it does not impose limitations on [&hellip;]","og_url":"https:\/\/mapsly.com\/es\/wizard-guidelines-for-odoo\/","og_site_name":"Mapsly","article_modified_time":"2026-01-28T14:01:37+00:00","twitter_card":"summary_large_image","twitter_misc":{"Tiempo de lectura":"1 minuto"},"schema":{"@context":"https:\/\/schema.org","@graph":[{"@type":"WebPage","@id":"https:\/\/mapsly.com\/fr\/wizard-guidelines-for-odoo\/","url":"https:\/\/mapsly.com\/fr\/wizard-guidelines-for-odoo\/","name":"Directrices del asistente para odoo - Mapsly","isPartOf":{"@id":"https:\/\/mapsly.com\/#website"},"datePublished":"2026-01-19T10:32:22+00:00","dateModified":"2026-01-28T14:01:37+00:00","breadcrumb":{"@id":"https:\/\/mapsly.com\/fr\/wizard-guidelines-for-odoo\/#breadcrumb"},"inLanguage":"es","potentialAction":[{"@type":"ReadAction","target":["https:\/\/mapsly.com\/fr\/wizard-guidelines-for-odoo\/"]}]},{"@type":"BreadcrumbList","@id":"https:\/\/mapsly.com\/fr\/wizard-guidelines-for-odoo\/#breadcrumb","itemListElement":[{"@type":"ListItem","position":1,"name":"Home","item":"https:\/\/mapsly.com\/"},{"@type":"ListItem","position":2,"name":"Wizard guidelines for odoo"}]},{"@type":"WebSite","@id":"https:\/\/mapsly.com\/#website","url":"https:\/\/mapsly.com\/","name":"Mapsly","description":"El mapa CRM definitivo","publisher":{"@id":"https:\/\/mapsly.com\/#organization"},"potentialAction":[{"@type":"SearchAction","target":{"@type":"EntryPoint","urlTemplate":"https:\/\/mapsly.com\/?s={search_term_string}"},"query-input":{"@type":"PropertyValueSpecification","valueRequired":true,"valueName":"search_term_string"}}],"inLanguage":"es"},{"@type":"Organization","@id":"https:\/\/mapsly.com\/#organization","name":"Mapsly","url":"https:\/\/mapsly.com\/","logo":{"@type":"ImageObject","inLanguage":"es","@id":"https:\/\/mapsly.com\/#\/schema\/logo\/image\/","url":"https:\/\/mapsly.com\/wp-content\/uploads\/2025\/06\/Mapsly-Logo-2x-BIG.png","contentUrl":"https:\/\/mapsly.com\/wp-content\/uploads\/2025\/06\/Mapsly-Logo-2x-BIG.png","width":280,"height":85,"caption":"Mapsly"},"image":{"@id":"https:\/\/mapsly.com\/#\/schema\/logo\/image\/"}}]}},"_links":{"self":[{"href":"https:\/\/mapsly.com\/es\/wp-json\/wp\/v2\/pages\/25452","targetHints":{"allow":["GET"]}}],"collection":[{"href":"https:\/\/mapsly.com\/es\/wp-json\/wp\/v2\/pages"}],"about":[{"href":"https:\/\/mapsly.com\/es\/wp-json\/wp\/v2\/types\/page"}],"author":[{"embeddable":true,"href":"https:\/\/mapsly.com\/es\/wp-json\/wp\/v2\/users\/1"}],"replies":[{"embeddable":true,"href":"https:\/\/mapsly.com\/es\/wp-json\/wp\/v2\/comments?post=25452"}],"version-history":[{"count":22,"href":"https:\/\/mapsly.com\/es\/wp-json\/wp\/v2\/pages\/25452\/revisions"}],"predecessor-version":[{"id":25784,"href":"https:\/\/mapsly.com\/es\/wp-json\/wp\/v2\/pages\/25452\/revisions\/25784"}],"wp:attachment":[{"href":"https:\/\/mapsly.com\/es\/wp-json\/wp\/v2\/media?parent=25452"}],"curies":[{"name":"wp","href":"https:\/\/api.w.org\/{rel}","templated":true}]}}