{"id":25073,"date":"2025-12-16T13:05:31","date_gmt":"2025-12-16T10:05:31","guid":{"rendered":"https:\/\/mapsly.com\/?page_id=25073"},"modified":"2025-12-16T13:47:19","modified_gmt":"2025-12-16T10:47:19","slug":"third-parties","status":"publish","type":"page","link":"https:\/\/mapsly.com\/es\/third-parties\/","title":{"rendered":"Dominios de terceros Mapsly"},"content":{"rendered":"<div data-elementor-type=\"wp-page\" data-elementor-id=\"25073\" class=\"elementor elementor-25073\" data-elementor-post-type=\"page\">\n\t\t\t\t<div class=\"elementor-element elementor-element-2c9b9e96 e-flex e-con-boxed e-con e-parent\" data-id=\"2c9b9e96\" data-element_type=\"container\" data-e-type=\"container\">\n\t\t\t\t\t<div class=\"e-con-inner\">\n\t\t\t\t<div class=\"elementor-element elementor-element-1e009f10 elementor-widget elementor-widget-text-editor\" data-id=\"1e009f10\" data-element_type=\"widget\" data-e-type=\"widget\" data-widget_type=\"text-editor.default\">\n\t\t\t\t<div class=\"elementor-widget-container\">\n\t\t\t\t\t\t\t\t\t\n<h2 class=\"wp-block-heading\">Proveedores de Servicios de Terceros y Dominios<\/h2>\n\n<p data-start=\"217\" data-end=\"577\">Mapsly utiliza proveedores de servicios externos de confianza para apoyar la operaci\u00f3n, entrega, seguridad y mejora de las Ofertas Mapsly. Estos proveedores act\u00faan como proveedores de servicios (o subprocesadores) y procesan informaci\u00f3n personal \u00fanica y exclusivamente en nombre de Mapsly, de acuerdo con las instrucciones de Mapsly, la Pol\u00edtica de Privacidad de Mapsly y las leyes de protecci\u00f3n de datos aplicables.<\/p>\n<p data-start=\"579\" data-end=\"807\">El acceso a la informaci\u00f3n personal por parte de estos proveedores se limita a lo necesario para llevar a cabo sus respectivos servicios. Mapsly no vende ni comparte informaci\u00f3n personal con terceros para fines publicitarios o de marketing.<\/p>\n\t\t\t\t\t\t\t\t<\/div>\n\t\t\t\t<\/div>\n\t\t\t\t\t<\/div>\n\t\t\t\t<\/div>\n\t\t<div class=\"elementor-element elementor-element-d300b23 e-grid e-con-boxed e-con e-parent\" data-id=\"d300b23\" data-element_type=\"container\" data-e-type=\"container\">\n\t\t\t\t\t<div class=\"e-con-inner\">\n\t\t<div class=\"elementor-element elementor-element-3053a46 e-con-full e-flex e-con e-child\" data-id=\"3053a46\" data-element_type=\"container\" data-e-type=\"container\">\n\t\t\t\t<div class=\"elementor-element elementor-element-b3584dd elementor-widget-tablet_extra__width-initial elementor-widget elementor-widget-text-editor\" data-id=\"b3584dd\" data-element_type=\"widget\" data-e-type=\"widget\" data-widget_type=\"text-editor.default\">\n\t\t\t\t<div class=\"elementor-widget-container\">\n\t\t\t\t\t\t\t\t\t<p><strong>Anal\u00edtica de UX<\/strong><br \/>LogRocket<br \/>*.logr-ingest.com<br \/>cdn.lr-in-prod.com<br \/>r.lr-in-prod.com<\/p>\n<p><strong>Monitoreo de errores<\/strong><br \/>Sentry<br \/>o298580.ingest.sentry.io<\/p>\n<p><strong>Facturaci\u00f3n y pagos<\/strong><br \/>pala<br \/>buy.paddle.com<br \/>cdn.paddle.com<br \/>sandbox-buy.paddle.com<br \/>sandbox-cdn.paddle.com<\/p>\n<p><strong>Atenci\u00f3n al cliente &amp; comunicaciones<\/strong><br \/>Intercom<br \/>widget.intercom.io<br \/>js.intercomcdn.com<br \/>static.intercomassets.com<br \/>fonts.intercomcdn.com<br \/>api-iam.intercom.io<br \/>nexus-websocket-a.intercom.io<br \/>mapsly.intercom-attachments-1.com<\/p>\n<p>HubSpot<br \/>js.hs-banner.com<br \/>js.hs-scripts.com<br \/>js.hscollectedforms.net<\/p>\n<p><strong>Incorporaci\u00f3n de usuarios &amp; recorridos por el producto<\/strong><br \/>Userpilot<br \/>js.userpilot.io<br \/>analytex-eu.userpilot.io<br \/>find.userpilot.io<\/p>\n<p><strong>Programaci\u00f3n &amp; integraci\u00f3n de calendario<\/strong><br \/>team-itemextension.swevenbox.com<\/p>\t\t\t\t\t\t\t\t<\/div>\n\t\t\t\t<\/div>\n\t\t\t\t<\/div>\n\t\t<div class=\"elementor-element elementor-element-e90717d e-con-full e-flex e-con e-child\" data-id=\"e90717d\" data-element_type=\"container\" data-e-type=\"container\">\n\t\t\t\t<div class=\"elementor-element elementor-element-9f8c111 elementor-widget elementor-widget-text-editor\" data-id=\"9f8c111\" data-element_type=\"widget\" data-e-type=\"widget\" data-widget_type=\"text-editor.default\">\n\t\t\t\t<div class=\"elementor-widget-container\">\n\t\t\t\t\t\t\t\t\t<p><strong>Mapeo y geocodificaci\u00f3n<\/strong><br \/>Mapbox<br \/>api.mapbox.com<br \/>api.tiles.mapbox.com<\/p>\n<p>Google Maps<br \/>maps.googleapis.com<br \/>*.googleapis.com<\/p>\n<p><strong>Baldosas del mapa<\/strong><br \/>OpenStreetMap<br \/>*.tile.openstreetmap.org<\/p>\n<p>CARTO<br \/>*.basemaps.cartocdn.com<\/p>\n<p><strong>Mapeo y enrutamiento<\/strong><br \/>AQU\u00cd<br \/>2.base.maps.ls.hereapi.com<br \/>2.aerial.maps.ls.hereapi.com<\/p>\n<p><strong>Geolocalizaci\u00f3n IP<\/strong><br \/>ipapi<br \/>ipapi.co<\/p>\n<p><strong>Alojamiento &amp; distribuci\u00f3n de v\u00eddeo<\/strong><br \/>Wistia<br \/>fast.wistia.com<br \/>fast.wistia.net<\/p>\n<p><strong>CDN \/ bibliotecas de c\u00f3digo abierto<\/strong><br \/>jsDelivr<br \/>cdn.jsdelivr.net<br \/>cdn.lordicon.com<br \/>kit.fontawesome.com<br \/>kit-pro.fontawesome.com<br \/>assets.apollo.io<\/p>\n<p><strong>Almacenamiento en la nube &amp; hosting<\/strong><br \/>Amazon Web Services (AWS)<br \/>mapsly-files.s3.amazonaws.com<br \/>mapsly-mediaconvert-out.s3.amazonaws.com<\/p>\t\t\t\t\t\t\t\t<\/div>\n\t\t\t\t<\/div>\n\t\t\t\t<\/div>\n\t\t\t\t\t<\/div>\n\t\t\t\t<\/div>\n\t\t\t\t<\/div>","protected":false},"excerpt":{"rendered":"<p>Proveedores y Dominios de Servicios de Terceros \u2013 Mapsly utiliza proveedores de servicios de terceros confiables para respaldar el funcionamiento, la entrega, la seguridad y la mejora de las Ofertas de Mapsly. Estos proveedores act\u00faan como prestadores de servicios (o subprocesadores) y procesan la informaci\u00f3n personal \u00fanicamente en nombre de Mapsly, de acuerdo con las instrucciones de Mapsly, la Pol\u00edtica de Privacidad de Mapsly y las leyes de protecci\u00f3n de datos aplicables. Acceso a datos personales [...]<\/p>","protected":false},"author":1,"featured_media":0,"parent":0,"menu_order":0,"comment_status":"closed","ping_status":"closed","template":"","meta":{"_acf_changed":false,"footnotes":""},"class_list":["post-25073","page","type-page","status-publish","hentry"],"acf":[],"yoast_head":"<!-- This site is optimized with the Yoast SEO plugin v26.6 - https:\/\/yoast.com\/wordpress\/plugins\/seo\/ -->\n<title>Mapsly Third-Party Domains - Mapsly<\/title>\n<meta name=\"robots\" content=\"index, follow, max-snippet:-1, max-image-preview:large, max-video-preview:-1\" \/>\n<link rel=\"canonical\" href=\"https:\/\/mapsly.com\/es\/third-parties\/\" \/>\n<meta property=\"og:locale\" content=\"es_ES\" \/>\n<meta property=\"og:type\" content=\"article\" \/>\n<meta property=\"og:title\" content=\"Mapsly Third-Party Domains - Mapsly\" \/>\n<meta property=\"og:description\" content=\"Third-Party Service Providers and Domains Mapsly uses trusted third-party service providers to support the operation, delivery, security, and improvement of the Mapsly Offerings. These providers act as service providers (or subprocessors) and process personal information solely on Mapsly\u2019s behalf, in accordance with Mapsly\u2019s instructions, Mapsly\u2019s Privacy Policy, and applicable data protection laws. Access to personal [&hellip;]\" \/>\n<meta property=\"og:url\" content=\"https:\/\/mapsly.com\/es\/third-parties\/\" \/>\n<meta property=\"og:site_name\" content=\"Mapsly\" \/>\n<meta property=\"article:modified_time\" content=\"2025-12-16T10:47:19+00:00\" \/>\n<meta name=\"twitter:card\" content=\"summary_large_image\" \/>\n<meta name=\"twitter:label1\" content=\"Tiempo de lectura\" \/>\n\t<meta name=\"twitter:data1\" content=\"1 minuto\" \/>\n<script type=\"application\/ld+json\" class=\"yoast-schema-graph\">{\"@context\":\"https:\/\/schema.org\",\"@graph\":[{\"@type\":\"WebPage\",\"@id\":\"https:\/\/mapsly.com\/pt\/third-parties\/\",\"url\":\"https:\/\/mapsly.com\/pt\/third-parties\/\",\"name\":\"Mapsly Third-Party Domains - Mapsly\",\"isPartOf\":{\"@id\":\"https:\/\/mapsly.com\/#website\"},\"datePublished\":\"2025-12-16T10:05:31+00:00\",\"dateModified\":\"2025-12-16T10:47:19+00:00\",\"breadcrumb\":{\"@id\":\"https:\/\/mapsly.com\/pt\/third-parties\/#breadcrumb\"},\"inLanguage\":\"es\",\"potentialAction\":[{\"@type\":\"ReadAction\",\"target\":[\"https:\/\/mapsly.com\/pt\/third-parties\/\"]}]},{\"@type\":\"BreadcrumbList\",\"@id\":\"https:\/\/mapsly.com\/pt\/third-parties\/#breadcrumb\",\"itemListElement\":[{\"@type\":\"ListItem\",\"position\":1,\"name\":\"Home\",\"item\":\"https:\/\/mapsly.com\/\"},{\"@type\":\"ListItem\",\"position\":2,\"name\":\"Mapsly Third-Party Domains\"}]},{\"@type\":\"WebSite\",\"@id\":\"https:\/\/mapsly.com\/#website\",\"url\":\"https:\/\/mapsly.com\/\",\"name\":\"Mapsly\",\"description\":\"The Ultimate CRM Map\",\"publisher\":{\"@id\":\"https:\/\/mapsly.com\/#organization\"},\"potentialAction\":[{\"@type\":\"SearchAction\",\"target\":{\"@type\":\"EntryPoint\",\"urlTemplate\":\"https:\/\/mapsly.com\/?s={search_term_string}\"},\"query-input\":{\"@type\":\"PropertyValueSpecification\",\"valueRequired\":true,\"valueName\":\"search_term_string\"}}],\"inLanguage\":\"es\"},{\"@type\":\"Organization\",\"@id\":\"https:\/\/mapsly.com\/#organization\",\"name\":\"Mapsly\",\"url\":\"https:\/\/mapsly.com\/\",\"logo\":{\"@type\":\"ImageObject\",\"inLanguage\":\"es\",\"@id\":\"https:\/\/mapsly.com\/#\/schema\/logo\/image\/\",\"url\":\"https:\/\/mapsly.com\/wp-content\/uploads\/2025\/06\/Mapsly-Logo-2x-BIG.png\",\"contentUrl\":\"https:\/\/mapsly.com\/wp-content\/uploads\/2025\/06\/Mapsly-Logo-2x-BIG.png\",\"width\":280,\"height\":85,\"caption\":\"Mapsly\"},\"image\":{\"@id\":\"https:\/\/mapsly.com\/#\/schema\/logo\/image\/\"}}]}<\/script>\n<!-- \/ Yoast SEO plugin. -->","yoast_head_json":{"title":"Mapsly Dominios de Terceros - Mapsly","robots":{"index":"index","follow":"follow","max-snippet":"max-snippet:-1","max-image-preview":"max-image-preview:large","max-video-preview":"max-video-preview:-1"},"canonical":"https:\/\/mapsly.com\/es\/third-parties\/","og_locale":"es_ES","og_type":"article","og_title":"Mapsly Third-Party Domains - Mapsly","og_description":"Third-Party Service Providers and Domains Mapsly uses trusted third-party service providers to support the operation, delivery, security, and improvement of the Mapsly Offerings. These providers act as service providers (or subprocessors) and process personal information solely on Mapsly\u2019s behalf, in accordance with Mapsly\u2019s instructions, Mapsly\u2019s Privacy Policy, and applicable data protection laws. Access to personal [&hellip;]","og_url":"https:\/\/mapsly.com\/es\/third-parties\/","og_site_name":"Mapsly","article_modified_time":"2025-12-16T10:47:19+00:00","twitter_card":"summary_large_image","twitter_misc":{"Tiempo de lectura":"1 minuto"},"schema":{"@context":"https:\/\/schema.org","@graph":[{"@type":"WebPage","@id":"https:\/\/mapsly.com\/pt\/third-parties\/","url":"https:\/\/mapsly.com\/pt\/third-parties\/","name":"Mapsly Dominios de Terceros - Mapsly","isPartOf":{"@id":"https:\/\/mapsly.com\/#website"},"datePublished":"2025-12-16T10:05:31+00:00","dateModified":"2025-12-16T10:47:19+00:00","breadcrumb":{"@id":"https:\/\/mapsly.com\/pt\/third-parties\/#breadcrumb"},"inLanguage":"es","potentialAction":[{"@type":"ReadAction","target":["https:\/\/mapsly.com\/pt\/third-parties\/"]}]},{"@type":"BreadcrumbList","@id":"https:\/\/mapsly.com\/pt\/third-parties\/#breadcrumb","itemListElement":[{"@type":"ListItem","position":1,"name":"Home","item":"https:\/\/mapsly.com\/"},{"@type":"ListItem","position":2,"name":"Mapsly Third-Party Domains"}]},{"@type":"WebSite","@id":"https:\/\/mapsly.com\/#website","url":"https:\/\/mapsly.com\/","name":"Mapsly","description":"El Mapa Definitivo de CRM","publisher":{"@id":"https:\/\/mapsly.com\/#organization"},"potentialAction":[{"@type":"SearchAction","target":{"@type":"EntryPoint","urlTemplate":"https:\/\/mapsly.com\/?s={search_term_string}"},"query-input":{"@type":"PropertyValueSpecification","valueRequired":true,"valueName":"search_term_string"}}],"inLanguage":"es"},{"@type":"Organization","@id":"https:\/\/mapsly.com\/#organization","name":"Mapsly","url":"https:\/\/mapsly.com\/","logo":{"@type":"ImageObject","inLanguage":"es","@id":"https:\/\/mapsly.com\/#\/schema\/logo\/image\/","url":"https:\/\/mapsly.com\/wp-content\/uploads\/2025\/06\/Mapsly-Logo-2x-BIG.png","contentUrl":"https:\/\/mapsly.com\/wp-content\/uploads\/2025\/06\/Mapsly-Logo-2x-BIG.png","width":280,"height":85,"caption":"Mapsly"},"image":{"@id":"https:\/\/mapsly.com\/#\/schema\/logo\/image\/"}}]}},"_links":{"self":[{"href":"https:\/\/mapsly.com\/es\/wp-json\/wp\/v2\/pages\/25073","targetHints":{"allow":["GET"]}}],"collection":[{"href":"https:\/\/mapsly.com\/es\/wp-json\/wp\/v2\/pages"}],"about":[{"href":"https:\/\/mapsly.com\/es\/wp-json\/wp\/v2\/types\/page"}],"author":[{"embeddable":true,"href":"https:\/\/mapsly.com\/es\/wp-json\/wp\/v2\/users\/1"}],"replies":[{"embeddable":true,"href":"https:\/\/mapsly.com\/es\/wp-json\/wp\/v2\/comments?post=25073"}],"version-history":[{"count":10,"href":"https:\/\/mapsly.com\/es\/wp-json\/wp\/v2\/pages\/25073\/revisions"}],"predecessor-version":[{"id":25094,"href":"https:\/\/mapsly.com\/es\/wp-json\/wp\/v2\/pages\/25073\/revisions\/25094"}],"wp:attachment":[{"href":"https:\/\/mapsly.com\/es\/wp-json\/wp\/v2\/media?parent=25073"}],"curies":[{"name":"wp","href":"https:\/\/api.w.org\/{rel}","templated":true}]}}