{"id":434,"date":"2025-06-26T17:07:19","date_gmt":"2025-06-26T14:07:19","guid":{"rendered":"https:\/\/mapsly.com?page_id=434"},"modified":"2025-12-16T14:43:25","modified_gmt":"2025-12-16T11:43:25","slug":"field-routing-for-service-agents-with-check-in","status":"publish","type":"page","link":"https:\/\/mapsly.com\/de\/field-routing-for-service-agents-with-check-in\/","title":{"rendered":"Anwendungsszenario: Au\u00dfendienst-Routenplanung f\u00fcr Servicemitarbeiter"},"content":{"rendered":"<div data-elementor-type=\"wp-page\" data-elementor-id=\"434\" class=\"elementor elementor-434\" data-elementor-post-type=\"page\">\n\t\t\t\t<div class=\"elementor-element elementor-element-4e31283 e-flex e-con-boxed e-con e-parent\" data-id=\"4e31283\" data-element_type=\"container\" data-e-type=\"container\">\n\t\t\t\t\t<div class=\"e-con-inner\">\n\t\t\t\t<div class=\"elementor-element elementor-element-67f249e elementor-widget elementor-widget-heading\" data-id=\"67f249e\" data-element_type=\"widget\" data-e-type=\"widget\" data-widget_type=\"heading.default\">\n\t\t\t\t<div class=\"elementor-widget-container\">\n\t\t\t\t\t<h1 class=\"elementor-heading-title elementor-size-default\">Anwendungsszenario: Au\u00dfendienst-Routenplanung f\u00fcr Servicemitarbeiter\n<\/h1>\t\t\t\t<\/div>\n\t\t\t\t<\/div>\n\t\t\t\t<div class=\"elementor-element elementor-element-44c7740 elementor-widget elementor-widget-heading\" data-id=\"44c7740\" data-element_type=\"widget\" data-e-type=\"widget\" data-widget_type=\"heading.default\">\n\t\t\t\t<div class=\"elementor-widget-container\">\n\t\t\t\t\t<p class=\"elementor-heading-title elementor-size-default\">Diese Fallstudie demonstriert ein Szenario, in dem ein Serviceagent zu seinen heutigen Auftr\u00e4gen navigiert.\n<\/p>\t\t\t\t<\/div>\n\t\t\t\t<\/div>\n\t\t\t\t\t<\/div>\n\t\t\t\t<\/div>\n\t\t<div class=\"elementor-element elementor-element-4942fd63 e-flex e-con-boxed e-con e-parent\" data-id=\"4942fd63\" data-element_type=\"container\" data-e-type=\"container\">\n\t\t\t\t\t<div class=\"e-con-inner\">\n\t\t\t\t<div class=\"elementor-element elementor-element-58dfee1 elementor-widget elementor-widget-video\" data-id=\"58dfee1\" data-element_type=\"widget\" data-e-type=\"widget\" data-settings=\"{&quot;youtube_url&quot;:&quot;https:\\\/\\\/youtu.be\\\/DSWejED2d6s&quot;,&quot;video_type&quot;:&quot;youtube&quot;,&quot;controls&quot;:&quot;yes&quot;}\" data-widget_type=\"video.default\">\n\t\t\t\t<div class=\"elementor-widget-container\">\n\t\t\t\t\t\t\t<div class=\"elementor-wrapper elementor-open-inline\">\n\t\t\t<div class=\"elementor-video\"><\/div>\t\t<\/div>\n\t\t\t\t\t\t<\/div>\n\t\t\t\t<\/div>\n\t\t\t\t<div class=\"elementor-element elementor-element-5a5590b elementor-widget elementor-widget-text-editor\" data-id=\"5a5590b\" data-element_type=\"widget\" data-e-type=\"widget\" data-widget_type=\"text-editor.default\">\n\t\t\t\t<div class=\"elementor-widget-container\">\n\t\t\t\t\t\t\t\t\t<p>\u00a0<\/p>\n\n<h2 class=\"wp-block-heading\">Demonstrierte Funktionen<\/h2>\n\n<p>Dieses Demovideo zeigt Mapsly-Funktionen f\u00fcr Au\u00dfendienstmitarbeiter (z. B. Vertriebsmitarbeiter oder Serviceteams):<\/p>\n\n<ol class=\"wp-block-list\">\n<li>Mobile-App.<\/li>\n<li>Benutzerdefinierte Kartenebenen.<\/li>\n<li>Optimierte Routenf\u00fchrung.<\/li>\n<li>Reisemodus.<\/li>\n<li>Ein- und Auschecken bei einem Auftrag.<\/li>\n<li>Navigation mit einem Klick.<\/li>\n<li>Integration zwischen Mapsly und der CRM-Mobil-App (in diesem Beispiel Zoho CRM Mobile App).<\/li>\n<\/ol>\n\n<h2 class=\"wp-block-heading\">Benutzeraktionen im Video (Schritt f\u00fcr Schritt)<\/h2>\n\n<p>In diesem Szenario wird ein Agent (der m\u00f6glicherweise ein CRM-Nutzer ist oder auch nicht) zugewiesen. <em>Serviceauftr\u00e4ge<\/em>In Mapsly hat der Vorgesetzte des Agenten mehrere Kartenschichten vorkonfiguriert, die nur Auftr\u00e4ge anzeigen, die dem Agenten zugewiesen sind:<\/p>\n\n<ol class=\"wp-block-list\">\n<li><strong>Heutige Auftr\u00e4ge <\/strong>rote Marker<\/li>\n<li><strong>Jobs von morgen <\/strong>(orange Marker)<\/li>\n<li>und <strong>Andere Jobs <\/strong>input=(gr\u00fcne Markierungen).<\/li>\n<\/ol>\n\n<p>Der Agent blendet alle Ebenen au\u00dfer 'Today\u2019s jobs' aus und verwendet das Routing-Lasso-Tool, um alle heutigen Auftr\u00e4ge im Routenfenster hinzuzuf\u00fcgen. Anschlie\u00dfend erstellt er eine optimierte Route von seinem Standardstandort ('Home') zu einem zuvor gespeicherten Standort ('Office'), wobei der aktuelle Verkehr ber\u00fccksichtigt wird, und wechselt dann in den 'Trip mode', um der Route zu folgen.<\/p>\n\n<p>Das Waypoint-Panel des Trip-Modus zeigt die Route zur ersten Haltestelle an, und der Agent klickt auf \u201eNavigate\u201c, um zum Ziel zu navigieren using <strong>Waze<\/strong>. <em>Abgesehen von Waze k\u00f6nnen sie auch mit Google Maps oder Apple Maps navigieren.<\/em><\/p>\n\n<p>Wenn der Agent am Standort des ersten Auftrags ankommt, checkt er den Auftrag ein, indem er auf das klickt <strong>Auftrag starten<\/strong> Schaltfl\u00e4che und Notizen eingeben, die sofort zusammen mit dem Job-Datensatz im CRM gespeichert werden, zusammen mit dem <em>Standort des Agenten<\/em>, <em>Entfernung <\/em>vom Standort des Auftrags und dem \u201eVerified: Yes\u201c-Flag, das best\u00e4tigt, dass der Agent innerhalb eines Viertelmiles (oder km, je nach den Distanzeinheiten Ihres Mapsly-Kontos) vom Standort des Auftrags liegt.<\/p>\n\n<p>Sobald der Agent den Auftrag abgeschlossen hat, checkt er den Auftrag aus, indem er auf das klickt <strong>Job beenden<\/strong> Button und f\u00fclle die Notizen aus, die sind, genau wie im Fall von <strong>Auftrag starten<\/strong> input=process, wird auch sofort in der Auftragsakte im CRM zusammen mit dem aktuellen Standort des Agenten, der Entfernung zum Einsatzort, dem \u201eVerified: Yes\u201c-Flag, der die Anwesenheit des Agenten vor Ort best\u00e4tigt, sowie der tats\u00e4chlichen Auftragsdauer gespeichert.<\/p>\n\n<p>Dann klickt der Agent auf das <strong>Als besucht markieren<\/strong> auf dem aktuellen Routen-Wegpunkt, um ihn aus der aktuellen Route zu entfernen und die Route von ihrem aktuellen Standort zum n\u00e4chsten Auftrag neu zu berechnen, was auch die voraussichtliche Ankunftszeit (ETA) f\u00fcr alle verbleibenden Auftr\u00e4ge aktualisiert.<\/p>\n\n<p>Dann klickt der Agent auf das <strong>In Zoho CRM \u00f6ffnen<\/strong> Schaltfl\u00e4che zum \u00d6ffnen des Auftragsdatensatzes in der Zoho CRM Mobile App. <em>Bitte beachten Sie, dass diese Funktion nur verf\u00fcgbar ist, wenn der Benutzer ein Zoho CRM-Benutzer ist, der in seiner Zoho CRM Mobile App angemeldet ist. Mapsly funktioniert in gleicher Weise mit mobilen Apps anderer CRMs.<\/em><\/p>\n\n<p><strong>Auftrag starten<\/strong> und <strong>Job beenden<\/strong> in diesem Demo-Szenario werden benutzerdefinierte Prozesse mit dem gebaut <a href=\"\/de\/automation\/\">Mapsly Automatisierungs-Suite<\/a>bestehend aus einem benutzerdefinierten Button, der in das Men\u00fc des benutzerdefinierten Objekts Waypoint des Service-Jobs eingebettet ist, einem Formular mit einem Notizen-Feld und einem <em>Datensatz aktualisieren<\/em> Aktion, die Daten in Echtzeit im CRM-Datensatz des Jobs speichert. Der Prozess kann so angepasst werden, dass neue Check-in\/Check-out-Aufzeichnungen, Zeitleistenereignisse, Meetings erstellt, E-Mails oder Textnachrichten gesendet oder jede andere Aktionsfolge, die in der Automatisierungs-Suite verf\u00fcgbar ist, einbezogen wird.<\/p>\n\n<p>Optionalerweise k\u00f6nnen Agenten daran gehindert werden, sich bei einem Auftrag ein- oder auszuchecken, wenn sie zu weit vom Einsatzort entfernt sind.<\/p>\n\n<p>Au\u00dferdem m\u00fcssen Sie m\u00f6glicherweise verlangen, dass Agenten aktiviert werden. <a href=\"\/de\/check-in-check-out-with-geofencing\/\">Standortverfolgung<\/a> So konnte der Vorgesetzte des Teams deren Echtzeitposition auf der Karte sowie den Verlauf ihrer Bewegungen sehen.<\/p>\n\n<figure class=\"wp-block-pullquote\">\n<blockquote>\n<p>Das Mapsly-Implementierungsteam richtet den Check-in- und Check-out-Prozess ein und schult Ihr Vertriebsteam, damit Sie Mapsly optimal nutzen k\u00f6nnen und sich auf Ihr Kerngesch\u00e4ft konzentrieren k\u00f6nnen. <br \/><a href=\"https:\/\/calendly.com\/mapsly-meeting\/quick-demo\" target=\"_blank\" rel=\"noopener\">Planen Sie noch heute einen Webcall<\/a>.<\/p>\n<cite>Oder fragen Sie uns im Chat alles, wir sind immer online<\/cite><\/blockquote>\n<\/figure>\n\n<h2 class=\"wp-block-heading\">Mehr erfahren<\/h2>\n\n<ul class=\"wp-block-list\">\n<li><a href=\"\/de\/automation\/\">Mapsly Automatisierungs-Suite<\/a><\/li>\n<li><a href=\"\/de\/check-in-check-out-with-geofencing\/\">Konfigurierbares Ein- und Auschecken mit Standort\u00fcberpr\u00fcfung<\/a><\/li>\n<li><a href=\"\/de\/user-location-tracking\/\">Benutzerortverfolgung und Bewegungsverlauf<\/a><\/li>\n<\/ul>\n\n<div class=\"wp-block-spacer\" style=\"height: 100px;\" aria-hidden=\"true\">\u00a0<\/div>\n\t\t\t\t\t\t\t\t<\/div>\n\t\t\t\t<\/div>\n\t\t\t\t\t<\/div>\n\t\t\t\t<\/div>\n\t\t\t\t<\/div>","protected":false},"excerpt":{"rendered":"<p>Use Scenario: Field Routing for Service Agents Dieser Fallstudie demonstriert ein Szenario, in dem ein Servicemitarbeiter zu seinen heutigen Eins\u00e4tzen navigiert https:\/\/youtu.be\/DSWejED2d6s\n\nDemonstrierte Funktionen\nDieses Demo-Video zeigt Mapsly-Funktionen f\u00fcr Au\u00dfendienstmitarbeiter (wie Vertriebsmitarbeiter oder Serviceteams): Mobile App. Benutzerdefinierte Kartenebenen. Optimierte Routenplanung. Trip-Modus. Check-in und [&hellip;]<\/p>","protected":false},"author":1,"featured_media":0,"parent":0,"menu_order":0,"comment_status":"closed","ping_status":"closed","template":"elementor_header_footer","meta":{"_acf_changed":false,"footnotes":""},"class_list":["post-434","page","type-page","status-publish","hentry"],"acf":[],"yoast_head":"<!-- This site is optimized with the Yoast SEO plugin v26.6 - https:\/\/yoast.com\/wordpress\/plugins\/seo\/ -->\n<title>Use Scenario: Field Routing for Service Agents - Mapsly<\/title>\n<meta name=\"robots\" content=\"index, follow, max-snippet:-1, max-image-preview:large, max-video-preview:-1\" \/>\n<link rel=\"canonical\" href=\"https:\/\/mapsly.com\/de\/field-routing-for-service-agents-with-check-in\/\" \/>\n<meta property=\"og:locale\" content=\"de_DE\" \/>\n<meta property=\"og:type\" content=\"article\" \/>\n<meta property=\"og:title\" content=\"Use Scenario: Field Routing for Service Agents - Mapsly\" \/>\n<meta property=\"og:description\" content=\"Use Scenario: Field Routing for Service Agents This case study demonstrates a scenario in which a service agent navigates to their today\u2019s jobs https:\/\/youtu.be\/DSWejED2d6s \u00a0 Demonstrated features This demo video showcases Mapsly features for field agents (like sales reps or service teams): Mobile app. Custom map layers. Optimized routing. Trip mode. Checking in to and [&hellip;]\" \/>\n<meta property=\"og:url\" content=\"https:\/\/mapsly.com\/de\/field-routing-for-service-agents-with-check-in\/\" \/>\n<meta property=\"og:site_name\" content=\"Mapsly\" \/>\n<meta property=\"article:modified_time\" content=\"2025-12-16T11:43:25+00:00\" \/>\n<meta name=\"twitter:card\" content=\"summary_large_image\" \/>\n<meta name=\"twitter:label1\" content=\"Gesch\u00e4tzte Lesezeit\" \/>\n\t<meta name=\"twitter:data1\" content=\"3\u00a0Minuten\" \/>\n<script type=\"application\/ld+json\" class=\"yoast-schema-graph\">{\"@context\":\"https:\/\/schema.org\",\"@graph\":[{\"@type\":\"WebPage\",\"@id\":\"https:\/\/mapsly.com\/field-routing-for-service-agents-with-check-in\/\",\"url\":\"https:\/\/mapsly.com\/field-routing-for-service-agents-with-check-in\/\",\"name\":\"Use Scenario: Field Routing for Service Agents - Mapsly\",\"isPartOf\":{\"@id\":\"https:\/\/mapsly.com\/#website\"},\"datePublished\":\"2025-06-26T14:07:19+00:00\",\"dateModified\":\"2025-12-16T11:43:25+00:00\",\"breadcrumb\":{\"@id\":\"https:\/\/mapsly.com\/field-routing-for-service-agents-with-check-in\/#breadcrumb\"},\"inLanguage\":\"de\",\"potentialAction\":[{\"@type\":\"ReadAction\",\"target\":[\"https:\/\/mapsly.com\/field-routing-for-service-agents-with-check-in\/\"]}]},{\"@type\":\"BreadcrumbList\",\"@id\":\"https:\/\/mapsly.com\/field-routing-for-service-agents-with-check-in\/#breadcrumb\",\"itemListElement\":[{\"@type\":\"ListItem\",\"position\":1,\"name\":\"Home\",\"item\":\"https:\/\/mapsly.com\/\"},{\"@type\":\"ListItem\",\"position\":2,\"name\":\"Use Scenario: Field Routing for Service Agents\"}]},{\"@type\":\"WebSite\",\"@id\":\"https:\/\/mapsly.com\/#website\",\"url\":\"https:\/\/mapsly.com\/\",\"name\":\"Mapsly\",\"description\":\"The Ultimate CRM Map\",\"publisher\":{\"@id\":\"https:\/\/mapsly.com\/#organization\"},\"potentialAction\":[{\"@type\":\"SearchAction\",\"target\":{\"@type\":\"EntryPoint\",\"urlTemplate\":\"https:\/\/mapsly.com\/?s={search_term_string}\"},\"query-input\":{\"@type\":\"PropertyValueSpecification\",\"valueRequired\":true,\"valueName\":\"search_term_string\"}}],\"inLanguage\":\"de\"},{\"@type\":\"Organization\",\"@id\":\"https:\/\/mapsly.com\/#organization\",\"name\":\"Mapsly\",\"url\":\"https:\/\/mapsly.com\/\",\"logo\":{\"@type\":\"ImageObject\",\"inLanguage\":\"de\",\"@id\":\"https:\/\/mapsly.com\/#\/schema\/logo\/image\/\",\"url\":\"https:\/\/mapsly.com\/wp-content\/uploads\/2025\/06\/Mapsly-Logo-2x-BIG.png\",\"contentUrl\":\"https:\/\/mapsly.com\/wp-content\/uploads\/2025\/06\/Mapsly-Logo-2x-BIG.png\",\"width\":280,\"height\":85,\"caption\":\"Mapsly\"},\"image\":{\"@id\":\"https:\/\/mapsly.com\/#\/schema\/logo\/image\/\"}}]}<\/script>\n<!-- \/ Yoast SEO plugin. -->","yoast_head_json":{"title":"Anwendungsszenario: Au\u00dfendienstroutenplanung f\u00fcr Servicemitarbeiter - Mapsly","robots":{"index":"index","follow":"follow","max-snippet":"max-snippet:-1","max-image-preview":"max-image-preview:large","max-video-preview":"max-video-preview:-1"},"canonical":"https:\/\/mapsly.com\/de\/field-routing-for-service-agents-with-check-in\/","og_locale":"de_DE","og_type":"article","og_title":"Use Scenario: Field Routing for Service Agents - Mapsly","og_description":"Use Scenario: Field Routing for Service Agents This case study demonstrates a scenario in which a service agent navigates to their today\u2019s jobs https:\/\/youtu.be\/DSWejED2d6s \u00a0 Demonstrated features This demo video showcases Mapsly features for field agents (like sales reps or service teams): Mobile app. Custom map layers. Optimized routing. Trip mode. Checking in to and [&hellip;]","og_url":"https:\/\/mapsly.com\/de\/field-routing-for-service-agents-with-check-in\/","og_site_name":"Mapsly","article_modified_time":"2025-12-16T11:43:25+00:00","twitter_card":"summary_large_image","twitter_misc":{"Gesch\u00e4tzte Lesezeit":"3\u00a0Minuten"},"schema":{"@context":"https:\/\/schema.org","@graph":[{"@type":"WebPage","@id":"https:\/\/mapsly.com\/field-routing-for-service-agents-with-check-in\/","url":"https:\/\/mapsly.com\/field-routing-for-service-agents-with-check-in\/","name":"Anwendungsszenario: Au\u00dfendienstroutenplanung f\u00fcr Servicemitarbeiter - Mapsly","isPartOf":{"@id":"https:\/\/mapsly.com\/#website"},"datePublished":"2025-06-26T14:07:19+00:00","dateModified":"2025-12-16T11:43:25+00:00","breadcrumb":{"@id":"https:\/\/mapsly.com\/field-routing-for-service-agents-with-check-in\/#breadcrumb"},"inLanguage":"de","potentialAction":[{"@type":"ReadAction","target":["https:\/\/mapsly.com\/field-routing-for-service-agents-with-check-in\/"]}]},{"@type":"BreadcrumbList","@id":"https:\/\/mapsly.com\/field-routing-for-service-agents-with-check-in\/#breadcrumb","itemListElement":[{"@type":"ListItem","position":1,"name":"Home","item":"https:\/\/mapsly.com\/"},{"@type":"ListItem","position":2,"name":"Use Scenario: Field Routing for Service Agents"}]},{"@type":"WebSite","@id":"https:\/\/mapsly.com\/#website","url":"https:\/\/mapsly.com\/","name":"Mapsly","description":"Die ultimative CRM-Karte","publisher":{"@id":"https:\/\/mapsly.com\/#organization"},"potentialAction":[{"@type":"SearchAction","target":{"@type":"EntryPoint","urlTemplate":"https:\/\/mapsly.com\/?s={search_term_string}"},"query-input":{"@type":"PropertyValueSpecification","valueRequired":true,"valueName":"search_term_string"}}],"inLanguage":"de"},{"@type":"Organization","@id":"https:\/\/mapsly.com\/#organization","name":"Mapsly","url":"https:\/\/mapsly.com\/","logo":{"@type":"ImageObject","inLanguage":"de","@id":"https:\/\/mapsly.com\/#\/schema\/logo\/image\/","url":"https:\/\/mapsly.com\/wp-content\/uploads\/2025\/06\/Mapsly-Logo-2x-BIG.png","contentUrl":"https:\/\/mapsly.com\/wp-content\/uploads\/2025\/06\/Mapsly-Logo-2x-BIG.png","width":280,"height":85,"caption":"Mapsly"},"image":{"@id":"https:\/\/mapsly.com\/#\/schema\/logo\/image\/"}}]}},"_links":{"self":[{"href":"https:\/\/mapsly.com\/de\/wp-json\/wp\/v2\/pages\/434","targetHints":{"allow":["GET"]}}],"collection":[{"href":"https:\/\/mapsly.com\/de\/wp-json\/wp\/v2\/pages"}],"about":[{"href":"https:\/\/mapsly.com\/de\/wp-json\/wp\/v2\/types\/page"}],"author":[{"embeddable":true,"href":"https:\/\/mapsly.com\/de\/wp-json\/wp\/v2\/users\/1"}],"replies":[{"embeddable":true,"href":"https:\/\/mapsly.com\/de\/wp-json\/wp\/v2\/comments?post=434"}],"version-history":[{"count":34,"href":"https:\/\/mapsly.com\/de\/wp-json\/wp\/v2\/pages\/434\/revisions"}],"predecessor-version":[{"id":25135,"href":"https:\/\/mapsly.com\/de\/wp-json\/wp\/v2\/pages\/434\/revisions\/25135"}],"wp:attachment":[{"href":"https:\/\/mapsly.com\/de\/wp-json\/wp\/v2\/media?parent=434"}],"curies":[{"name":"wp","href":"https:\/\/api.w.org\/{rel}","templated":true}]}}