{"id":432,"date":"2025-06-26T17:07:05","date_gmt":"2025-06-26T14:07:05","guid":{"rendered":"https:\/\/mapsly.com?page_id=432"},"modified":"2025-10-19T23:57:18","modified_gmt":"2025-10-19T20:57:18","slug":"usage-limits-and-add-ons","status":"publish","type":"page","link":"https:\/\/mapsly.com\/de\/usage-limits-and-add-ons\/","title":{"rendered":"Nutzungsbeschr\u00e4nkungen und Add-ons"},"content":{"rendered":"<div data-elementor-type=\"wp-page\" data-elementor-id=\"432\" class=\"elementor elementor-432\" data-elementor-post-type=\"page\">\n\t\t\t\t<div class=\"elementor-element elementor-element-7428fc4f e-flex e-con-boxed e-con e-parent\" data-id=\"7428fc4f\" data-element_type=\"container\" data-e-type=\"container\">\n\t\t\t\t\t<div class=\"e-con-inner\">\n\t\t\t\t<div class=\"elementor-element elementor-element-7e7bacb elementor-widget elementor-widget-text-editor\" data-id=\"7e7bacb\" data-element_type=\"widget\" data-e-type=\"widget\" data-widget_type=\"text-editor.default\">\n\t\t\t\t<div class=\"elementor-widget-container\">\n\t\t\t\t\t\t\t\t\t<p>Erfahren Sie, wie sich Ihr Mapsly-Abonnement an Ihre Nutzung verschiedener Mapsly-Funktionen anpasst.<\/p>\t\t\t\t\t\t\t\t<\/div>\n\t\t\t\t<\/div>\n\t\t\t\t<div class=\"elementor-element elementor-element-5faf514d text-ed-subpr elementor-widget elementor-widget-text-editor\" data-id=\"5faf514d\" data-element_type=\"widget\" data-e-type=\"widget\" data-widget_type=\"text-editor.default\">\n\t\t\t\t<div class=\"elementor-widget-container\">\n\t\t\t\t\t\t\t\t\t\n<p>Mapsly-Preispl\u00e4ne setzen Standardgrenzen f\u00fcr die Nutzung von Routing, Automatisierung, API und Territorien, die durch ein Upgrade auf einen h\u00f6heren Plan oder durch die Anwendung von Add-ons, abh\u00e4ngig vom jeweiligen Limit, angehoben werden k\u00f6nnen, wie unten beschrieben.<\/p>\n\n<h2 class=\"wp-block-heading\">T\u00e4gliche Routing-Grenzen<\/h2>\n\n<p>Die maximale Gesamtanzahl an Routen, die alle Ihre Benutzer zusammen an einem Kalendertag, der um 00:00 UTC beginnt, erstellen k\u00f6nnen, h\u00e4ngt vom Abonnementplan ab:<\/p>\n\n<ul class=\"wp-block-list\">\n<li>An <strong>Essential<\/strong>100 Routen * Anzahl der Benutzer;<\/li>\n\n<li>An <strong>Pro<\/strong>500 Routen * Anzahl der Benutzer;<\/li>\n\n<li>An <strong>Enterprise<\/strong>unbegrenzt.<\/li>\n<\/ul>\n\n<p>Um dieses Limit zu erh\u00f6hen, wechseln Sie zu einem h\u00f6heren Tarif.<\/p>\n\n<h2 class=\"wp-block-heading\">Gebietsgrenzen (statisch)<\/h2>\n\n<p>Diese Grenzen setzen den maximalen Wert fest, den die angegebenen Metriken zu jedem beliebigen Zeitpunkt haben d\u00fcrfen, und gelten f\u00fcr die <strong>Pro <\/strong>und <strong>Enterprise <\/strong>Pl\u00e4ne. <strong>Essential <\/strong>schlie\u00dft Gebiete nicht ein.)<\/p>\n\n<figure class=\"wp-block-table\">\n<table>\n<tbody>\n<tr>\n<td><strong>Metrik<\/strong><\/td>\n<td><strong>Inbegriffen<\/strong><\/td>\n<td><strong><strong>Gr\u00f6\u00dfe erh\u00f6hen<\/strong><\/strong><\/td>\n<td><strong>Preis pro <strong>Erh\u00f6hen<\/strong><\/strong><\/td>\n<\/tr>\n<tr>\n<td>Zuweisungsgebiete*<\/td>\n<td>50<\/td>\n<td>50<\/td>\n<td>$25<\/td>\n<\/tr>\n<tr>\n<td>Berechnete Gebietsmetrik**<\/td>\n<td>100<\/td>\n<td>50<\/td>\n<td>$25<\/td>\n<\/tr>\n<\/tbody>\n<\/table>\n<\/figure>\n\n<p>(*) <em>Einsatzgebiet <\/em>ist ein Territorium, dem Datens\u00e4tze automatisch zugeordnet werden. Alle Territorien in einer als markiert gekennzeichneten Territoriengruppe, <em>Datens\u00e4tze zuweisen<\/em> <em>zu Gebieten in dieser Gruppe<\/em> sind Zuweisungsgebiete und werden auf dieses Limit angerechnet. Ein Beispiel f\u00fcr Nicht-Zuweisungsgebiete, die nicht auf dieses Limit angerechnet werden, ist eine Gebietgruppe, die aus der geo-library zur Ansicht demografischer Kennzahlen erstellt wurde (die nicht markiert ist als, <em>Datens\u00e4tze den Gebieten in dieser Gruppe zuordnen<\/em>).<\/p>\n\n<p>(**) A <em>berechnete Gebietsmessgr\u00f6\u00dfe<\/em> ist eine benutzerdefinierte Kennzahl, die auf der Grundlage von Daten aus in einem Gebiet befindlichen Datens\u00e4tzen berechnet wird. Beispielsweise kann eine solche Kennzahl in einer Gruppe von 100 Gebieten vorhanden sein, oder 5 Kennzahlen in einer Gruppe von 20, oder 10 Kennzahlen in einer Gruppe von 10. (Demografische Kennzahlen werden nicht berechnet, daher werden sie auf dieses Limit angerechnet.)<\/p>\n\n<p>Wenn Sie Territorien oder Kennzahlen oberhalb des Limits hinzuf\u00fcgen, wird Mapsly Sie auffordern, den Einsatz geeigneter Add-ons zu best\u00e4tigen, um Ihren tats\u00e4chlichen Nutzungsbedarf abzudecken.<\/p>\n\n<h2 class=\"wp-block-heading\">API- und Automatisierungslimits (t\u00e4glich)<\/h2>\n\n<p>Diese Limits legen die maximale Anzahl von Aufrufen (Ausf\u00fchrungen) pro Kalendertag fest, der um 00:00 UTC beginnt, und gelten f\u00fcr die <strong>Pro <\/strong>und <strong>Enterprise <\/strong>Pl\u00e4ne. <strong>Essential <\/strong>beinhaltet keinen Zugriff auf Automatisierung oder API.<\/p>\n\n<figure class=\"wp-block-table\">\n<table>\n<tbody>\n<tr>\n<td><strong>Metrik<\/strong><\/td>\n<td><strong>Inbegriffen<\/strong><\/td>\n<td><strong>Gr\u00f6\u00dfe erh\u00f6hen<\/strong><\/td>\n<td><strong>Preis pro Inkrement<\/strong><\/td>\n<\/tr>\n<tr>\n<td>Workflow-Regeln<\/td>\n<td>5,000<\/td>\n<td>5,000<\/td>\n<td>$25<\/td>\n<\/tr>\n<tr>\n<td>Eingehende API<\/td>\n<td>5,000<\/td>\n<td>5,000<\/td>\n<td>$25<\/td>\n<\/tr>\n<tr>\n<td>Ausgehende Webhooks<\/td>\n<td>5,000<\/td>\n<td>5,000<\/td>\n<td>$25<\/td>\n<\/tr>\n<tr>\n<td>Benutzerdefinierte Funktionen<\/td>\n<td>1,000<\/td>\n<td>1,000<\/td>\n<td>$25<\/td>\n<\/tr>\n<tr>\n<td>E-Mail senden<\/td>\n<td>500<\/td>\n<td>500<\/td>\n<td>$25<\/td>\n<\/tr>\n<tr>\n<td>Ausf\u00fchrungen von \u201cMatch records\u201d-Aktionen, die Reiseentfernung oder -zeit verwenden, und Aufrufe zu TravelingDistance\/TravelingTime (kombiniert)<\/td>\n<td>1,000<\/td>\n<td>1,000<\/td>\n<td>$25<\/td>\n<\/tr>\n<\/tbody>\n<\/table>\n<\/figure>\n\n<p>Je nach Ihren Pr\u00e4ferenzen wird Mapsly beim Erreichen eines Limits eines der folgenden Dinge tun:<\/p>\n\n<ul class=\"wp-block-list\">\n<li>Workflow-Regeln, Aktionen und API-Aufrufe, die vom erreichten Limit betroffen sind, werden bis zum Ende des aktuellen Tages fehlschlagen und wieder aufgenommen, wenn das Limit zur\u00fcckgesetzt wird.<\/li>\n\n<li>Mapsly kann automatisch passende Add-ons anwenden, die dieses Limit sofort erh\u00f6hen, um Ausf\u00e4lle zu vermeiden. Obwohl das Limit sofort erh\u00f6ht wird, wird der aktualisierte Abonnementpreis erst am n\u00e4chsten Abrechnungsdatum berechnet, was Ihnen einen Kulanzzeitraum bietet, in dem Sie entscheiden k\u00f6nnen, ob Sie das neue Automationsniveau beibehalten oder auf das vorherige Niveau zur\u00fccksetzen und die Entfernung dieser Add-ons beantragen m\u00f6chten.<\/li>\n<\/ul>\n\n<p>Bitte beachten Sie, dass Add-ons nach der Aktivierung nicht automatisch entfernt werden, wenn Ihre Nutzung sinkt und die erh\u00f6hten Limits nicht mehr ben\u00f6tigt werden. Wenn Sie ein Add-on entfernen m\u00f6chten, kontaktieren Sie uns bitte \u00fcber den Chat, um dessen Entfernung anzufordern.<\/p>\n\t\t\t\t\t\t\t\t<\/div>\n\t\t\t\t<\/div>\n\t\t\t\t\t<\/div>\n\t\t\t\t<\/div>\n\t\t\t\t<\/div>","protected":false},"excerpt":{"rendered":"<p>Erfahren Sie, wie Ihr Mapsly-Abonnement sich an Ihre Nutzung verschiedener Mapsly-Funktionen anpasst. Die Mapsly-Preismodelle setzen Standardbegrenzungen f\u00fcr die Nutzung von Routing, Automatisierung, API und Gebieten, die durch ein Upgrade auf einen h\u00f6heren Plan oder durch das Hinzuf\u00fcgen von Add-ons, abh\u00e4ngig vom Limit, erh\u00f6ht werden k\u00f6nnen, wie unten beschrieben. Routing-Grenzen (t\u00e4glich) Die maximale Gesamtzahl [&hellip;]<\/p>","protected":false},"author":1,"featured_media":0,"parent":0,"menu_order":0,"comment_status":"closed","ping_status":"closed","template":"","meta":{"_acf_changed":false,"footnotes":""},"class_list":["post-432","page","type-page","status-publish","hentry"],"acf":[],"yoast_head":"<!-- This site is optimized with the Yoast SEO plugin v26.6 - https:\/\/yoast.com\/wordpress\/plugins\/seo\/ -->\n<title>Usage Limits and Add-ons - Mapsly<\/title>\n<meta name=\"robots\" content=\"index, follow, max-snippet:-1, max-image-preview:large, max-video-preview:-1\" \/>\n<link rel=\"canonical\" href=\"https:\/\/mapsly.com\/de\/usage-limits-and-add-ons\/\" \/>\n<meta property=\"og:locale\" content=\"de_DE\" \/>\n<meta property=\"og:type\" content=\"article\" \/>\n<meta property=\"og:title\" content=\"Usage Limits and Add-ons - Mapsly\" \/>\n<meta property=\"og:description\" content=\"Learn how your Mapsly subscription adjusts to accommodate your usage of various Mapsly features Mapsly pricing plans impose standard limits on usage of routing, automation, API and territories that can be raised by upgrading to a higher plan or applying add-ons depending on the limit, as described below. Routing Limits (Daily) The maximum total number [&hellip;]\" \/>\n<meta property=\"og:url\" content=\"https:\/\/mapsly.com\/de\/usage-limits-and-add-ons\/\" \/>\n<meta property=\"og:site_name\" content=\"Mapsly\" \/>\n<meta property=\"article:modified_time\" content=\"2025-10-19T20:57:18+00:00\" \/>\n<meta name=\"twitter:card\" content=\"summary_large_image\" \/>\n<meta name=\"twitter:label1\" content=\"Gesch\u00e4tzte Lesezeit\" \/>\n\t<meta name=\"twitter:data1\" content=\"3\u00a0Minuten\" \/>\n<script type=\"application\/ld+json\" class=\"yoast-schema-graph\">{\"@context\":\"https:\/\/schema.org\",\"@graph\":[{\"@type\":\"WebPage\",\"@id\":\"https:\/\/mapsly.com\/zh\/usage-limits-and-add-ons\/\",\"url\":\"https:\/\/mapsly.com\/zh\/usage-limits-and-add-ons\/\",\"name\":\"Usage Limits and Add-ons - Mapsly\",\"isPartOf\":{\"@id\":\"https:\/\/mapsly.com\/#website\"},\"datePublished\":\"2025-06-26T14:07:05+00:00\",\"dateModified\":\"2025-10-19T20:57:18+00:00\",\"breadcrumb\":{\"@id\":\"https:\/\/mapsly.com\/zh\/usage-limits-and-add-ons\/#breadcrumb\"},\"inLanguage\":\"de\",\"potentialAction\":[{\"@type\":\"ReadAction\",\"target\":[\"https:\/\/mapsly.com\/zh\/usage-limits-and-add-ons\/\"]}]},{\"@type\":\"BreadcrumbList\",\"@id\":\"https:\/\/mapsly.com\/zh\/usage-limits-and-add-ons\/#breadcrumb\",\"itemListElement\":[{\"@type\":\"ListItem\",\"position\":1,\"name\":\"Home\",\"item\":\"https:\/\/mapsly.com\/\"},{\"@type\":\"ListItem\",\"position\":2,\"name\":\"Usage Limits and Add-ons\"}]},{\"@type\":\"WebSite\",\"@id\":\"https:\/\/mapsly.com\/#website\",\"url\":\"https:\/\/mapsly.com\/\",\"name\":\"Mapsly\",\"description\":\"The Ultimate CRM Map\",\"publisher\":{\"@id\":\"https:\/\/mapsly.com\/#organization\"},\"potentialAction\":[{\"@type\":\"SearchAction\",\"target\":{\"@type\":\"EntryPoint\",\"urlTemplate\":\"https:\/\/mapsly.com\/?s={search_term_string}\"},\"query-input\":{\"@type\":\"PropertyValueSpecification\",\"valueRequired\":true,\"valueName\":\"search_term_string\"}}],\"inLanguage\":\"de\"},{\"@type\":\"Organization\",\"@id\":\"https:\/\/mapsly.com\/#organization\",\"name\":\"Mapsly\",\"url\":\"https:\/\/mapsly.com\/\",\"logo\":{\"@type\":\"ImageObject\",\"inLanguage\":\"de\",\"@id\":\"https:\/\/mapsly.com\/#\/schema\/logo\/image\/\",\"url\":\"https:\/\/mapsly.com\/wp-content\/uploads\/2025\/06\/Mapsly-Logo-2x-BIG.png\",\"contentUrl\":\"https:\/\/mapsly.com\/wp-content\/uploads\/2025\/06\/Mapsly-Logo-2x-BIG.png\",\"width\":280,\"height\":85,\"caption\":\"Mapsly\"},\"image\":{\"@id\":\"https:\/\/mapsly.com\/#\/schema\/logo\/image\/\"}}]}<\/script>\n<!-- \/ Yoast SEO plugin. -->","yoast_head_json":{"title":"Nutzungsbeschr\u00e4nkungen und Add-ons - Mapsly","robots":{"index":"index","follow":"follow","max-snippet":"max-snippet:-1","max-image-preview":"max-image-preview:large","max-video-preview":"max-video-preview:-1"},"canonical":"https:\/\/mapsly.com\/de\/usage-limits-and-add-ons\/","og_locale":"de_DE","og_type":"article","og_title":"Usage Limits and Add-ons - Mapsly","og_description":"Learn how your Mapsly subscription adjusts to accommodate your usage of various Mapsly features Mapsly pricing plans impose standard limits on usage of routing, automation, API and territories that can be raised by upgrading to a higher plan or applying add-ons depending on the limit, as described below. Routing Limits (Daily) The maximum total number [&hellip;]","og_url":"https:\/\/mapsly.com\/de\/usage-limits-and-add-ons\/","og_site_name":"Mapsly","article_modified_time":"2025-10-19T20:57:18+00:00","twitter_card":"summary_large_image","twitter_misc":{"Gesch\u00e4tzte Lesezeit":"3\u00a0Minuten"},"schema":{"@context":"https:\/\/schema.org","@graph":[{"@type":"WebPage","@id":"https:\/\/mapsly.com\/zh\/usage-limits-and-add-ons\/","url":"https:\/\/mapsly.com\/zh\/usage-limits-and-add-ons\/","name":"Nutzungsbeschr\u00e4nkungen und Add-ons - Mapsly","isPartOf":{"@id":"https:\/\/mapsly.com\/#website"},"datePublished":"2025-06-26T14:07:05+00:00","dateModified":"2025-10-19T20:57:18+00:00","breadcrumb":{"@id":"https:\/\/mapsly.com\/zh\/usage-limits-and-add-ons\/#breadcrumb"},"inLanguage":"de","potentialAction":[{"@type":"ReadAction","target":["https:\/\/mapsly.com\/zh\/usage-limits-and-add-ons\/"]}]},{"@type":"BreadcrumbList","@id":"https:\/\/mapsly.com\/zh\/usage-limits-and-add-ons\/#breadcrumb","itemListElement":[{"@type":"ListItem","position":1,"name":"Home","item":"https:\/\/mapsly.com\/"},{"@type":"ListItem","position":2,"name":"Usage Limits and Add-ons"}]},{"@type":"WebSite","@id":"https:\/\/mapsly.com\/#website","url":"https:\/\/mapsly.com\/","name":"Mapsly","description":"Die ultimative CRM-Karte","publisher":{"@id":"https:\/\/mapsly.com\/#organization"},"potentialAction":[{"@type":"SearchAction","target":{"@type":"EntryPoint","urlTemplate":"https:\/\/mapsly.com\/?s={search_term_string}"},"query-input":{"@type":"PropertyValueSpecification","valueRequired":true,"valueName":"search_term_string"}}],"inLanguage":"de"},{"@type":"Organization","@id":"https:\/\/mapsly.com\/#organization","name":"Mapsly","url":"https:\/\/mapsly.com\/","logo":{"@type":"ImageObject","inLanguage":"de","@id":"https:\/\/mapsly.com\/#\/schema\/logo\/image\/","url":"https:\/\/mapsly.com\/wp-content\/uploads\/2025\/06\/Mapsly-Logo-2x-BIG.png","contentUrl":"https:\/\/mapsly.com\/wp-content\/uploads\/2025\/06\/Mapsly-Logo-2x-BIG.png","width":280,"height":85,"caption":"Mapsly"},"image":{"@id":"https:\/\/mapsly.com\/#\/schema\/logo\/image\/"}}]}},"_links":{"self":[{"href":"https:\/\/mapsly.com\/de\/wp-json\/wp\/v2\/pages\/432","targetHints":{"allow":["GET"]}}],"collection":[{"href":"https:\/\/mapsly.com\/de\/wp-json\/wp\/v2\/pages"}],"about":[{"href":"https:\/\/mapsly.com\/de\/wp-json\/wp\/v2\/types\/page"}],"author":[{"embeddable":true,"href":"https:\/\/mapsly.com\/de\/wp-json\/wp\/v2\/users\/1"}],"replies":[{"embeddable":true,"href":"https:\/\/mapsly.com\/de\/wp-json\/wp\/v2\/comments?post=432"}],"version-history":[{"count":14,"href":"https:\/\/mapsly.com\/de\/wp-json\/wp\/v2\/pages\/432\/revisions"}],"predecessor-version":[{"id":22261,"href":"https:\/\/mapsly.com\/de\/wp-json\/wp\/v2\/pages\/432\/revisions\/22261"}],"wp:attachment":[{"href":"https:\/\/mapsly.com\/de\/wp-json\/wp\/v2\/media?parent=432"}],"curies":[{"name":"wp","href":"https:\/\/api.w.org\/{rel}","templated":true}]}}