{"id":382,"date":"2025-06-26T16:59:24","date_gmt":"2025-06-26T13:59:24","guid":{"rendered":"https:\/\/mapsly.com?page_id=382"},"modified":"2025-12-16T14:35:50","modified_gmt":"2025-12-16T11:35:50","slug":"map-for-real-estate-agencies","status":"publish","type":"page","link":"https:\/\/mapsly.com\/de\/map-for-real-estate-agencies\/","title":{"rendered":"Personalisierte Karte &#038; Automatisierung f\u00fcr Immobilienagenturen"},"content":{"rendered":"<div data-elementor-type=\"wp-page\" data-elementor-id=\"382\" class=\"elementor elementor-382\" data-elementor-post-type=\"page\">\n\t\t\t\t\t\t<section class=\"elementor-section elementor-top-section elementor-element elementor-element-6f82c101 elementor-section-boxed elementor-section-height-default elementor-section-height-default\" data-id=\"6f82c101\" data-element_type=\"section\" data-e-type=\"section\">\n\t\t\t\t\t\t<div class=\"elementor-container elementor-column-gap-default\">\n\t\t\t\t\t<div class=\"elementor-column elementor-col-100 elementor-top-column elementor-element elementor-element-71952e8a\" data-id=\"71952e8a\" data-element_type=\"column\" data-e-type=\"column\">\n\t\t\t<div class=\"elementor-widget-wrap elementor-element-populated\">\n\t\t\t\t\t\t<div class=\"elementor-element elementor-element-faa5760 elementor-widget elementor-widget-heading\" data-id=\"faa5760\" data-element_type=\"widget\" data-e-type=\"widget\" data-widget_type=\"heading.default\">\n\t\t\t\t<div class=\"elementor-widget-container\">\n\t\t\t\t\t<h2 class=\"elementor-heading-title elementor-size-default\">Personalisierte Karte &amp; Automatisierung f\u00fcr Immobilienagenturen\n<\/h2>\t\t\t\t<\/div>\n\t\t\t\t<\/div>\n\t\t\t\t<div class=\"elementor-element elementor-element-b24459b elementor-widget elementor-widget-heading\" data-id=\"b24459b\" data-element_type=\"widget\" data-e-type=\"widget\" data-widget_type=\"heading.default\">\n\t\t\t\t<div class=\"elementor-widget-container\">\n\t\t\t\t\t<p class=\"elementor-heading-title elementor-size-default\">Automatisieren Sie die Zuordnung von Immobilien zu Kunden und bieten Sie ihnen ein Portal mit einer personalisierten Karte ihrer Objekte.\n<\/p>\t\t\t\t<\/div>\n\t\t\t\t<\/div>\n\t\t\t\t<div class=\"elementor-element elementor-element-4c79d2d5 elementor-widget elementor-widget-text-editor\" data-id=\"4c79d2d5\" data-element_type=\"widget\" data-e-type=\"widget\" data-widget_type=\"text-editor.default\">\n\t\t\t\t<div class=\"elementor-widget-container\">\n\t\t\t\t\t\t\t\t\t<p><span style=\"color: var( --e-global-color-text ); font-family: var( --e-global-typography-text-font-family ), Sans-serif; font-weight: var( --e-global-typography-text-font-weight ); letter-spacing: 0px;\">Immobilienagenturen, die Kunden dabei unterst\u00fctzen, Objekte anhand von Parametern zu finden, k\u00f6nnen Mapsly verwenden.<\/span><\/p>\n<ul>\n<li>um die Suche und Zuweisung von Eigenschaften an Kunden zu automatisieren<\/li>\n<li>und um in einem Kundenportal eine personalisierte, interaktive Karte anzubieten, die die einem bestimmten Kunden zugewiesenen Objekte anzeigt und in Echtzeit aktualisiert wird, wenn neue Objekte zugewiesen oder bestehende Zuweisungen entfernt werden.<\/li>\n<\/ul>\n<h2>Automatisierte Zuordnung von Immobilien zu Kunden<\/h2>\n<p>Mit <a href=\"https:\/\/mapsly.com\/de\/automation\/\">Mapsly Automatisierungs-Suite<\/a> und dessen <a href=\"https:\/\/mapsly.com\/de\/match-records\/\"><em>Datens\u00e4tze abgleichen<\/em> Aktion<\/a>Sie k\u00f6nnen die folgenden vollst\u00e4ndig automatisierten Prozesse implementieren:<\/p>\n<ul>\n<li>wenn ein neuer, <strong>Kunde <\/strong>Nachdem es dem CRM hinzugef\u00fcgt wurde, kann Mapsly automatisch alle Objekte finden, die den Pr\u00e4ferenzen des Kunden entsprechen, einschlie\u00dflich der maximalen Fahrstrecke, sie dem Kunden zuweisen und die Liste der neu zugewiesenen Objekte per E-Mail an den Kunden und seinen Account Executive senden;<\/li>\n<li>auch, wenn ein neuer, <strong>Eigenschaft <\/strong>Wird es dem CRM hinzugef\u00fcgt, kann Mapsly automatisch alle Kunden finden, deren Pr\u00e4ferenzen mit der Eigenschaft \u00fcbereinstimmen, sie zuweisen und dar\u00fcber benachrichtigen.<\/li>\n<\/ul>\n<p><span style=\"color: #222d39; font-family: inherit; font-size: 2rem; font-weight: bold; letter-spacing: 0px;\">Personalisierte interaktive Karte<\/span><\/p>\n<p>Mit Mapsly, <a href=\"\/de\/shared-interactive-maps\/\">Freigegebene Karten<\/a> Mit URL-Parametern k\u00f6nnen Sie personalisierte interaktive Karten erstellen, deren Inhalte individuell auf jeden Ihrer Kunden zugeschnitten sind. Anschlie\u00dfend k\u00f6nnen Sie eine solche Karte in ein Kundenportal, eine Web- oder Mobile-Anwendung einbetten oder ihnen per E-Mail als Link senden.<\/p>\n<p>Wenn Sie noch kein Kundenportal haben, k\u00f6nnen Sie es in 10 Minuten mit einrichten <a href=\"https:\/\/www.zoho.com\/creator\/online-customer-portal\/\">Zoho Creator Portal<\/a> Mit nur wenigen Codezeilen, die in unserem Leitfaden bereitgestellt werden, oder einer \u00e4hnlichen Kundenportal-L\u00f6sung.<\/p>\n<p>Sie k\u00f6nnen Ihren Objekten auf der Karte auch Schaltfl\u00e4chen und Formulare hinzuf\u00fcgen, damit Ihre Kunden die Ansicht einer Eigenschaft anfordern und alle weiteren Prozesse durchf\u00fchren k\u00f6nnen, die mit <a href=\"\/de\/automation\/\">Mapsly Automatisierungs-Suite<\/a>Alle Mapsly-Funktionen au\u00dfer routing und prospecting k\u00f6nnen auf solchen personalisierten Karten aktiviert werden.<\/p>\n<figure class=\"wp-block-pullquote\">\n<blockquote>\n<p>Das Mapsly-Implementierungsteam wird den gesamten Prozess in Mapsly aufbauen,<br \/>damit Sie sich auf Ihr Gesch\u00e4ft konzentrieren k\u00f6nnen.<br \/><a href=\"https:\/\/calendly.com\/mapsly-meeting\/quick-demo\" target=\"_blank\" rel=\"noopener\">Planen Sie noch heute einen Webcall<\/a>.<\/p>\n<p><cite>Oder fragen Sie uns im Chat alles, wir sind immer online<\/cite><\/p>\n<\/blockquote>\n<\/figure>\n<h2>Demo: Kundenportal mit personalisierter Karte<\/h2>\n<p><span style=\"color: var( --e-global-color-text ); font-family: var( --e-global-typography-text-font-family ), Sans-serif; font-weight: var( --e-global-typography-text-font-weight ); letter-spacing: 0px;\">Eine personalisierte Karte kann in jede Portal-L\u00f6sung eingebettet werden. In diesem Beispiel wird eine Karte zu einem Kundenportal hinzugef\u00fcgt. <\/span><a style=\"font-family: var( --e-global-typography-text-font-family ), Sans-serif; font-weight: var( --e-global-typography-text-font-weight ); letter-spacing: 0px; background-color: #ffffff;\" href=\"https:\/\/help.mapsly.com\/articles\/5489056?_ga=2.41460582.536852451.1632143928-264234993.1632143928\">In 10 Minuten mit Zoho Creator Portal erstellt<\/a><span style=\"color: var( --e-global-color-text ); font-family: var( --e-global-typography-text-font-family ), Sans-serif; font-weight: var( --e-global-typography-text-font-weight ); letter-spacing: 0px;\">, das sowohl als Web-App als auch als mobile App verf\u00fcgbar ist.<\/span><\/p>\n<p><span style=\"color: var( --e-global-color-text ); font-family: var( --e-global-typography-text-font-family ), Sans-serif; font-weight: var( --e-global-typography-text-font-weight ); letter-spacing: 0px;\">When a <\/span><em style=\"color: var( --e-global-color-text ); font-family: var( --e-global-typography-text-font-family ), Sans-serif; font-weight: var( --e-global-typography-text-font-weight ); letter-spacing: 0px;\">Kunde<\/em><span style=\"color: var( --e-global-color-text ); font-family: var( --e-global-typography-text-font-family ), Sans-serif; font-weight: var( --e-global-typography-text-font-weight ); letter-spacing: 0px;\"> Wenn ein Datensatz zu einem CRM hinzugef\u00fcgt wird, generiert Mapsly automatisch einen signierten, personalisierten Kartenlink, der die diesem bestimmten Kunden zugewiesenen Property-Datens\u00e4tze anzeigt und den Kunden im Portal registriert. Wenn sich der Kunde mit seiner E-Mail im Portal anmeldet, sieht er die Karte auf der Karten-Seite. Zus\u00e4tzlich zur M\u00f6glichkeit, auf Kartenmarker zu klicken, um die Daten der Datens\u00e4tze anzuzeigen, kann der Kunde im Karten-Popup auf \"Besuch planen\" klicken, um eine Anfrage f\u00fcr einen Immobilienbesuch zu stellen, die Mapsly als Datensatz im CRM erstellt.<\/span><\/p>\n<p><span style=\"color: var( --e-global-color-text ); font-family: var( --e-global-typography-text-font-family ), Sans-serif; font-weight: var( --e-global-typography-text-font-weight ); letter-spacing: 0px;\">\u00a0<\/span><\/p>\n<div class=\"wp-block-buttons is-content-justification-center\">\n<p><\/p>\n<div class=\"wp-block-button is-style-fill\"><a class=\"wp-block-button__link\" href=\"https:\/\/sampleco.zohocreatorportal.com\/\" target=\"_blank\" rel=\"noreferrer noopener\">Zum Demo-Kundenportal<\/a><\/div>\n<p><\/p>\n<\/div>\n<p><!-- \/wp:buttons --><\/p>\n<p><span style=\"color: #222d39; font-family: inherit; font-size: 2rem; font-weight: bold; letter-spacing: 0px;\">Mehr erfahren<\/span><\/p>\n<p><a href=\"https:\/\/help.mapsly.com\/articles\/5386021\">Schritt-f\u00fcr-Schritt-Anleitung: Erstellen Sie eine personalisierte Karte, die \u00fcber einen Link zug\u00e4nglich ist<\/a>.<\/p>\n<p><a href=\"https:\/\/help.mapsly.com\/articles\/5489056\">Schritt-f\u00fcr-Schritt-Anleitung: Konfigurieren Sie ein Zoho Creator-Portal mit einer personalisierten Karte in 10 Minuten<\/a>.<\/p>\n<p><a href=\"https:\/\/help.mapsly.com\/articles\/5510049\">Schritt-f\u00fcr-Schritt-Anleitung: Richten Sie die automatische Registrierung Ihrer Kunden im Zoho Creator-Kundenportal ein<\/a>.<\/p>\n<h2>Buchen Sie eine Live-Demo mit einem L\u00f6sungsingenieur<\/h2>\n<p><a href=\"https:\/\/calendly.com\/mapsly-meeting\/quick-demo\" target=\"_blank\" rel=\"noopener\">Vereinbaren Sie einen Webanruf mit einem Mapsly-Ingenieur<\/a> um Ihren Anwendungsfall im Detail zu besprechen und Ihr Mapsly-Konto sowie geteilte Karten zu konfigurieren.<\/p>\t\t\t\t\t\t\t\t<\/div>\n\t\t\t\t<\/div>\n\t\t\t\t\t<\/div>\n\t\t<\/div>\n\t\t\t\t\t<\/div>\n\t\t<\/section>\n\t\t\t\t<\/div>","protected":false},"excerpt":{"rendered":"<p>Personalisierte Karte &amp; Automatisierung f\u00fcr Immobilienagenturen. Automatisieren Sie die Zuordnung von Immobilien zu Kunden und bieten Sie ihnen ein Portal mit einer personalisierten Karte ihrer Objekte. Immobilienagenturen, die Kunden bei der Suche nach Objekten anhand von Parametern unterst\u00fctzen, k\u00f6nnen Mapsly nutzen, um die Suche und Zuweisung von Immobilien an Kunden zu automatisieren und eine personalisierte interaktive Karte anzubieten [\u2026]<\/p>","protected":false},"author":1,"featured_media":0,"parent":0,"menu_order":0,"comment_status":"closed","ping_status":"closed","template":"elementor_header_footer","meta":{"_acf_changed":false,"footnotes":""},"class_list":["post-382","page","type-page","status-publish","hentry"],"acf":[],"yoast_head":"<!-- This site is optimized with the Yoast SEO plugin v26.6 - https:\/\/yoast.com\/wordpress\/plugins\/seo\/ -->\n<title>Personalized Map &amp; Automation for Real-Estate Agencies - Mapsly<\/title>\n<meta name=\"description\" content=\"Automate matching of real-estate properties to customers and offer them a portal with a personalized map of their properties\" \/>\n<meta name=\"robots\" content=\"index, follow, max-snippet:-1, max-image-preview:large, max-video-preview:-1\" \/>\n<link rel=\"canonical\" href=\"https:\/\/mapsly.com\/de\/map-for-real-estate-agencies\/\" \/>\n<meta property=\"og:locale\" content=\"de_DE\" \/>\n<meta property=\"og:type\" content=\"article\" \/>\n<meta property=\"og:title\" content=\"Personalized Map &amp; Automation for Real-Estate Agencies - Mapsly\" \/>\n<meta property=\"og:description\" content=\"Automate matching of real-estate properties to customers and offer them a portal with a personalized map of their properties\" \/>\n<meta property=\"og:url\" content=\"https:\/\/mapsly.com\/de\/map-for-real-estate-agencies\/\" \/>\n<meta property=\"og:site_name\" content=\"Mapsly\" \/>\n<meta property=\"article:modified_time\" content=\"2025-12-16T11:35:50+00:00\" \/>\n<meta name=\"twitter:card\" content=\"summary_large_image\" \/>\n<meta name=\"twitter:label1\" content=\"Gesch\u00e4tzte Lesezeit\" \/>\n\t<meta name=\"twitter:data1\" content=\"3\u00a0Minuten\" \/>\n<script type=\"application\/ld+json\" class=\"yoast-schema-graph\">{\"@context\":\"https:\/\/schema.org\",\"@graph\":[{\"@type\":\"WebPage\",\"@id\":\"https:\/\/mapsly.com\/de\/map-for-real-estate-agencies\/\",\"url\":\"https:\/\/mapsly.com\/de\/map-for-real-estate-agencies\/\",\"name\":\"Personalized Map & Automation for Real-Estate Agencies - Mapsly\",\"isPartOf\":{\"@id\":\"https:\/\/mapsly.com\/#website\"},\"datePublished\":\"2025-06-26T13:59:24+00:00\",\"dateModified\":\"2025-12-16T11:35:50+00:00\",\"description\":\"Automate matching of real-estate properties to customers and offer them a portal with a personalized map of their properties\",\"breadcrumb\":{\"@id\":\"https:\/\/mapsly.com\/de\/map-for-real-estate-agencies\/#breadcrumb\"},\"inLanguage\":\"de\",\"potentialAction\":[{\"@type\":\"ReadAction\",\"target\":[\"https:\/\/mapsly.com\/de\/map-for-real-estate-agencies\/\"]}]},{\"@type\":\"BreadcrumbList\",\"@id\":\"https:\/\/mapsly.com\/de\/map-for-real-estate-agencies\/#breadcrumb\",\"itemListElement\":[{\"@type\":\"ListItem\",\"position\":1,\"name\":\"Home\",\"item\":\"https:\/\/mapsly.com\/\"},{\"@type\":\"ListItem\",\"position\":2,\"name\":\"Personalized Map &#038; Automation for Real-Estate Agencies\"}]},{\"@type\":\"WebSite\",\"@id\":\"https:\/\/mapsly.com\/#website\",\"url\":\"https:\/\/mapsly.com\/\",\"name\":\"Mapsly\",\"description\":\"The Ultimate CRM Map\",\"publisher\":{\"@id\":\"https:\/\/mapsly.com\/#organization\"},\"potentialAction\":[{\"@type\":\"SearchAction\",\"target\":{\"@type\":\"EntryPoint\",\"urlTemplate\":\"https:\/\/mapsly.com\/?s={search_term_string}\"},\"query-input\":{\"@type\":\"PropertyValueSpecification\",\"valueRequired\":true,\"valueName\":\"search_term_string\"}}],\"inLanguage\":\"de\"},{\"@type\":\"Organization\",\"@id\":\"https:\/\/mapsly.com\/#organization\",\"name\":\"Mapsly\",\"url\":\"https:\/\/mapsly.com\/\",\"logo\":{\"@type\":\"ImageObject\",\"inLanguage\":\"de\",\"@id\":\"https:\/\/mapsly.com\/#\/schema\/logo\/image\/\",\"url\":\"https:\/\/mapsly.com\/wp-content\/uploads\/2025\/06\/Mapsly-Logo-2x-BIG.png\",\"contentUrl\":\"https:\/\/mapsly.com\/wp-content\/uploads\/2025\/06\/Mapsly-Logo-2x-BIG.png\",\"width\":280,\"height\":85,\"caption\":\"Mapsly\"},\"image\":{\"@id\":\"https:\/\/mapsly.com\/#\/schema\/logo\/image\/\"}}]}<\/script>\n<!-- \/ Yoast SEO plugin. -->","yoast_head_json":{"title":"Personalisierte Karte &amp; Automatisierung f\u00fcr Immobilienagenturen - Mapsly","description":"Automatisieren Sie die Zuordnung von Immobilien zu Kunden und bieten Sie ihnen ein Portal mit einer personalisierten Karte ihrer Objekte.","robots":{"index":"index","follow":"follow","max-snippet":"max-snippet:-1","max-image-preview":"max-image-preview:large","max-video-preview":"max-video-preview:-1"},"canonical":"https:\/\/mapsly.com\/de\/map-for-real-estate-agencies\/","og_locale":"de_DE","og_type":"article","og_title":"Personalized Map & Automation for Real-Estate Agencies - Mapsly","og_description":"Automate matching of real-estate properties to customers and offer them a portal with a personalized map of their properties","og_url":"https:\/\/mapsly.com\/de\/map-for-real-estate-agencies\/","og_site_name":"Mapsly","article_modified_time":"2025-12-16T11:35:50+00:00","twitter_card":"summary_large_image","twitter_misc":{"Gesch\u00e4tzte Lesezeit":"3\u00a0Minuten"},"schema":{"@context":"https:\/\/schema.org","@graph":[{"@type":"WebPage","@id":"https:\/\/mapsly.com\/de\/map-for-real-estate-agencies\/","url":"https:\/\/mapsly.com\/de\/map-for-real-estate-agencies\/","name":"Personalisierte Karte &amp; Automatisierung f\u00fcr Immobilienagenturen - Mapsly","isPartOf":{"@id":"https:\/\/mapsly.com\/#website"},"datePublished":"2025-06-26T13:59:24+00:00","dateModified":"2025-12-16T11:35:50+00:00","description":"Automatisieren Sie die Zuordnung von Immobilien zu Kunden und bieten Sie ihnen ein Portal mit einer personalisierten Karte ihrer Objekte.","breadcrumb":{"@id":"https:\/\/mapsly.com\/de\/map-for-real-estate-agencies\/#breadcrumb"},"inLanguage":"de","potentialAction":[{"@type":"ReadAction","target":["https:\/\/mapsly.com\/de\/map-for-real-estate-agencies\/"]}]},{"@type":"BreadcrumbList","@id":"https:\/\/mapsly.com\/de\/map-for-real-estate-agencies\/#breadcrumb","itemListElement":[{"@type":"ListItem","position":1,"name":"Home","item":"https:\/\/mapsly.com\/"},{"@type":"ListItem","position":2,"name":"Personalized Map &#038; Automation for Real-Estate Agencies"}]},{"@type":"WebSite","@id":"https:\/\/mapsly.com\/#website","url":"https:\/\/mapsly.com\/","name":"Mapsly","description":"Die ultimative CRM-Karte","publisher":{"@id":"https:\/\/mapsly.com\/#organization"},"potentialAction":[{"@type":"SearchAction","target":{"@type":"EntryPoint","urlTemplate":"https:\/\/mapsly.com\/?s={search_term_string}"},"query-input":{"@type":"PropertyValueSpecification","valueRequired":true,"valueName":"search_term_string"}}],"inLanguage":"de"},{"@type":"Organization","@id":"https:\/\/mapsly.com\/#organization","name":"Mapsly","url":"https:\/\/mapsly.com\/","logo":{"@type":"ImageObject","inLanguage":"de","@id":"https:\/\/mapsly.com\/#\/schema\/logo\/image\/","url":"https:\/\/mapsly.com\/wp-content\/uploads\/2025\/06\/Mapsly-Logo-2x-BIG.png","contentUrl":"https:\/\/mapsly.com\/wp-content\/uploads\/2025\/06\/Mapsly-Logo-2x-BIG.png","width":280,"height":85,"caption":"Mapsly"},"image":{"@id":"https:\/\/mapsly.com\/#\/schema\/logo\/image\/"}}]}},"_links":{"self":[{"href":"https:\/\/mapsly.com\/de\/wp-json\/wp\/v2\/pages\/382","targetHints":{"allow":["GET"]}}],"collection":[{"href":"https:\/\/mapsly.com\/de\/wp-json\/wp\/v2\/pages"}],"about":[{"href":"https:\/\/mapsly.com\/de\/wp-json\/wp\/v2\/types\/page"}],"author":[{"embeddable":true,"href":"https:\/\/mapsly.com\/de\/wp-json\/wp\/v2\/users\/1"}],"replies":[{"embeddable":true,"href":"https:\/\/mapsly.com\/de\/wp-json\/wp\/v2\/comments?post=382"}],"version-history":[{"count":48,"href":"https:\/\/mapsly.com\/de\/wp-json\/wp\/v2\/pages\/382\/revisions"}],"predecessor-version":[{"id":25126,"href":"https:\/\/mapsly.com\/de\/wp-json\/wp\/v2\/pages\/382\/revisions\/25126"}],"wp:attachment":[{"href":"https:\/\/mapsly.com\/de\/wp-json\/wp\/v2\/media?parent=382"}],"curies":[{"name":"wp","href":"https:\/\/api.w.org\/{rel}","templated":true}]}}