{"id":346,"date":"2025-06-26T16:38:03","date_gmt":"2025-06-26T13:38:03","guid":{"rendered":"https:\/\/mapsly.com?page_id=346"},"modified":"2025-12-09T13:16:56","modified_gmt":"2025-12-09T10:16:56","slug":"sub-processors","status":"publish","type":"page","link":"https:\/\/mapsly.com\/de\/sub-processors\/","title":{"rendered":"Mapsly Unterauftragsverarbeiter"},"content":{"rendered":"<div data-elementor-type=\"wp-page\" data-elementor-id=\"346\" class=\"elementor elementor-346\" data-elementor-post-type=\"page\">\n\t\t\t\t<div class=\"elementor-element elementor-element-7003a283 e-flex e-con-boxed e-con e-parent\" data-id=\"7003a283\" data-element_type=\"container\" data-e-type=\"container\">\n\t\t\t\t\t<div class=\"e-con-inner\">\n\t\t\t\t<div class=\"elementor-element elementor-element-44e21518 text-ed-subpr elementor-widget elementor-widget-text-editor\" data-id=\"44e21518\" data-element_type=\"widget\" data-e-type=\"widget\" data-widget_type=\"text-editor.default\">\n\t\t\t\t<div class=\"elementor-widget-container\">\n\t\t\t\t\t\t\t\t\t\n<p><em>Letzte Aktualisierung: 24. Oktober 2023<\/em><\/p>\n\n\n\n<p>Diese Seite bietet Informationen \u00fcber die Unterauftragsverarbeiter, die Mapsly in \u00dcbereinstimmung mit Mapsly engagiert hat. <a href=\"\/de\/dpa\/\">Addendum zur Datenverarbeitung<\/a> (&#8220;Mapsly DPA&#8221;) zur Durchf\u00fchrung von Verarbeitungst\u00e4tigkeiten an Kundendaten (wie im Mapsly DPA definiert) im Auftrag der Kunden. Die f\u00fcr einen einzelnen Kunden relevanten Subprozessoren h\u00e4ngen von der jeweiligen Mapsly-Funktionalit\u00e4t ab, die der Kunde nutzt.<\/p>\n\n\n\n<p>Mapsly wird diese Seite mindestens 30 Tage vor der Beauftragung eines neuen Subprozessors aktualisieren. Wenn Sie per E-Mail \u00fcber \u00c4nderungen an dieser Seite benachrichtigt werden m\u00f6chten, kontaktieren Sie uns bitte unter, <strong>privacy@mapsly.com<\/strong>.<\/p>\n\n\n\n<figure class=\"wp-block-table\"><table><thead><tr><th><strong>Dienstanbieter<\/strong><\/th><th><strong>Mapsly-Funktionalit\u00e4t<\/strong><\/th><th><strong>Standort des Dienstanbieters<\/strong><\/th><th><strong>Aktivit\u00e4t wird verarbeitet<\/strong><\/th><\/tr><\/thead><tbody><tr><td>HERE North America, LLC<\/td><td>Routenplanung, Navigation<\/td><td>Vereinigte Staaten von Amerika<\/td><td>Routenoptimierung, Navigation, Geokodierung<\/td><\/tr><tr><td>HubSpot, Inc.<\/td><td>\u2014<\/td><td>Vereinigte Staaten von Amerika<\/td><td>Kundenbeziehungsmanagement<\/td><\/tr><tr><td>Intercom, Inc.<\/td><td>Chat mit Mapsly<\/td><td>Vereinigte Staaten von Amerika<\/td><td>Chat- und E-Mail-Kommunikation<\/td><\/tr><tr><td>Google, Inc.<\/td><td>Geokodierung<\/td><td>Vereinigte Staaten von Amerika<\/td><td>Geokodierung, E-Mail-Kommunikation<\/td><\/tr><tr><td>LogRocket, Inc.<\/td><td>\u2014<\/td><td>Vereinigte Staaten von Amerika<\/td><td>App-Leistungs\u00fcberwachung und Benutzeranalysen<\/td><\/tr><tr><td>Mailchimp, Inc.<\/td><td>\u2014<\/td><td>Vereinigte Staaten von Amerika<\/td><td>Meetingaufzeichnung und Transkription<\/td><\/tr><tr><td>Mapbox, Inc.<\/td><td>Geokodierung<\/td><td>Vereinigte Staaten von Amerika<\/td><td>Routenoptimierung, Geokodierung<\/td><\/tr><tr><td>Paddle.com, Inc.<\/td><td>Abrechnung<\/td><td>Vereinigte Staaten von Amerika<\/td><td>Kreditkartenabwicklung, Verantwortlicher H\u00e4ndler<\/td><\/tr><tr><td>Rewatch, Inc.<\/td><td>\u2014<\/td><td>Vereinigte Staaten von Amerika<\/td><td>Meetingaufzeichnung und Transkription<\/td><\/tr><tr><td>Twilio Inc.<\/td><td>Nachrichten<\/td><td>Vereinigte Staaten von Amerika<\/td><td>SMS- und E-Mail-Kommunikation<\/td><\/tr><tr><td>Slack Inc.<\/td><td>\u2014<\/td><td>Vereinigte Staaten von Amerika<\/td><td>Mapsly interne Nachrichten<\/td><\/tr><tr><td>Stripe, Inc.<\/td><td>Abrechnung<\/td><td>Vereinigte Staaten von Amerika<\/td><td>Kreditkartenverarbeitung<\/td><\/tr><\/tbody><\/table><\/figure>\n\t\t\t\t\t\t\t\t<\/div>\n\t\t\t\t<\/div>\n\t\t\t\t\t<\/div>\n\t\t\t\t<\/div>\n\t\t\t\t<\/div>","protected":false},"excerpt":{"rendered":"<p>Zuletzt aktualisiert: 24. Oktober 2023 Diese Seite enth\u00e4lt Informationen \u00fcber die Subprozessoren, die Mapsly in \u00dcbereinstimmung mit dem Mapsly Data Processing Addendum (&#8220;Mapsly DPA&#8221;) beauftragt hat, um Verarbeitungsaktivit\u00e4ten an Kundendaten (wie im Mapsly DPA definiert) im Auftrag der Kunden durchzuf\u00fchren. Die f\u00fcr einen einzelnen Kunden relevanten Subprozessoren h\u00e4ngen vom jeweiligen Mapsly [&hellip;]<\/p>","protected":false},"author":1,"featured_media":0,"parent":0,"menu_order":0,"comment_status":"closed","ping_status":"closed","template":"","meta":{"_acf_changed":false,"footnotes":""},"class_list":["post-346","page","type-page","status-publish","hentry"],"acf":[],"yoast_head":"<!-- This site is optimized with the Yoast SEO plugin v26.6 - https:\/\/yoast.com\/wordpress\/plugins\/seo\/ -->\n<title>Mapsly Sub-Processors - Mapsly<\/title>\n<meta name=\"description\" content=\"This page provides information about the sub-processors that Mapsly has engaged in accordance with the Mapsly Data Processing Addendum (\u201cMapsly DPA\u201d) to provide processing activities on Customer Data (as defined in the Mapsly DPA) on behalf of customers. Sub-processors relevant to an individual customer will depend on the particular Mapsly functionality that the customer uses.\" \/>\n<meta name=\"robots\" content=\"index, follow, max-snippet:-1, max-image-preview:large, max-video-preview:-1\" \/>\n<link rel=\"canonical\" href=\"https:\/\/mapsly.com\/de\/sub-processors\/\" \/>\n<meta property=\"og:locale\" content=\"de_DE\" \/>\n<meta property=\"og:type\" content=\"article\" \/>\n<meta property=\"og:title\" content=\"Mapsly Sub-Processors - Mapsly\" \/>\n<meta property=\"og:description\" content=\"This page provides information about the sub-processors that Mapsly has engaged in accordance with the Mapsly Data Processing Addendum (\u201cMapsly DPA\u201d) to provide processing activities on Customer Data (as defined in the Mapsly DPA) on behalf of customers. Sub-processors relevant to an individual customer will depend on the particular Mapsly functionality that the customer uses.\" \/>\n<meta property=\"og:url\" content=\"https:\/\/mapsly.com\/de\/sub-processors\/\" \/>\n<meta property=\"og:site_name\" content=\"Mapsly\" \/>\n<meta property=\"article:modified_time\" content=\"2025-12-09T10:16:56+00:00\" \/>\n<meta name=\"twitter:card\" content=\"summary_large_image\" \/>\n<meta name=\"twitter:label1\" content=\"Gesch\u00e4tzte Lesezeit\" \/>\n\t<meta name=\"twitter:data1\" content=\"1\u00a0Minute\" \/>\n<script type=\"application\/ld+json\" class=\"yoast-schema-graph\">{\"@context\":\"https:\/\/schema.org\",\"@graph\":[{\"@type\":\"WebPage\",\"@id\":\"https:\/\/mapsly.com\/fr\/sub-processors\/\",\"url\":\"https:\/\/mapsly.com\/fr\/sub-processors\/\",\"name\":\"Mapsly Sub-Processors - Mapsly\",\"isPartOf\":{\"@id\":\"https:\/\/mapsly.com\/#website\"},\"datePublished\":\"2025-06-26T13:38:03+00:00\",\"dateModified\":\"2025-12-09T10:16:56+00:00\",\"description\":\"This page provides information about the sub-processors that Mapsly has engaged in accordance with the Mapsly Data Processing Addendum (\u201cMapsly DPA\u201d) to provide processing activities on Customer Data (as defined in the Mapsly DPA) on behalf of customers. Sub-processors relevant to an individual customer will depend on the particular Mapsly functionality that the customer uses.\",\"breadcrumb\":{\"@id\":\"https:\/\/mapsly.com\/fr\/sub-processors\/#breadcrumb\"},\"inLanguage\":\"de\",\"potentialAction\":[{\"@type\":\"ReadAction\",\"target\":[\"https:\/\/mapsly.com\/fr\/sub-processors\/\"]}]},{\"@type\":\"BreadcrumbList\",\"@id\":\"https:\/\/mapsly.com\/fr\/sub-processors\/#breadcrumb\",\"itemListElement\":[{\"@type\":\"ListItem\",\"position\":1,\"name\":\"Home\",\"item\":\"https:\/\/mapsly.com\/\"},{\"@type\":\"ListItem\",\"position\":2,\"name\":\"Mapsly Sub-Processors\"}]},{\"@type\":\"WebSite\",\"@id\":\"https:\/\/mapsly.com\/#website\",\"url\":\"https:\/\/mapsly.com\/\",\"name\":\"Mapsly\",\"description\":\"The Ultimate CRM Map\",\"publisher\":{\"@id\":\"https:\/\/mapsly.com\/#organization\"},\"potentialAction\":[{\"@type\":\"SearchAction\",\"target\":{\"@type\":\"EntryPoint\",\"urlTemplate\":\"https:\/\/mapsly.com\/?s={search_term_string}\"},\"query-input\":{\"@type\":\"PropertyValueSpecification\",\"valueRequired\":true,\"valueName\":\"search_term_string\"}}],\"inLanguage\":\"de\"},{\"@type\":\"Organization\",\"@id\":\"https:\/\/mapsly.com\/#organization\",\"name\":\"Mapsly\",\"url\":\"https:\/\/mapsly.com\/\",\"logo\":{\"@type\":\"ImageObject\",\"inLanguage\":\"de\",\"@id\":\"https:\/\/mapsly.com\/#\/schema\/logo\/image\/\",\"url\":\"https:\/\/mapsly.com\/wp-content\/uploads\/2025\/06\/Mapsly-Logo-2x-BIG.png\",\"contentUrl\":\"https:\/\/mapsly.com\/wp-content\/uploads\/2025\/06\/Mapsly-Logo-2x-BIG.png\",\"width\":280,\"height\":85,\"caption\":\"Mapsly\"},\"image\":{\"@id\":\"https:\/\/mapsly.com\/#\/schema\/logo\/image\/\"}}]}<\/script>\n<!-- \/ Yoast SEO plugin. -->","yoast_head_json":{"title":"Mapsly Unterauftragsverarbeiter - Mapsly","description":"Diese Seite enth\u00e4lt Informationen \u00fcber die Unterauftragsverarbeiter, die Mapsly gem\u00e4\u00df dem Mapsly Data Processing Addendum (\u201eMapsly DPA\u201c) beauftragt hat, um Verarbeitungst\u00e4tigkeiten an Kundendaten (wie im Mapsly DPA definiert) im Auftrag der Kunden durchzuf\u00fchren.\nWelche Unterauftragsverarbeiter f\u00fcr einen bestimmten Kunden relevant sind, h\u00e4ngt von den spezifischen Mapsly-Funktionen ab, die der Kunde nutzt.","robots":{"index":"index","follow":"follow","max-snippet":"max-snippet:-1","max-image-preview":"max-image-preview:large","max-video-preview":"max-video-preview:-1"},"canonical":"https:\/\/mapsly.com\/de\/sub-processors\/","og_locale":"de_DE","og_type":"article","og_title":"Mapsly Sub-Processors - Mapsly","og_description":"This page provides information about the sub-processors that Mapsly has engaged in accordance with the Mapsly Data Processing Addendum (\u201cMapsly DPA\u201d) to provide processing activities on Customer Data (as defined in the Mapsly DPA) on behalf of customers. Sub-processors relevant to an individual customer will depend on the particular Mapsly functionality that the customer uses.","og_url":"https:\/\/mapsly.com\/de\/sub-processors\/","og_site_name":"Mapsly","article_modified_time":"2025-12-09T10:16:56+00:00","twitter_card":"summary_large_image","twitter_misc":{"Gesch\u00e4tzte Lesezeit":"1\u00a0Minute"},"schema":{"@context":"https:\/\/schema.org","@graph":[{"@type":"WebPage","@id":"https:\/\/mapsly.com\/fr\/sub-processors\/","url":"https:\/\/mapsly.com\/fr\/sub-processors\/","name":"Mapsly Unterauftragsverarbeiter - Mapsly","isPartOf":{"@id":"https:\/\/mapsly.com\/#website"},"datePublished":"2025-06-26T13:38:03+00:00","dateModified":"2025-12-09T10:16:56+00:00","description":"Diese Seite enth\u00e4lt Informationen \u00fcber die Unterauftragsverarbeiter, die Mapsly gem\u00e4\u00df dem Mapsly Data Processing Addendum (\u201eMapsly DPA\u201c) beauftragt hat, um Verarbeitungst\u00e4tigkeiten an Kundendaten (wie im Mapsly DPA definiert) im Auftrag der Kunden durchzuf\u00fchren.\nWelche Unterauftragsverarbeiter f\u00fcr einen bestimmten Kunden relevant sind, h\u00e4ngt von den spezifischen Mapsly-Funktionen ab, die der Kunde nutzt.","breadcrumb":{"@id":"https:\/\/mapsly.com\/fr\/sub-processors\/#breadcrumb"},"inLanguage":"de","potentialAction":[{"@type":"ReadAction","target":["https:\/\/mapsly.com\/fr\/sub-processors\/"]}]},{"@type":"BreadcrumbList","@id":"https:\/\/mapsly.com\/fr\/sub-processors\/#breadcrumb","itemListElement":[{"@type":"ListItem","position":1,"name":"Home","item":"https:\/\/mapsly.com\/"},{"@type":"ListItem","position":2,"name":"Mapsly Sub-Processors"}]},{"@type":"WebSite","@id":"https:\/\/mapsly.com\/#website","url":"https:\/\/mapsly.com\/","name":"Mapsly","description":"Die ultimative CRM-Karte","publisher":{"@id":"https:\/\/mapsly.com\/#organization"},"potentialAction":[{"@type":"SearchAction","target":{"@type":"EntryPoint","urlTemplate":"https:\/\/mapsly.com\/?s={search_term_string}"},"query-input":{"@type":"PropertyValueSpecification","valueRequired":true,"valueName":"search_term_string"}}],"inLanguage":"de"},{"@type":"Organization","@id":"https:\/\/mapsly.com\/#organization","name":"Mapsly","url":"https:\/\/mapsly.com\/","logo":{"@type":"ImageObject","inLanguage":"de","@id":"https:\/\/mapsly.com\/#\/schema\/logo\/image\/","url":"https:\/\/mapsly.com\/wp-content\/uploads\/2025\/06\/Mapsly-Logo-2x-BIG.png","contentUrl":"https:\/\/mapsly.com\/wp-content\/uploads\/2025\/06\/Mapsly-Logo-2x-BIG.png","width":280,"height":85,"caption":"Mapsly"},"image":{"@id":"https:\/\/mapsly.com\/#\/schema\/logo\/image\/"}}]}},"_links":{"self":[{"href":"https:\/\/mapsly.com\/de\/wp-json\/wp\/v2\/pages\/346","targetHints":{"allow":["GET"]}}],"collection":[{"href":"https:\/\/mapsly.com\/de\/wp-json\/wp\/v2\/pages"}],"about":[{"href":"https:\/\/mapsly.com\/de\/wp-json\/wp\/v2\/types\/page"}],"author":[{"embeddable":true,"href":"https:\/\/mapsly.com\/de\/wp-json\/wp\/v2\/users\/1"}],"replies":[{"embeddable":true,"href":"https:\/\/mapsly.com\/de\/wp-json\/wp\/v2\/comments?post=346"}],"version-history":[{"count":8,"href":"https:\/\/mapsly.com\/de\/wp-json\/wp\/v2\/pages\/346\/revisions"}],"predecessor-version":[{"id":22246,"href":"https:\/\/mapsly.com\/de\/wp-json\/wp\/v2\/pages\/346\/revisions\/22246"}],"wp:attachment":[{"href":"https:\/\/mapsly.com\/de\/wp-json\/wp\/v2\/media?parent=346"}],"curies":[{"name":"wp","href":"https:\/\/api.w.org\/{rel}","templated":true}]}}