{"id":322,"date":"2025-06-26T16:32:52","date_gmt":"2025-06-26T13:32:52","guid":{"rendered":"https:\/\/mapsly.com?page_id=322"},"modified":"2025-12-16T14:31:35","modified_gmt":"2025-12-16T11:31:35","slug":"live-map-for-customer-portals","status":"publish","type":"page","link":"https:\/\/mapsly.com\/de\/live-map-for-customer-portals\/","title":{"rendered":"Live-personalisierte Karte f\u00fcr Kundenportale"},"content":{"rendered":"<div data-elementor-type=\"wp-page\" data-elementor-id=\"322\" class=\"elementor elementor-322\" data-elementor-post-type=\"page\">\n\t\t\t\t\t\t<section class=\"elementor-section elementor-top-section elementor-element elementor-element-696fef4f elementor-section-boxed elementor-section-height-default elementor-section-height-default\" data-id=\"696fef4f\" data-element_type=\"section\" data-e-type=\"section\">\n\t\t\t\t\t\t<div class=\"elementor-container elementor-column-gap-default\">\n\t\t\t\t\t<div class=\"elementor-column elementor-col-100 elementor-top-column elementor-element elementor-element-52a9e462\" data-id=\"52a9e462\" data-element_type=\"column\" data-e-type=\"column\">\n\t\t\t<div class=\"elementor-widget-wrap elementor-element-populated\">\n\t\t\t\t\t\t<div class=\"elementor-element elementor-element-9677554 elementor-widget elementor-widget-heading\" data-id=\"9677554\" data-element_type=\"widget\" data-e-type=\"widget\" data-widget_type=\"heading.default\">\n\t\t\t\t<div class=\"elementor-widget-container\">\n\t\t\t\t\t<h2 class=\"elementor-heading-title elementor-size-default\">Bieten Sie Ihren Kunden eine interaktive Live-Karte mit speziell f\u00fcr sie zugeordneten Eintr\u00e4gen. Senden Sie sie per Link oder f\u00fcgen Sie sie einem Kundenportal hinzu.\n<\/h2>\t\t\t\t<\/div>\n\t\t\t\t<\/div>\n\t\t\t\t<div class=\"elementor-element elementor-element-29c03ef3 elementor-widget elementor-widget-text-editor\" data-id=\"29c03ef3\" data-element_type=\"widget\" data-e-type=\"widget\" data-widget_type=\"text-editor.default\">\n\t\t\t\t<div class=\"elementor-widget-container\">\n\t\t\t\t\t\t\t\t\t<p><span style=\"color: var( --e-global-color-text ); font-family: var( --e-global-typography-text-font-family ), Sans-serif; font-weight: var( --e-global-typography-text-font-weight ); letter-spacing: 0px;\">Mit Mapsly, <\/span><a style=\"font-family: var( --e-global-typography-text-font-family ), Sans-serif; font-weight: var( --e-global-typography-text-font-weight ); background-color: #ffffff; letter-spacing: 0px;\" href=\"\/de\/shared-interactive-maps\/\">Freigegebene Karten<\/a><span style=\"color: var( --e-global-color-text ); font-family: var( --e-global-typography-text-font-family ), Sans-serif; font-weight: var( --e-global-typography-text-font-weight ); letter-spacing: 0px;\"> Mit URL-Parametern k\u00f6nnen Sie personalisierte interaktive Karten erstellen, deren Inhalte individuell auf jeden Ihrer Kunden zugeschnitten sind. Anschlie\u00dfend k\u00f6nnen Sie eine solche Karte in ein Kundenportal, eine Web- oder Mobile-Anwendung einbetten oder ihnen per E-Mail als Link senden.<\/span><\/p>\n<p><span style=\"color: var( --e-global-color-text ); font-family: var( --e-global-typography-text-font-family ), Sans-serif; font-weight: var( --e-global-typography-text-font-weight ); letter-spacing: 0px;\">Wenn Sie noch kein Kundenportal haben, k\u00f6nnen Sie es in 10 Minuten mit einrichten <\/span><a style=\"font-family: var( --e-global-typography-text-font-family ), Sans-serif; font-weight: var( --e-global-typography-text-font-weight ); letter-spacing: 0px; background-color: #ffffff;\" href=\"https:\/\/www.zoho.com\/creator\/online-customer-portal\/\">Zoho Creator Portal<\/a><span style=\"color: var( --e-global-color-text ); font-family: var( --e-global-typography-text-font-family ), Sans-serif; font-weight: var( --e-global-typography-text-font-weight ); letter-spacing: 0px;\"> Mit nur wenigen Codezeilen, die in unserem Leitfaden bereitgestellt werden, oder einer \u00e4hnlichen Kundenportal-L\u00f6sung.<\/span><\/p>\n<p><span style=\"color: var( --e-global-color-text ); font-family: var( --e-global-typography-text-font-family ), Sans-serif; font-weight: var( --e-global-typography-text-font-weight ); letter-spacing: 0px;\">Sie k\u00f6nnen Ihren Objekten auf der Karte auch Schaltfl\u00e4chen und Formulare hinzuf\u00fcgen, damit Ihre Kunden die Ansicht einer Eigenschaft anfordern und alle weiteren Prozesse durchf\u00fchren k\u00f6nnen, die mit <\/span><a style=\"font-family: var( --e-global-typography-text-font-family ), Sans-serif; font-weight: var( --e-global-typography-text-font-weight ); letter-spacing: 0px; background-color: #ffffff;\" href=\"\/de\/automation\/\">Mapsly Automatisierungs-Suite<\/a><span style=\"color: var( --e-global-color-text ); font-family: var( --e-global-typography-text-font-family ), Sans-serif; font-weight: var( --e-global-typography-text-font-weight ); letter-spacing: 0px;\">Alle Mapsly-Funktionen au\u00dfer routing und prospecting k\u00f6nnen auf solchen personalisierten Karten aktiviert werden.<\/span><\/p>\n<h2 class=\"has-text-align-center\">Beispiel: personalisierte Karte mit den Eigenschaften, die einem Kunden einer Immobilienagentur zugeordnet sind<\/h2>\n<p><span style=\"color: var( --e-global-color-text ); font-family: var( --e-global-typography-text-font-family ), Sans-serif; font-weight: var( --e-global-typography-text-font-weight ); letter-spacing: 0px;\">Um ein besseres Verst\u00e4ndnis daf\u00fcr zu bekommen, was eine personalisierte Karte ist, lassen Sie uns ein Beispiel einer Immobilienagentur betrachten, die Informationen \u00fcber ihre Objekte und Kunden in the <\/span><strong style=\"font-family: var( --e-global-typography-text-font-family ), Sans-serif; letter-spacing: 0px;\">Eigenschaften <\/strong><span style=\"color: var( --e-global-color-text ); font-family: var( --e-global-typography-text-font-family ), Sans-serif; font-weight: var( --e-global-typography-text-font-weight ); letter-spacing: 0px;\">und <\/span><strong style=\"font-family: var( --e-global-typography-text-font-family ), Sans-serif; letter-spacing: 0px;\">Kunden<\/strong><span style=\"color: var( --e-global-color-text ); font-family: var( --e-global-typography-text-font-family ), Sans-serif; font-weight: var( --e-global-typography-text-font-weight ); letter-spacing: 0px;\"> CRM-Objekte (Module). Wenn ein neuer Kunde eintritt und sein Interesse an Immobilien mit spezifischen Merkmalen (Typ, Preisspanne, Lage usw.) bekundet, m\u00f6chte die Agentur in der Lage sein, Immobilien, die diesen Attributen entsprechen, dem Kunden zuzuweisen und ihm Zugang zu einem Portal mit der Karte zu bieten, auf der er diese Immobilien einsehen und Besichtigungen anfordern kann. W\u00e4hrend Account Executives weitere Immobilien zuweisen und diese Zuordnungen entfernen, sollte die Kundenkarte automatisch aktualisiert werden.<\/span><\/p>\n<p><span style=\"color: var( --e-global-color-text ); font-family: var( --e-global-typography-text-font-family ), Sans-serif; font-weight: var( --e-global-typography-text-font-weight ); letter-spacing: 0px;\">Bitte beachten Sie, dass es auch m\u00f6glich ist, solche Zuweisungen mit zu automatisieren, <\/span><a style=\"font-family: var( --e-global-typography-text-font-family ), Sans-serif; font-weight: var( --e-global-typography-text-font-weight ); letter-spacing: 0px; background-color: #ffffff;\" href=\"https:\/\/mapsly.com\/de\/automation\/\">Mapsly Automatisierungs-Suite<\/a><span style=\"color: var( --e-global-color-text ); font-family: var( --e-global-typography-text-font-family ), Sans-serif; font-weight: var( --e-global-typography-text-font-weight ); letter-spacing: 0px;\"> und dessen <\/span><a style=\"font-family: var( --e-global-typography-text-font-family ), Sans-serif; font-weight: var( --e-global-typography-text-font-weight ); letter-spacing: 0px; background-color: #ffffff;\" href=\"https:\/\/mapsly.com\/de\/match-records\/\"><em>Datens\u00e4tze abgleichen<\/em> Aktion<\/a><span style=\"color: var( --e-global-color-text ); font-family: var( --e-global-typography-text-font-family ), Sans-serif; font-weight: var( --e-global-typography-text-font-weight ); letter-spacing: 0px;\">. Zum Beispiel,,<\/span><\/p>\n<ul>\n<li>wenn ein neuer, <strong>Kunde<\/strong> Nachdem es dem CRM hinzugef\u00fcgt wurde, kann Mapsly automatisch alle Objekte finden, die den Pr\u00e4ferenzen des Kunden entsprechen, einschlie\u00dflich der maximalen Fahrstrecke, sie dem Kunden zuweisen und die Liste der neu zugewiesenen Objekte per E-Mail an den Kunden und seinen Account Executive senden;<\/li>\n<li>auch, wenn ein neuer, <strong>Eigenschaft <\/strong>Wird es dem CRM hinzugef\u00fcgt, kann Mapsly automatisch alle Kunden finden, deren Pr\u00e4ferenzen mit der Eigenschaft \u00fcbereinstimmen, sie zuweisen und dar\u00fcber benachrichtigen.<\/li>\n<\/ul>\n<p>In diesem Beispiel,, <em>Eigenschaften <\/em>und <em>Kunden <\/em>kann beliebige andere Objekte sein, standardisiert oder benutzerdefiniert, da Mapsly mit allen Feldern und allen Objekten in Ihrer Datenquelle auf die gleiche Weise arbeitet, unabh\u00e4ngig davon, ob es sich um ein CRM, eine Tabellenkalkulation oder ein benutzerdefiniertes IT-System handelt, das mit Mapsly \u00fcber seine API verbunden ist.<\/p>\n<figure class=\"wp-block-pullquote\">\n<blockquote>\n<p>Das Mapsly-Implementierungsteam wird den gesamten Prozess in Mapsly aufbauen, <br \/>damit Sie sich auf Ihr Gesch\u00e4ft konzentrieren k\u00f6nnen. <br \/><a href=\"https:\/\/calendly.com\/mapsly-meeting\/quick-demo\" target=\"_blank\" rel=\"noopener\">Planen Sie noch heute einen Webcall<\/a>.<\/p>\n<p><cite>Oder fragen Sie uns im Chat alles, wir sind immer online<\/cite><\/p>\n<\/blockquote>\n<\/figure>\n<h2 id=\"block-2c1baa7e-e262-4b46-baad-5aa9afcc4c6a\">Demo: Kundenportal mit personalisierter Karte<\/h2>\n<p id=\"block-14dbae5b-e5d6-48ba-af7c-5958d28d47c8\">Eine personalisierte Karte kann in jede Portal-L\u00f6sung eingebettet werden. In diesem Beispiel wird eine Karte zu einem Kundenportal hinzugef\u00fcgt. <a href=\"http:\/\/help.mapsly.com\/articles\/5489056?_ga=2.242671814.536852451.1632143928-264234993.1632143928\">gebaut<\/a><a href=\"https:\/\/help.mapsly.com\/articles\/5489056?_ga=2.242671814.536852451.1632143928-264234993.1632143928\"> in 10 Minuten mit Zoho Creator Portal<\/a>, das sowohl als Web-App als auch als mobile App verf\u00fcgbar ist.<\/p>\n<p id=\"block-13b00ada-c55d-4c47-b9f2-c6e474068a11\">When a <em>Kunde<\/em> Wenn ein Datensatz zu einem CRM hinzugef\u00fcgt wird, generiert Mapsly automatisch einen signierten, personalisierten Kartenlink, der die diesem bestimmten Kunden zugewiesenen Property-Datens\u00e4tze anzeigt und den Kunden im Portal registriert. Wenn sich der Kunde mit seiner E-Mail im Portal anmeldet, sieht er die Karte auf der Karten-Seite. Zus\u00e4tzlich zur M\u00f6glichkeit, auf Kartenmarker zu klicken, um die Daten der Datens\u00e4tze anzuzeigen, kann der Kunde im Karten-Popup auf \"Besuch planen\" klicken, um eine Anfrage f\u00fcr einen Immobilienbesuch zu stellen, die Mapsly als Datensatz im CRM erstellt.<\/p>\n<div class=\"wp-block-buttons is-content-justification-center\">\n<p><\/p>\n<div class=\"wp-block-button is-style-fill\"><a class=\"wp-block-button__link\" href=\"https:\/\/sampleco.zohocreatorportal.com\/\" target=\"_blank\" rel=\"noreferrer noopener\">Zum Demo-Kundenportal <\/a><\/div>\n<p>\u00a0<\/p>\n<\/div>\n<h2 id=\"block-b7db5c57-94d7-47a4-83e2-ef6785da617f\">\u00a0<\/h2>\n<h2 id=\"block-b7db5c57-94d7-47a4-83e2-ef6785da617f\">Mehr erfahren<\/h2>\n<p id=\"block-1616fc2d-8f84-479f-a38a-17167c194b5e\"><a href=\"https:\/\/help.mapsly.com\/articles\/5386021?_ga=2.242671814.536852451.1632143928-264234993.1632143928\">Schritt-f\u00fcr-Schritt-Anleitung: Erstellen Sie eine personalisierte Karte, die \u00fcber einen Link zug\u00e4nglich ist<\/a>.<\/p>\n<p id=\"block-212896f6-6f5d-4f91-bf76-4ba3c525873d\"><a href=\"https:\/\/help.mapsly.com\/articles\/5489056\">Schritt-f\u00fcr-Schritt-Anleitung: Konfigurieren Sie ein Zoho Creator-Portal mit einer personalisierten Karte in 10 Minuten<\/a>.<\/p>\n<p id=\"block-fe4a3f79-ae6e-4060-a68d-a1b659a4f13b\"><a href=\"https:\/\/help.mapsly.com\/articles\/5510049\">Schritt-f\u00fcr-Schritt-Anleitung: Richten Sie die automatische Registrierung Ihrer Kunden im Zoho Creator-Kundenportal ein<\/a>.<\/p>\n<h2 id=\"block-7d350572-49a2-446c-bb78-a5aac951bd82\">Buchen Sie eine Live-Demo mit einem L\u00f6sungsingenieur<\/h2>\n<p id=\"block-8d3a951b-e56e-4b21-bd43-06506e23e630\"><a href=\"https:\/\/calendly.com\/mapsly-meeting\/quick-demo\">Vereinbaren Sie einen Webanruf mit einem Mapsly-Ingenieur<\/a> um Ihren Anwendungsfall im Detail zu besprechen und Ihr Mapsly-Konto sowie geteilte Karten zu konfigurieren.<\/p>\n<p id=\"block-8d3a951b-e56e-4b21-bd43-06506e23e630\">\u00a0<\/p>\t\t\t\t\t\t\t\t<\/div>\n\t\t\t\t<\/div>\n\t\t\t\t\t<\/div>\n\t\t<\/div>\n\t\t\t\t\t<\/div>\n\t\t<\/section>\n\t\t\t\t<\/div>","protected":false},"excerpt":{"rendered":"<p>Bieten Sie Ihren Kunden eine Live-Interaktivkarte mit speziell ihnen zugeordneten Datens\u00e4tzen. Versenden Sie diese per Link oder f\u00fcgen Sie sie einem Kundenportal hinzu. Mit den Shared Maps von Mapsly und URL-Parametern k\u00f6nnen Sie personalisierte interaktive Karten erstellen, die inhaltlich individuell auf jeden Ihrer Kunden zugeschnitten sind. Anschlie\u00dfend k\u00f6nnen Sie eine solche Karte in ein [...] einbetten.<\/p>","protected":false},"author":1,"featured_media":0,"parent":0,"menu_order":0,"comment_status":"closed","ping_status":"closed","template":"","meta":{"_acf_changed":false,"footnotes":""},"class_list":["post-322","page","type-page","status-publish","hentry"],"acf":[],"yoast_head":"<!-- This site is optimized with the Yoast SEO plugin v26.6 - https:\/\/yoast.com\/wordpress\/plugins\/seo\/ -->\n<title>Live Personalized Map for Customer Portals - Mapsly<\/title>\n<meta name=\"description\" content=\"Offer your clients a live interactive map with records assigned specifically to them. Send it by link or add to a customer portal.\" \/>\n<meta name=\"robots\" content=\"index, follow, max-snippet:-1, max-image-preview:large, max-video-preview:-1\" \/>\n<link rel=\"canonical\" href=\"https:\/\/mapsly.com\/de\/live-map-for-customer-portals\/\" \/>\n<meta property=\"og:locale\" content=\"de_DE\" \/>\n<meta property=\"og:type\" content=\"article\" \/>\n<meta property=\"og:title\" content=\"Live Personalized Map for Customer Portals - Mapsly\" \/>\n<meta property=\"og:description\" content=\"Offer your clients a live interactive map with records assigned specifically to them. Send it by link or add to a customer portal.\" \/>\n<meta property=\"og:url\" content=\"https:\/\/mapsly.com\/de\/live-map-for-customer-portals\/\" \/>\n<meta property=\"og:site_name\" content=\"Mapsly\" \/>\n<meta property=\"article:modified_time\" content=\"2025-12-16T11:31:35+00:00\" \/>\n<meta name=\"twitter:card\" content=\"summary_large_image\" \/>\n<meta name=\"twitter:label1\" content=\"Gesch\u00e4tzte Lesezeit\" \/>\n\t<meta name=\"twitter:data1\" content=\"3\u00a0Minuten\" \/>\n<script type=\"application\/ld+json\" class=\"yoast-schema-graph\">{\"@context\":\"https:\/\/schema.org\",\"@graph\":[{\"@type\":\"WebPage\",\"@id\":\"https:\/\/mapsly.com\/live-map-for-customer-portals\/\",\"url\":\"https:\/\/mapsly.com\/live-map-for-customer-portals\/\",\"name\":\"Live Personalized Map for Customer Portals - Mapsly\",\"isPartOf\":{\"@id\":\"https:\/\/mapsly.com\/#website\"},\"datePublished\":\"2025-06-26T13:32:52+00:00\",\"dateModified\":\"2025-12-16T11:31:35+00:00\",\"description\":\"Offer your clients a live interactive map with records assigned specifically to them. Send it by link or add to a customer portal.\",\"breadcrumb\":{\"@id\":\"https:\/\/mapsly.com\/live-map-for-customer-portals\/#breadcrumb\"},\"inLanguage\":\"de\",\"potentialAction\":[{\"@type\":\"ReadAction\",\"target\":[\"https:\/\/mapsly.com\/live-map-for-customer-portals\/\"]}]},{\"@type\":\"BreadcrumbList\",\"@id\":\"https:\/\/mapsly.com\/live-map-for-customer-portals\/#breadcrumb\",\"itemListElement\":[{\"@type\":\"ListItem\",\"position\":1,\"name\":\"Home\",\"item\":\"https:\/\/mapsly.com\/\"},{\"@type\":\"ListItem\",\"position\":2,\"name\":\"Live Personalized Map for Customer Portals\"}]},{\"@type\":\"WebSite\",\"@id\":\"https:\/\/mapsly.com\/#website\",\"url\":\"https:\/\/mapsly.com\/\",\"name\":\"Mapsly\",\"description\":\"The Ultimate CRM Map\",\"publisher\":{\"@id\":\"https:\/\/mapsly.com\/#organization\"},\"potentialAction\":[{\"@type\":\"SearchAction\",\"target\":{\"@type\":\"EntryPoint\",\"urlTemplate\":\"https:\/\/mapsly.com\/?s={search_term_string}\"},\"query-input\":{\"@type\":\"PropertyValueSpecification\",\"valueRequired\":true,\"valueName\":\"search_term_string\"}}],\"inLanguage\":\"de\"},{\"@type\":\"Organization\",\"@id\":\"https:\/\/mapsly.com\/#organization\",\"name\":\"Mapsly\",\"url\":\"https:\/\/mapsly.com\/\",\"logo\":{\"@type\":\"ImageObject\",\"inLanguage\":\"de\",\"@id\":\"https:\/\/mapsly.com\/#\/schema\/logo\/image\/\",\"url\":\"https:\/\/mapsly.com\/wp-content\/uploads\/2025\/06\/Mapsly-Logo-2x-BIG.png\",\"contentUrl\":\"https:\/\/mapsly.com\/wp-content\/uploads\/2025\/06\/Mapsly-Logo-2x-BIG.png\",\"width\":280,\"height\":85,\"caption\":\"Mapsly\"},\"image\":{\"@id\":\"https:\/\/mapsly.com\/#\/schema\/logo\/image\/\"}}]}<\/script>\n<!-- \/ Yoast SEO plugin. -->","yoast_head_json":{"title":"Live-Personalisierte Karte f\u00fcr Kundenportale - Mapsly","description":"Bieten Sie Ihren Kunden eine interaktive Live-Karte mit speziell f\u00fcr sie zugeordneten Eintr\u00e4gen. Senden Sie sie per Link oder f\u00fcgen Sie sie einem Kundenportal hinzu.","robots":{"index":"index","follow":"follow","max-snippet":"max-snippet:-1","max-image-preview":"max-image-preview:large","max-video-preview":"max-video-preview:-1"},"canonical":"https:\/\/mapsly.com\/de\/live-map-for-customer-portals\/","og_locale":"de_DE","og_type":"article","og_title":"Live Personalized Map for Customer Portals - Mapsly","og_description":"Offer your clients a live interactive map with records assigned specifically to them. Send it by link or add to a customer portal.","og_url":"https:\/\/mapsly.com\/de\/live-map-for-customer-portals\/","og_site_name":"Mapsly","article_modified_time":"2025-12-16T11:31:35+00:00","twitter_card":"summary_large_image","twitter_misc":{"Gesch\u00e4tzte Lesezeit":"3\u00a0Minuten"},"schema":{"@context":"https:\/\/schema.org","@graph":[{"@type":"WebPage","@id":"https:\/\/mapsly.com\/live-map-for-customer-portals\/","url":"https:\/\/mapsly.com\/live-map-for-customer-portals\/","name":"Live-Personalisierte Karte f\u00fcr Kundenportale - Mapsly","isPartOf":{"@id":"https:\/\/mapsly.com\/#website"},"datePublished":"2025-06-26T13:32:52+00:00","dateModified":"2025-12-16T11:31:35+00:00","description":"Bieten Sie Ihren Kunden eine interaktive Live-Karte mit speziell f\u00fcr sie zugeordneten Eintr\u00e4gen. Senden Sie sie per Link oder f\u00fcgen Sie sie einem Kundenportal hinzu.","breadcrumb":{"@id":"https:\/\/mapsly.com\/live-map-for-customer-portals\/#breadcrumb"},"inLanguage":"de","potentialAction":[{"@type":"ReadAction","target":["https:\/\/mapsly.com\/live-map-for-customer-portals\/"]}]},{"@type":"BreadcrumbList","@id":"https:\/\/mapsly.com\/live-map-for-customer-portals\/#breadcrumb","itemListElement":[{"@type":"ListItem","position":1,"name":"Home","item":"https:\/\/mapsly.com\/"},{"@type":"ListItem","position":2,"name":"Live Personalized Map for Customer Portals"}]},{"@type":"WebSite","@id":"https:\/\/mapsly.com\/#website","url":"https:\/\/mapsly.com\/","name":"Mapsly","description":"Die ultimative CRM-Karte","publisher":{"@id":"https:\/\/mapsly.com\/#organization"},"potentialAction":[{"@type":"SearchAction","target":{"@type":"EntryPoint","urlTemplate":"https:\/\/mapsly.com\/?s={search_term_string}"},"query-input":{"@type":"PropertyValueSpecification","valueRequired":true,"valueName":"search_term_string"}}],"inLanguage":"de"},{"@type":"Organization","@id":"https:\/\/mapsly.com\/#organization","name":"Mapsly","url":"https:\/\/mapsly.com\/","logo":{"@type":"ImageObject","inLanguage":"de","@id":"https:\/\/mapsly.com\/#\/schema\/logo\/image\/","url":"https:\/\/mapsly.com\/wp-content\/uploads\/2025\/06\/Mapsly-Logo-2x-BIG.png","contentUrl":"https:\/\/mapsly.com\/wp-content\/uploads\/2025\/06\/Mapsly-Logo-2x-BIG.png","width":280,"height":85,"caption":"Mapsly"},"image":{"@id":"https:\/\/mapsly.com\/#\/schema\/logo\/image\/"}}]}},"_links":{"self":[{"href":"https:\/\/mapsly.com\/de\/wp-json\/wp\/v2\/pages\/322","targetHints":{"allow":["GET"]}}],"collection":[{"href":"https:\/\/mapsly.com\/de\/wp-json\/wp\/v2\/pages"}],"about":[{"href":"https:\/\/mapsly.com\/de\/wp-json\/wp\/v2\/types\/page"}],"author":[{"embeddable":true,"href":"https:\/\/mapsly.com\/de\/wp-json\/wp\/v2\/users\/1"}],"replies":[{"embeddable":true,"href":"https:\/\/mapsly.com\/de\/wp-json\/wp\/v2\/comments?post=322"}],"version-history":[{"count":18,"href":"https:\/\/mapsly.com\/de\/wp-json\/wp\/v2\/pages\/322\/revisions"}],"predecessor-version":[{"id":25120,"href":"https:\/\/mapsly.com\/de\/wp-json\/wp\/v2\/pages\/322\/revisions\/25120"}],"wp:attachment":[{"href":"https:\/\/mapsly.com\/de\/wp-json\/wp\/v2\/media?parent=322"}],"curies":[{"name":"wp","href":"https:\/\/api.w.org\/{rel}","templated":true}]}}