{"id":279,"date":"2025-06-26T15:55:56","date_gmt":"2025-06-26T12:55:56","guid":{"rendered":"https:\/\/mapsly.com?page_id=279"},"modified":"2025-12-16T14:29:07","modified_gmt":"2025-12-16T11:29:07","slug":"access-control-and-sharing","status":"publish","type":"page","link":"https:\/\/mapsly.com\/de\/access-control-and-sharing\/","title":{"rendered":"Steuern Sie, wer in Mapsly was sieht"},"content":{"rendered":"<div data-elementor-type=\"wp-page\" data-elementor-id=\"279\" class=\"elementor elementor-279\" data-elementor-post-type=\"page\">\n\t\t\t\t<div class=\"elementor-element elementor-element-7d73e3c e-flex e-con-boxed e-con e-parent\" data-id=\"7d73e3c\" data-element_type=\"container\" data-e-type=\"container\">\n\t\t\t\t\t<div class=\"e-con-inner\">\n\t\t\t\t<div class=\"elementor-element elementor-element-73a13d2 elementor-widget elementor-widget-heading\" data-id=\"73a13d2\" data-element_type=\"widget\" data-e-type=\"widget\" data-widget_type=\"heading.default\">\n\t\t\t\t<div class=\"elementor-widget-container\">\n\t\t\t\t\t<h2 class=\"elementor-heading-title elementor-size-default\">Steuern Sie, wer in Mapsly was sieht\n<\/h2>\t\t\t\t<\/div>\n\t\t\t\t<\/div>\n\t\t\t\t<div class=\"elementor-element elementor-element-3f9320f elementor-widget elementor-widget-text-editor\" data-id=\"3f9320f\" data-element_type=\"widget\" data-e-type=\"widget\" data-widget_type=\"text-editor.default\">\n\t\t\t\t<div class=\"elementor-widget-container\">\n\t\t\t\t\t\t\t\t\t<p>Konfigurieren Sie den Zugriff auf Objekte, deren Felder, einzelne Datens\u00e4tze und Mapsly-Funktionen mithilfe von Benutzerprofilen<\/p>\t\t\t\t\t\t\t\t<\/div>\n\t\t\t\t<\/div>\n\t\t\t\t\t<\/div>\n\t\t\t\t<\/div>\n\t\t<div class=\"elementor-element elementor-element-34eda8f4 e-flex e-con-boxed e-con e-parent\" data-id=\"34eda8f4\" data-element_type=\"container\" data-e-type=\"container\">\n\t\t\t\t\t<div class=\"e-con-inner\">\n\t\t\t\t<div class=\"elementor-element elementor-element-2332bdf6 elementor-widget elementor-widget-text-editor\" data-id=\"2332bdf6\" data-element_type=\"widget\" data-e-type=\"widget\" data-widget_type=\"text-editor.default\">\n\t\t\t\t<div class=\"elementor-widget-container\">\n\t\t\t\t\t\t\t\t\t\n<p>Jedem Mapsly-Benutzer wird ein Benutzerprofil zugewiesen, das definiert, auf welche Objekte, Datens\u00e4tze und Mapsly-Funktionen er Zugriff hat und ob er diese nur einsehen oder auch modifizieren (neue erstellen und bestehende aktualisieren) kann.<\/p>\n\n<p>Bitte beachten Sie, dass Benutzerprofile (Rollen) nicht automatisch mit Ihrem CRM synchronisiert werden, sodass Sie zur Anpassung des Zugriffs \u00fcber die standardm\u00e4\u00dfige Mapsly-Konfiguration hinaus Benutzerprofile in Mapsly unabh\u00e4ngig von Ihrem CRM erstellen und zuweisen m\u00fcssen.<\/p>\n\n<h3 class=\"has-text-align-center wp-block-heading\"><strong>Standardprofile &amp; deren Zugriffsebene<\/strong><\/h3>\n\n<p>Standardm\u00e4\u00dfig verf\u00fcgt Ihr Mapsly-Konto \u00fcber zwei Benutzerprofile: Administrator und Standard user. Sie k\u00f6nnen bei Bedarf weitere Profile hinzuf\u00fcgen.<\/p>\n\n<p>Die Person, die das Mapsly-Konto erstellt und Ihre Datenquelle damit verbunden hat, wird automatisch zum ersten Mapsly-Administrator.<\/p>\n\n<p>Wenn Ihr CRM Single Sign-On unterst\u00fctzt, werden Benutzer aus Ihrer CRM-Organisation, die sich bei Mapsly anmelden, automatisch zu Ihrem Benutzerkonto als Standardbenutzer hinzugef\u00fcgt. Standardm\u00e4\u00dfig erhalten Standardbenutzer automatisch Zugriff auf Objekte, die bei der Anmeldung des Mapsly-Kontos hinzugef\u00fcgt wurden, haben jedoch nur Zugriff auf Datens\u00e4tze, die sie in Ihrem CRM besitzen.<\/p>\n\n<h2 class=\"has-text-align-center wp-block-heading\"><strong>Zugang zu Daten<\/strong><\/h2>\n\n<h3 class=\"has-text-align-center wp-block-heading\"><strong>Objekt- und Feldebene-Zugriff. Anpassbare Datensatzzuweisung.<\/strong><\/h3>\n\n<p>Jedes Objekt im Benutzerprofil hat zwei Berechtigungen: f\u00fcr Datensatzbesitzer und Nichtbesitzer. Die Besitzverh\u00e4ltnisse werden dadurch bestimmt, ob die CRM-Benutzer-ID eines Mapsly-Nutzers mit dem Wert im Owner-Feld eines bestimmten Datensatzes \u00fcbereinstimmt. F\u00fcr Datens\u00e4tze eines Objekts, das dem jeweiligen Nutzer geh\u00f6rt, wendet Mapsly die Berechtigungen des Besitzers an; f\u00fcr andere Datens\u00e4tze &#8211; die Berechtigungen der Nichtbesitzer.<\/p>\n\n<p>Sowohl die CRM-Benutzer-ID als auch die Zuordnung des Owner-Felds f\u00fcr alle Objekte sind konfigurierbar, sodass Sie auch das Ownership-Konzept f\u00fcr manuell hinzugef\u00fcgte Mapsly-Nutzer verwenden k\u00f6nnen, die NICHT Ihre CRM-Nutzer sind.<\/p>\n\n<p>Die Berechtigung f\u00fcr den Besitzer und Nicht-Besitzer kann auf Ausblenden, Anzeigen und \u00c4ndern gesetzt werden. Alternativ k\u00f6nnen Sie den Zugriffslevel f\u00fcr Felder einzeln festlegen.<\/p>\n\n<h3 class=\"has-text-align-center wp-block-heading\"><span id=\"sharing\"><strong>Regeln zur Freigabe von Datens\u00e4tzen<\/strong><\/span><\/h3>\n\n<p>Zus\u00e4tzlich zu den Berechtigungen f\u00fcr Besitzer und Nicht-Besitzer von Datens\u00e4tzen k\u00f6nnen Sie bis zu zwei Freigaberegeln f\u00fcr Datens\u00e4tze definieren, die jeweils aus einer Bedingung und der Zielberechtigung bestehen: Wenn ein Datensatz die Bedingung einer Regel erf\u00fcllt, wird das Zugriffslevel des Benutzers basierend auf der angegebenen Berechtigung erh\u00f6ht, die auch Ausblenden, Anzeigen, Bearbeiten oder auf Feldebene definiert sein kann.<\/p>\n\n<p>Bitte beachten Sie, dass &#8211; gem\u00e4\u00df dem Design &#8211; Freigaberegeln nur dazu verwendet werden k\u00f6nnen, das Zugriffslevel (zus\u00e4tzliche Berechtigungen) f\u00fcr Datens\u00e4tze zu erh\u00f6hen, und nicht dazu verwendet werden k\u00f6nnen, den Zugriff einzuschr\u00e4nken.<\/p>\n\n<h3 class=\"has-text-align-center wp-block-heading\"><strong>Zugriff auf Mapsly-Funktionen<\/strong><\/h3>\n\n<p>In einem Benutzerprofil k\u00f6nnen Sie au\u00dferdem Mapsly-Funktionen deaktivieren, auf die Benutzer keinen Zugriff haben sollten (zum Beispiel das Exportieren von Daten in eine Datei oder das \u00c4ndern der Feldzuordnung f\u00fcr den Export von Interessenten) und verschiedene Funktionen der Benutzeroberfl\u00e4che konfigurieren (wie Seitenleisten, Suchleistenfilter und vieles mehr).<\/p>\n\n<figure class=\"wp-block-pullquote\">\n<blockquote>\n<p>Ich bin mir nicht sicher, wie ich den Zugriff auf Daten oder Funktionen in Mapsly anpassen soll. <br \/>\u2014 Frag unseren L\u00f6sungsingenieur!<br \/><a href=\"https:\/\/calendly.com\/mapsly-meeting\/quick-demo\" target=\"_blank\" rel=\"noopener\">Einen Anruf planen<\/a>.<\/p>\n<cite>Oder chatten Sie mit uns, wir sind immer online<\/cite><\/blockquote>\n<\/figure>\n\n<div class=\"wp-block-spacer\" style=\"height: 100px;\" aria-hidden=\"true\">\u00a0<\/div>\n\n<h2 class=\"has-text-align-center wp-block-heading\" style=\"font-weight: bold; color: #222d39; margin-bottom: 30px;\">Erfahren Sie mehr in Mapsly Help Center<\/h2>\n\n<ul class=\"wp-block-list\" id=\"block-7ddd40ac-6029-4249-bb66-ea2ceb32afd3\">\n<li><a href=\"https:\/\/help.mapsly.com\/articles\/4337620\">Verwenden Sie Benutzerprofile, um den Datenzugriff anzupassen und Mapsly-Funktionen f\u00fcr Benutzergruppen zu aktivieren\/deaktivieren<\/a>.<\/li>\n<li><a href=\"https:\/\/help.mapsly.com\/articles\/4353717\">Gew\u00e4hren Sie den Zugriff auf Datens\u00e4tze oder auf deren spezifische Felder basierend auf einer Bedingung<\/a>.<\/li>\n<\/ul>\n\n<div class=\"wp-block-spacer\" style=\"height: 100px;\" aria-hidden=\"true\">\u00a0<\/div>\n\t\t\t\t\t\t\t\t<\/div>\n\t\t\t\t<\/div>\n\t\t\t\t\t<\/div>\n\t\t\t\t<\/div>\n\t\t\t\t<\/div>","protected":false},"excerpt":{"rendered":"<p>Steuern Sie, wer in Mapsly was sieht. Konfigurieren Sie den Zugriff auf Objekte, deren Felder, einzelne Datens\u00e4tze und Mapsly-Funktionen mithilfe von Benutzerprofilen. Jedem Mapsly-Benutzer wird ein Benutzerprofil zugewiesen, das definiert, auf welche Objekte, Datens\u00e4tze und Mapsly-Funktionen zugegriffen werden kann und ob der Benutzer diese nur einsehen oder auch bearbeiten (neu erstellen und [\u2026] kann.<\/p>","protected":false},"author":1,"featured_media":0,"parent":0,"menu_order":0,"comment_status":"closed","ping_status":"closed","template":"elementor_header_footer","meta":{"_acf_changed":false,"footnotes":""},"class_list":["post-279","page","type-page","status-publish","hentry"],"acf":[],"yoast_head":"<!-- This site is optimized with the Yoast SEO plugin v26.6 - https:\/\/yoast.com\/wordpress\/plugins\/seo\/ -->\n<title>Control Who Sees What in Mapsly - Mapsly<\/title>\n<meta name=\"description\" content=\"Configure access to objects, their fields and Mapsly features using user profiles. Share individual records with record sharing rules.\" \/>\n<meta name=\"robots\" content=\"index, follow, max-snippet:-1, max-image-preview:large, max-video-preview:-1\" \/>\n<link rel=\"canonical\" href=\"https:\/\/mapsly.com\/de\/access-control-and-sharing\/\" \/>\n<meta property=\"og:locale\" content=\"de_DE\" \/>\n<meta property=\"og:type\" content=\"article\" \/>\n<meta property=\"og:title\" content=\"Control Who Sees What in Mapsly - Mapsly\" \/>\n<meta property=\"og:description\" content=\"Configure access to objects, their fields and Mapsly features using user profiles. Share individual records with record sharing rules.\" \/>\n<meta property=\"og:url\" content=\"https:\/\/mapsly.com\/de\/access-control-and-sharing\/\" \/>\n<meta property=\"og:site_name\" content=\"Mapsly\" \/>\n<meta property=\"article:modified_time\" content=\"2025-12-16T11:29:07+00:00\" \/>\n<meta name=\"twitter:card\" content=\"summary_large_image\" \/>\n<meta name=\"twitter:label1\" content=\"Gesch\u00e4tzte Lesezeit\" \/>\n\t<meta name=\"twitter:data1\" content=\"3\u00a0Minuten\" \/>\n<script type=\"application\/ld+json\" class=\"yoast-schema-graph\">{\"@context\":\"https:\/\/schema.org\",\"@graph\":[{\"@type\":\"WebPage\",\"@id\":\"https:\/\/mapsly.com\/pt\/access-control-and-sharing\/\",\"url\":\"https:\/\/mapsly.com\/pt\/access-control-and-sharing\/\",\"name\":\"Control Who Sees What in Mapsly - Mapsly\",\"isPartOf\":{\"@id\":\"https:\/\/mapsly.com\/#website\"},\"datePublished\":\"2025-06-26T12:55:56+00:00\",\"dateModified\":\"2025-12-16T11:29:07+00:00\",\"description\":\"Configure access to objects, their fields and Mapsly features using user profiles. Share individual records with record sharing rules.\",\"breadcrumb\":{\"@id\":\"https:\/\/mapsly.com\/pt\/access-control-and-sharing\/#breadcrumb\"},\"inLanguage\":\"de\",\"potentialAction\":[{\"@type\":\"ReadAction\",\"target\":[\"https:\/\/mapsly.com\/pt\/access-control-and-sharing\/\"]}]},{\"@type\":\"BreadcrumbList\",\"@id\":\"https:\/\/mapsly.com\/pt\/access-control-and-sharing\/#breadcrumb\",\"itemListElement\":[{\"@type\":\"ListItem\",\"position\":1,\"name\":\"Home\",\"item\":\"https:\/\/mapsly.com\/\"},{\"@type\":\"ListItem\",\"position\":2,\"name\":\"Control Who Sees What in Mapsly\"}]},{\"@type\":\"WebSite\",\"@id\":\"https:\/\/mapsly.com\/#website\",\"url\":\"https:\/\/mapsly.com\/\",\"name\":\"Mapsly\",\"description\":\"The Ultimate CRM Map\",\"publisher\":{\"@id\":\"https:\/\/mapsly.com\/#organization\"},\"potentialAction\":[{\"@type\":\"SearchAction\",\"target\":{\"@type\":\"EntryPoint\",\"urlTemplate\":\"https:\/\/mapsly.com\/?s={search_term_string}\"},\"query-input\":{\"@type\":\"PropertyValueSpecification\",\"valueRequired\":true,\"valueName\":\"search_term_string\"}}],\"inLanguage\":\"de\"},{\"@type\":\"Organization\",\"@id\":\"https:\/\/mapsly.com\/#organization\",\"name\":\"Mapsly\",\"url\":\"https:\/\/mapsly.com\/\",\"logo\":{\"@type\":\"ImageObject\",\"inLanguage\":\"de\",\"@id\":\"https:\/\/mapsly.com\/#\/schema\/logo\/image\/\",\"url\":\"https:\/\/mapsly.com\/wp-content\/uploads\/2025\/06\/Mapsly-Logo-2x-BIG.png\",\"contentUrl\":\"https:\/\/mapsly.com\/wp-content\/uploads\/2025\/06\/Mapsly-Logo-2x-BIG.png\",\"width\":280,\"height\":85,\"caption\":\"Mapsly\"},\"image\":{\"@id\":\"https:\/\/mapsly.com\/#\/schema\/logo\/image\/\"}}]}<\/script>\n<!-- \/ Yoast SEO plugin. -->","yoast_head_json":{"title":"Steuern Sie, wer was in Mapsly sieht - Mapsly","description":"Konfigurieren Sie den Zugriff auf Objekte, deren Felder und Mapsly-Funktionen mithilfe von Benutzerprofilen. Teilen Sie einzelne Datens\u00e4tze mit Datensatzfreigaberegeln.","robots":{"index":"index","follow":"follow","max-snippet":"max-snippet:-1","max-image-preview":"max-image-preview:large","max-video-preview":"max-video-preview:-1"},"canonical":"https:\/\/mapsly.com\/de\/access-control-and-sharing\/","og_locale":"de_DE","og_type":"article","og_title":"Control Who Sees What in Mapsly - Mapsly","og_description":"Configure access to objects, their fields and Mapsly features using user profiles. Share individual records with record sharing rules.","og_url":"https:\/\/mapsly.com\/de\/access-control-and-sharing\/","og_site_name":"Mapsly","article_modified_time":"2025-12-16T11:29:07+00:00","twitter_card":"summary_large_image","twitter_misc":{"Gesch\u00e4tzte Lesezeit":"3\u00a0Minuten"},"schema":{"@context":"https:\/\/schema.org","@graph":[{"@type":"WebPage","@id":"https:\/\/mapsly.com\/pt\/access-control-and-sharing\/","url":"https:\/\/mapsly.com\/pt\/access-control-and-sharing\/","name":"Steuern Sie, wer was in Mapsly sieht - Mapsly","isPartOf":{"@id":"https:\/\/mapsly.com\/#website"},"datePublished":"2025-06-26T12:55:56+00:00","dateModified":"2025-12-16T11:29:07+00:00","description":"Konfigurieren Sie den Zugriff auf Objekte, deren Felder und Mapsly-Funktionen mithilfe von Benutzerprofilen. Teilen Sie einzelne Datens\u00e4tze mit Datensatzfreigaberegeln.","breadcrumb":{"@id":"https:\/\/mapsly.com\/pt\/access-control-and-sharing\/#breadcrumb"},"inLanguage":"de","potentialAction":[{"@type":"ReadAction","target":["https:\/\/mapsly.com\/pt\/access-control-and-sharing\/"]}]},{"@type":"BreadcrumbList","@id":"https:\/\/mapsly.com\/pt\/access-control-and-sharing\/#breadcrumb","itemListElement":[{"@type":"ListItem","position":1,"name":"Home","item":"https:\/\/mapsly.com\/"},{"@type":"ListItem","position":2,"name":"Control Who Sees What in Mapsly"}]},{"@type":"WebSite","@id":"https:\/\/mapsly.com\/#website","url":"https:\/\/mapsly.com\/","name":"Mapsly","description":"Die ultimative CRM-Karte","publisher":{"@id":"https:\/\/mapsly.com\/#organization"},"potentialAction":[{"@type":"SearchAction","target":{"@type":"EntryPoint","urlTemplate":"https:\/\/mapsly.com\/?s={search_term_string}"},"query-input":{"@type":"PropertyValueSpecification","valueRequired":true,"valueName":"search_term_string"}}],"inLanguage":"de"},{"@type":"Organization","@id":"https:\/\/mapsly.com\/#organization","name":"Mapsly","url":"https:\/\/mapsly.com\/","logo":{"@type":"ImageObject","inLanguage":"de","@id":"https:\/\/mapsly.com\/#\/schema\/logo\/image\/","url":"https:\/\/mapsly.com\/wp-content\/uploads\/2025\/06\/Mapsly-Logo-2x-BIG.png","contentUrl":"https:\/\/mapsly.com\/wp-content\/uploads\/2025\/06\/Mapsly-Logo-2x-BIG.png","width":280,"height":85,"caption":"Mapsly"},"image":{"@id":"https:\/\/mapsly.com\/#\/schema\/logo\/image\/"}}]}},"_links":{"self":[{"href":"https:\/\/mapsly.com\/de\/wp-json\/wp\/v2\/pages\/279","targetHints":{"allow":["GET"]}}],"collection":[{"href":"https:\/\/mapsly.com\/de\/wp-json\/wp\/v2\/pages"}],"about":[{"href":"https:\/\/mapsly.com\/de\/wp-json\/wp\/v2\/types\/page"}],"author":[{"embeddable":true,"href":"https:\/\/mapsly.com\/de\/wp-json\/wp\/v2\/users\/1"}],"replies":[{"embeddable":true,"href":"https:\/\/mapsly.com\/de\/wp-json\/wp\/v2\/comments?post=279"}],"version-history":[{"count":38,"href":"https:\/\/mapsly.com\/de\/wp-json\/wp\/v2\/pages\/279\/revisions"}],"predecessor-version":[{"id":25117,"href":"https:\/\/mapsly.com\/de\/wp-json\/wp\/v2\/pages\/279\/revisions\/25117"}],"wp:attachment":[{"href":"https:\/\/mapsly.com\/de\/wp-json\/wp\/v2\/media?parent=279"}],"curies":[{"name":"wp","href":"https:\/\/api.w.org\/{rel}","templated":true}]}}