{"id":24469,"date":"2025-12-03T15:52:52","date_gmt":"2025-12-03T12:52:52","guid":{"rendered":"https:\/\/mapsly.com\/?page_id=24469"},"modified":"2026-01-28T14:47:38","modified_gmt":"2026-01-28T11:47:38","slug":"wizard-guidelines-for-salesforce","status":"publish","type":"page","link":"https:\/\/mapsly.com\/de\/wizard-guidelines-for-salesforce\/","title":{"rendered":"Wizard-Richtlinien f\u00fcr Salesforce"},"content":{"rendered":"<div data-elementor-type=\"wp-page\" data-elementor-id=\"24469\" class=\"elementor elementor-24469\" data-elementor-post-type=\"page\">\n\t\t\t\t<div class=\"elementor-element elementor-element-7b75f0e e-flex e-con-boxed e-con e-parent\" data-id=\"7b75f0e\" data-element_type=\"container\" data-e-type=\"container\">\n\t\t\t\t\t<div class=\"e-con-inner\">\n\t\t\t\t<div class=\"elementor-element elementor-element-dd96ee6 elementor-widget__width-initial elementor-widget elementor-widget-text-editor\" data-id=\"dd96ee6\" data-element_type=\"widget\" data-e-type=\"widget\" data-widget_type=\"text-editor.default\">\n\t\t\t\t<div class=\"elementor-widget-container\">\n\t\t\t\t\t\t\t\t\t<p><strong>Wichtig:<\/strong> Da Mapsly die Salesforce-API nutzt, erfordert es\u00a0<strong>der Salesforce Professional-Plan <\/strong>(mit API-Zugriffs-Add-on)<strong> f\u00fcr den Salesforce Enterprise-Plan\u00a0<\/strong>oder h\u00f6her. Sie m\u00fcssen au\u00dferdem ein <strong>Salesforce Org-Administrator<\/strong> um den Registrierungsprozess abzuschlie\u00dfen.<\/p><p>Wenn Sie die Salesforce Professional Edition verwenden, ist der API-Zugang nicht in Ihrem Plan enthalten. Er muss separat erworben werden, indem Sie Ihren Salesforce Account Executive kontaktieren. Falls Sie keinen zust\u00e4ndigen Salesforce Account Executive haben, wenden Sie sich an Salesforce. <b><a href=\"https:\/\/www.salesforce.com\/eu\/company\/locations\/\" target=\"_blank\" rel=\"nofollow noopener noreferrer\">Vertriebsteam<\/a><\/b>.<\/p>\t\t\t\t\t\t\t\t<\/div>\n\t\t\t\t<\/div>\n\t\t\t\t\t<\/div>\n\t\t\t\t<\/div>\n\t\t<div class=\"elementor-element elementor-element-853f21f e-flex e-con-boxed e-con e-parent\" data-id=\"853f21f\" data-element_type=\"container\" data-e-type=\"container\">\n\t\t\t\t\t<div class=\"e-con-inner\">\n\t\t\t\t<div class=\"elementor-element elementor-element-d31341e elementor-widget__width-initial elementor-widget elementor-widget-text-editor\" data-id=\"d31341e\" data-element_type=\"widget\" data-e-type=\"widget\" data-widget_type=\"text-editor.default\">\n\t\t\t\t<div class=\"elementor-widget-container\">\n\t\t\t\t\t\t\t\t\t<p>You can always find a\u00a0<a href=\"https:\/\/help.mapsly.com\/en\/articles\/4336803\" target=\"_blank\" rel=\"noopener\">vollst\u00e4ndige Installationsanleitung f\u00fcr Salesforce <\/a>\u00a0in Maps<span style=\"letter-spacing: 0px;\">ly Hilfezentrum. <\/span><\/p>\t\t\t\t\t\t\t\t<\/div>\n\t\t\t\t<\/div>\n\t\t\t\t\t<\/div>\n\t\t\t\t<\/div>\n\t\t\t\t<\/div>","protected":false},"excerpt":{"rendered":"<p>Wichtig: Da Mapsly die Salesforce-API nutzt, ist der Salesforce Professional-Plan (mit API-Zugriffs-Add-on) oder der Salesforce Enterprise-Plan oder h\u00f6her erforderlich. Sie m\u00fcssen au\u00dferdem Salesforce-Org-Administrator sein, um den Anmeldevorgang abzuschlie\u00dfen. Wenn Sie die Salesforce Professional Edition verwenden, ist der API-Zugriff nicht im Plan enthalten. Er muss separat erworben werden von [&hellip;]<\/p>","protected":false},"author":51,"featured_media":0,"parent":0,"menu_order":0,"comment_status":"closed","ping_status":"closed","template":"elementor_canvas","meta":{"_acf_changed":false,"footnotes":""},"class_list":["post-24469","page","type-page","status-publish","hentry"],"acf":[],"yoast_head":"<!-- This site is optimized with the Yoast SEO plugin v26.6 - https:\/\/yoast.com\/wordpress\/plugins\/seo\/ -->\n<title>Wizard guidelines for Salesforce - Mapsly<\/title>\n<meta name=\"robots\" content=\"index, follow, max-snippet:-1, max-image-preview:large, max-video-preview:-1\" \/>\n<link rel=\"canonical\" href=\"https:\/\/mapsly.com\/de\/wizard-guidelines-for-salesforce\/\" \/>\n<meta property=\"og:locale\" content=\"de_DE\" \/>\n<meta property=\"og:type\" content=\"article\" \/>\n<meta property=\"og:title\" content=\"Wizard guidelines for Salesforce - Mapsly\" \/>\n<meta property=\"og:description\" content=\"Important: since Mapsly leverages Salesforce API, it requires\u00a0the Salesforce Professional plan (with API access add-on) or the Salesforce Enterprise plan\u00a0or higher. You also need to be a Salesforce org administrator to complete sign-up process. If you are using Salesforce Professional Edition, API access is not included in the plan. It must be purchased separately by [&hellip;]\" \/>\n<meta property=\"og:url\" content=\"https:\/\/mapsly.com\/de\/wizard-guidelines-for-salesforce\/\" \/>\n<meta property=\"og:site_name\" content=\"Mapsly\" \/>\n<meta property=\"article:modified_time\" content=\"2026-01-28T11:47:38+00:00\" \/>\n<meta name=\"twitter:card\" content=\"summary_large_image\" \/>\n<meta name=\"twitter:label1\" content=\"Gesch\u00e4tzte Lesezeit\" \/>\n\t<meta name=\"twitter:data1\" content=\"1\u00a0Minute\" \/>\n<script type=\"application\/ld+json\" class=\"yoast-schema-graph\">{\"@context\":\"https:\/\/schema.org\",\"@graph\":[{\"@type\":\"WebPage\",\"@id\":\"https:\/\/mapsly.com\/ko\/wizard-guidelines-for-salesforce\/\",\"url\":\"https:\/\/mapsly.com\/ko\/wizard-guidelines-for-salesforce\/\",\"name\":\"Wizard guidelines for Salesforce - Mapsly\",\"isPartOf\":{\"@id\":\"https:\/\/mapsly.com\/#website\"},\"datePublished\":\"2025-12-03T12:52:52+00:00\",\"dateModified\":\"2026-01-28T11:47:38+00:00\",\"breadcrumb\":{\"@id\":\"https:\/\/mapsly.com\/ko\/wizard-guidelines-for-salesforce\/#breadcrumb\"},\"inLanguage\":\"de\",\"potentialAction\":[{\"@type\":\"ReadAction\",\"target\":[\"https:\/\/mapsly.com\/ko\/wizard-guidelines-for-salesforce\/\"]}]},{\"@type\":\"BreadcrumbList\",\"@id\":\"https:\/\/mapsly.com\/ko\/wizard-guidelines-for-salesforce\/#breadcrumb\",\"itemListElement\":[{\"@type\":\"ListItem\",\"position\":1,\"name\":\"Home\",\"item\":\"https:\/\/mapsly.com\/\"},{\"@type\":\"ListItem\",\"position\":2,\"name\":\"Wizard guidelines for Salesforce\"}]},{\"@type\":\"WebSite\",\"@id\":\"https:\/\/mapsly.com\/#website\",\"url\":\"https:\/\/mapsly.com\/\",\"name\":\"Mapsly\",\"description\":\"The Ultimate CRM Map\",\"publisher\":{\"@id\":\"https:\/\/mapsly.com\/#organization\"},\"potentialAction\":[{\"@type\":\"SearchAction\",\"target\":{\"@type\":\"EntryPoint\",\"urlTemplate\":\"https:\/\/mapsly.com\/?s={search_term_string}\"},\"query-input\":{\"@type\":\"PropertyValueSpecification\",\"valueRequired\":true,\"valueName\":\"search_term_string\"}}],\"inLanguage\":\"de\"},{\"@type\":\"Organization\",\"@id\":\"https:\/\/mapsly.com\/#organization\",\"name\":\"Mapsly\",\"url\":\"https:\/\/mapsly.com\/\",\"logo\":{\"@type\":\"ImageObject\",\"inLanguage\":\"de\",\"@id\":\"https:\/\/mapsly.com\/#\/schema\/logo\/image\/\",\"url\":\"https:\/\/mapsly.com\/wp-content\/uploads\/2025\/06\/Mapsly-Logo-2x-BIG.png\",\"contentUrl\":\"https:\/\/mapsly.com\/wp-content\/uploads\/2025\/06\/Mapsly-Logo-2x-BIG.png\",\"width\":280,\"height\":85,\"caption\":\"Mapsly\"},\"image\":{\"@id\":\"https:\/\/mapsly.com\/#\/schema\/logo\/image\/\"}}]}<\/script>\n<!-- \/ Yoast SEO plugin. -->","yoast_head_json":{"title":"Assistentenrichtlinien f\u00fcr Salesforce \u2013 Mapsly","robots":{"index":"index","follow":"follow","max-snippet":"max-snippet:-1","max-image-preview":"max-image-preview:large","max-video-preview":"max-video-preview:-1"},"canonical":"https:\/\/mapsly.com\/de\/wizard-guidelines-for-salesforce\/","og_locale":"de_DE","og_type":"article","og_title":"Wizard guidelines for Salesforce - Mapsly","og_description":"Important: since Mapsly leverages Salesforce API, it requires\u00a0the Salesforce Professional plan (with API access add-on) or the Salesforce Enterprise plan\u00a0or higher. You also need to be a Salesforce org administrator to complete sign-up process. If you are using Salesforce Professional Edition, API access is not included in the plan. It must be purchased separately by [&hellip;]","og_url":"https:\/\/mapsly.com\/de\/wizard-guidelines-for-salesforce\/","og_site_name":"Mapsly","article_modified_time":"2026-01-28T11:47:38+00:00","twitter_card":"summary_large_image","twitter_misc":{"Gesch\u00e4tzte Lesezeit":"1\u00a0Minute"},"schema":{"@context":"https:\/\/schema.org","@graph":[{"@type":"WebPage","@id":"https:\/\/mapsly.com\/ko\/wizard-guidelines-for-salesforce\/","url":"https:\/\/mapsly.com\/ko\/wizard-guidelines-for-salesforce\/","name":"Assistentenrichtlinien f\u00fcr Salesforce \u2013 Mapsly","isPartOf":{"@id":"https:\/\/mapsly.com\/#website"},"datePublished":"2025-12-03T12:52:52+00:00","dateModified":"2026-01-28T11:47:38+00:00","breadcrumb":{"@id":"https:\/\/mapsly.com\/ko\/wizard-guidelines-for-salesforce\/#breadcrumb"},"inLanguage":"de","potentialAction":[{"@type":"ReadAction","target":["https:\/\/mapsly.com\/ko\/wizard-guidelines-for-salesforce\/"]}]},{"@type":"BreadcrumbList","@id":"https:\/\/mapsly.com\/ko\/wizard-guidelines-for-salesforce\/#breadcrumb","itemListElement":[{"@type":"ListItem","position":1,"name":"Home","item":"https:\/\/mapsly.com\/"},{"@type":"ListItem","position":2,"name":"Wizard guidelines for Salesforce"}]},{"@type":"WebSite","@id":"https:\/\/mapsly.com\/#website","url":"https:\/\/mapsly.com\/","name":"Mapsly","description":"Die ultimative CRM-Karte","publisher":{"@id":"https:\/\/mapsly.com\/#organization"},"potentialAction":[{"@type":"SearchAction","target":{"@type":"EntryPoint","urlTemplate":"https:\/\/mapsly.com\/?s={search_term_string}"},"query-input":{"@type":"PropertyValueSpecification","valueRequired":true,"valueName":"search_term_string"}}],"inLanguage":"de"},{"@type":"Organization","@id":"https:\/\/mapsly.com\/#organization","name":"Mapsly","url":"https:\/\/mapsly.com\/","logo":{"@type":"ImageObject","inLanguage":"de","@id":"https:\/\/mapsly.com\/#\/schema\/logo\/image\/","url":"https:\/\/mapsly.com\/wp-content\/uploads\/2025\/06\/Mapsly-Logo-2x-BIG.png","contentUrl":"https:\/\/mapsly.com\/wp-content\/uploads\/2025\/06\/Mapsly-Logo-2x-BIG.png","width":280,"height":85,"caption":"Mapsly"},"image":{"@id":"https:\/\/mapsly.com\/#\/schema\/logo\/image\/"}}]}},"_links":{"self":[{"href":"https:\/\/mapsly.com\/de\/wp-json\/wp\/v2\/pages\/24469","targetHints":{"allow":["GET"]}}],"collection":[{"href":"https:\/\/mapsly.com\/de\/wp-json\/wp\/v2\/pages"}],"about":[{"href":"https:\/\/mapsly.com\/de\/wp-json\/wp\/v2\/types\/page"}],"author":[{"embeddable":true,"href":"https:\/\/mapsly.com\/de\/wp-json\/wp\/v2\/users\/51"}],"replies":[{"embeddable":true,"href":"https:\/\/mapsly.com\/de\/wp-json\/wp\/v2\/comments?post=24469"}],"version-history":[{"count":17,"href":"https:\/\/mapsly.com\/de\/wp-json\/wp\/v2\/pages\/24469\/revisions"}],"predecessor-version":[{"id":25762,"href":"https:\/\/mapsly.com\/de\/wp-json\/wp\/v2\/pages\/24469\/revisions\/25762"}],"wp:attachment":[{"href":"https:\/\/mapsly.com\/de\/wp-json\/wp\/v2\/media?parent=24469"}],"curies":[{"name":"wp","href":"https:\/\/api.w.org\/{rel}","templated":true}]}}