{"id":1863,"date":"2025-07-24T15:02:11","date_gmt":"2025-07-24T12:02:11","guid":{"rendered":"https:\/\/mapsly.com?page_id=1863"},"modified":"2026-02-20T11:14:27","modified_gmt":"2026-02-20T08:14:27","slug":"smartsheet-map","status":"publish","type":"page","link":"https:\/\/mapsly.com\/de\/smartsheet-map\/","title":{"rendered":"F\u00fcgen Sie Ihrem Smartsheet-Dashboard die Live Map hinzu"},"content":{"rendered":"<div data-elementor-type=\"wp-page\" data-elementor-id=\"1863\" class=\"elementor elementor-1863\" data-elementor-post-type=\"page\">\n\t\t\t\t<div class=\"elementor-element elementor-element-145e482 e-flex e-con-boxed e-con e-parent\" data-id=\"145e482\" data-element_type=\"container\" data-e-type=\"container\">\n\t\t\t\t\t<div class=\"e-con-inner\">\n\t\t\t\t<div class=\"elementor-element elementor-element-1169e60 elementor-widget elementor-widget-heading\" data-id=\"1169e60\" data-element_type=\"widget\" data-e-type=\"widget\" data-widget_type=\"heading.default\">\n\t\t\t\t<div class=\"elementor-widget-container\">\n\t\t\t\t\t<h2 class=\"elementor-heading-title elementor-size-default\">F\u00fcgen Sie Ihrem Smartsheet-Dashboard die Live Map hinzu\n<\/h2>\t\t\t\t<\/div>\n\t\t\t\t<\/div>\n\t\t\t\t<div class=\"elementor-element elementor-element-06d7a25 elementor-widget elementor-widget-text-editor\" data-id=\"06d7a25\" data-element_type=\"widget\" data-e-type=\"widget\" data-widget_type=\"text-editor.default\">\n\t\t\t\t<div class=\"elementor-widget-container\">\n\t\t\t\t\t\t\t\t\t<p>Betten Sie eine Live-Interaktivkarte mit SmartSheet-Daten in Ihr SmartSheet-Dashboard ein<\/p>\t\t\t\t\t\t\t\t<\/div>\n\t\t\t\t<\/div>\n\t\t\t\t\t<\/div>\n\t\t\t\t<\/div>\n\t\t\t\t<section class=\"elementor-section elementor-top-section elementor-element elementor-element-66235526 elementor-section-boxed elementor-section-height-default elementor-section-height-default\" data-id=\"66235526\" data-element_type=\"section\" data-e-type=\"section\">\n\t\t\t\t\t\t<div class=\"elementor-container elementor-column-gap-default\">\n\t\t\t\t\t<div class=\"elementor-column elementor-col-100 elementor-top-column elementor-element elementor-element-29f009ef\" data-id=\"29f009ef\" data-element_type=\"column\" data-e-type=\"column\">\n\t\t\t<div class=\"elementor-widget-wrap elementor-element-populated\">\n\t\t\t\t\t\t<div class=\"elementor-element elementor-element-33c6fbb7 gutme  elementor-widget elementor-widget-text-editor\" data-id=\"33c6fbb7\" data-element_type=\"widget\" data-e-type=\"widget\" data-widget_type=\"text-editor.default\">\n\t\t\t\t<div class=\"elementor-widget-container\">\n\t\t\t\t\t\t\t\t\t\n<p>F\u00fcgen Sie Ihrem Smartsheet-Dashboard Live-interaktive Karten hinzu. Die Karte kann Daten aus einem oder mehreren Bl\u00e4ttern von Smartsheet, CRM oder einer anderen Datenquelle sowie aus Territorien anzeigen. Sie k\u00f6nnen au\u00dferdem Schaltfl\u00e4chen, Formulare und benutzerdefinierte Aktionen hinzuf\u00fcgen \u2013 damit Benutzer Anfragen und Anwendungen einreichen, Datens\u00e4tze erstellen und aktualisieren und weitere Aktionen direkt auf der eingebetteten Karte ausf\u00fchren k\u00f6nnen.<\/p>\n\n<div class=\"wp-block-spacer\" style=\"height: 25px;\" aria-hidden=\"true\">\u00a0<\/div>\n\n<div class=\"wp-block-buttons is-content-justification-center is-layout-flex wp-block-buttons-is-layout-flex\">\n<div class=\"wp-block-button\"><a class=\"wp-block-button__link\" href=\"#demo\" rel=\"noreferrer noopener\">Demo des Smartsheet-Dashboards anzeigen<\/a><\/div>\n<\/div>\n\n<div class=\"wp-block-spacer\" style=\"height: 54px;\" aria-hidden=\"true\">\u00a0<\/div>\n\n<h2 class=\"has-text-align-center wp-block-heading\">Wie bettet man Mapsly in das Smartsheet-Dashboard ein?<\/h2>\n\n<p>Die g\u00e4ngigste Methode, Mapsly in Ihr Smartsheet-Dashboard zu integrieren, besteht in der Verwendung des Smartsheet Web Content-Widgets \u2013 auf diese Weise wird die Karte direkt in Ihr Dashboard eingebettet und Ihr Dashboard wird automatisch aktualisiert, um die neuesten Kartendaten anzuzeigen. Es ist jedoch auch m\u00f6glich, Mapsly mithilfe von Shortcut- oder Image-Widgets hinzuzuf\u00fcgen \u2013 in diesem Fall enth\u00e4lt Ihr Dashboard lediglich einen Link, der die Mapsly-Karte in einem neuen Browser-Tab \u00f6ffnet.<\/p>\n\n<div class=\"wp-block-spacer\" style=\"height: 25px;\" aria-hidden=\"true\">\u00a0<\/div>\n\n<div class=\"wp-block-buttons is-content-justification-center is-layout-flex wp-block-buttons-is-layout-flex\">\n<div class=\"wp-block-button\"><a class=\"wp-block-button__link\" href=\"https:\/\/help.mapsly.com\/articles\/5377582\">Schritt-f\u00fcr-Schritt-Anleitung zum Hinzuf\u00fcgen einer Live-Karte zu Ihrem Smartsheet-Dashboard <\/a><\/div>\n<\/div>\n\n<div class=\"wp-block-spacer\" style=\"height: 57px;\" aria-hidden=\"true\">\u00a0<\/div>\n\n<h2 class=\"has-text-align-center wp-block-heading\">H\u00e4ufigkeit der Datenaktualisierungen in eingebetteten Karten<\/h2>\n\n<p>Standardm\u00e4\u00dfig ruft Mapsly neue und aktualisierte Daten aus einer Datenquelle, wie zum Beispiel Ihrem verbundenen Smartsheet, alle 30 Minuten ab. Diese Verz\u00f6gerung kann auf 10 Minuten reduziert werden.<\/p>\n\n<p>Au\u00dferdem:<\/p>\n\n<ul class=\"wp-block-list\">\n<li>Bei einigen Datenquellen, wie HubSpot und Zendesk, kann die Echtzeit-CRM-&gt; Mapsly-Datensynchronisierung mit nur wenigen Klicks aktiviert werden;<\/li>\n<li>F\u00fcr andere Datenquellen k\u00f6nnen Sie eine Echtzeit-CRM-&gt;Mapsly-Datensynchronisation einrichten, indem Sie Webhooks oder ausgehende API-Aufrufe von Ihrer Datenquelle verwenden, etwa Zoho CRM, Creatio, Quickbase und jede andere Datenquelle, die diese M\u00f6glichkeiten unterst\u00fctzt.<\/li>\n<\/ul>\n\n<h2 class=\"has-text-align-center wp-block-heading\">Eingebettete Karten sind flexibel &amp; leicht konfigurierbar<\/h2>\n\n<p>Auf Ihrer Live-Karte k\u00f6nnen Sie Ihre Daten dynamisch anhand benutzerdefinierter Kriterien mithilfe von Kartenebenen und Filtern farblich darstellen; steuern, was Benutzer sehen, mit URL-Parametern; und Daten aus einem oder mehreren Objekten (Sheets) gleichzeitig anzeigen. F\u00fcr jedes Objekt k\u00f6nnen Sie dessen Marker-Eigenschaften und Felder (Sheet-Spalten) anpassen, die als Marker-Beschriftung, im Karten-Popup oder im Datensatzansicht-Popup, das Sie ebenfalls aktivieren k\u00f6nnen, angezeigt werden.<\/p>\n\n<h2 class=\"has-text-align-center wp-block-heading\">Suchfilter und Listenansicht hinzuf\u00fcgen<\/h2>\n\n<p>Optional k\u00f6nnen Sie a verwenden <a href=\"https:\/\/help.mapsly.com\/articles\/5187658\" target=\"_blank\" rel=\"noreferrer noopener\">Konfigurierbare Listenansicht<\/a> in Kombination mit dem <a href=\"https:\/\/help.mapsly.com\/articles\/5361147\" target=\"_blank\" rel=\"noreferrer noopener\">Filter f\u00fcr die Suchleiste<\/a> um eine einklappbare Liste von Datens\u00e4tzen (Tabellenzeilen) links auf der Karte anzuzeigen und\/oder dem Benutzer die M\u00f6glichkeit zu geben, den angezeigten Datensatz auf der Karte anzupassen und nach bestimmten Datens\u00e4tzen zu suchen.<\/p>\n\n<h2 class=\"has-text-align-center wp-block-heading\">Gebiete hinzuf\u00fcgen<\/h2>\n\n<p>Sie k\u00f6nnen anzeigen <a href=\"\/de\/territories\/\">Gebiete<\/a>, beide <a href=\"\/de\/draw-and-assign-territories\/\">handgezeichnet<\/a> und <a href=\"\/de\/boundaries-of-zip-codes-counties-census-areas\/\">Erstellt mit geo-library<\/a> zum Beispiel aus Postleitzahlgebieten oder Landkreisen <a href=\"\/de\/aggregate-metrics-demographics\/\">Datenfelder einschlie\u00dflich Demografie und aggregierter Kennzahlen<\/a> automatisch berechnet basierend auf Daten aus Datens\u00e4tzen, die in diesen Gebieten hinterlegt sind.<\/p>\n\n<h2 class=\"has-text-align-center wp-block-heading\">Ebenen-Bedienfeld &amp; Tabellenansicht hinzuf\u00fcgen<\/h2>\n\n<p>Es ist auch m\u00f6glich, zu aktivieren, <a href=\"\/de\/map-layers-filters\/\"><em>Ebenen <\/em>Bereich<\/a> und <em><a href=\"\/de\/table-view-with-nearby-search\/\">Tabellenansicht<\/a> <\/em>auf freigegebenen Karten. <a href=\"#openChat\">Schreiben Sie uns im Chat<\/a> um diese beiden Funktionen f\u00fcr freigegebene Karten in Ihrem Konto zu aktivieren.<\/p>\n\n<h2 class=\"has-text-align-center wp-block-heading\">Schaltfl\u00e4chen, Formulare &amp; Automatisierung hinzuf\u00fcgen<\/h2>\n\n<p>Sie k\u00f6nnen Ihre eingebetteten Karten interaktiver machen, indem Sie platzieren <a href=\"\/de\/automation\/\">Benutzerdefinierte Buttons und Formulare<\/a> zu einem Karten-Popup eines Datensatzes oder zu Datensatz-Anzeige-Popups \u2013 um Benutzern zu erm\u00f6glichen, Daten und Anfragen einzureichen, Workflows auszul\u00f6sen und alle anderen benutzerdefinierten Prozesse zu starten.<\/p>\n\t\t\t\t\t\t\t\t<\/div>\n\t\t\t\t<\/div>\n\t\t\t\t<div class=\"elementor-element elementor-element-e7f5083 elementor-widget elementor-widget-menu-anchor\" data-id=\"e7f5083\" data-element_type=\"widget\" data-e-type=\"widget\" data-widget_type=\"menu-anchor.default\">\n\t\t\t\t<div class=\"elementor-widget-container\">\n\t\t\t\t\t\t\t<div class=\"elementor-menu-anchor\" id=\"demo\"><\/div>\n\t\t\t\t\t\t<\/div>\n\t\t\t\t<\/div>\n\t\t\t\t<div class=\"elementor-element elementor-element-6293268b elementor-widget elementor-widget-heading\" data-id=\"6293268b\" data-element_type=\"widget\" data-e-type=\"widget\" data-widget_type=\"heading.default\">\n\t\t\t\t<div class=\"elementor-widget-container\">\n\t\t\t\t\t<h2 class=\"elementor-heading-title elementor-size-default\">Smartsheet-Dashboard-Demo<\/h2>\t\t\t\t<\/div>\n\t\t\t\t<\/div>\n\t\t\t\t<div class=\"elementor-element elementor-element-536500c7 elementor-widget elementor-widget-html\" data-id=\"536500c7\" data-element_type=\"widget\" data-e-type=\"widget\" data-widget_type=\"html.default\">\n\t\t\t\t<div class=\"elementor-widget-container\">\n\t\t\t\t\t<iframe width=\"1000\" height=\"1100\" frameborder=\"0\" src=\"https:\/\/app.smartsheet.com\/b\/publish?EQBCT=37ebb1c3c34a4c9481c195cc86c0536a\"><\/iframe>\t\t\t\t<\/div>\n\t\t\t\t<\/div>\n\t\t\t\t<div class=\"elementor-element elementor-element-4efc9b98 gutme elementor-widget elementor-widget-text-editor\" data-id=\"4efc9b98\" data-element_type=\"widget\" data-e-type=\"widget\" data-widget_type=\"text-editor.default\">\n\t\t\t\t<div class=\"elementor-widget-container\">\n\t\t\t\t\t\t\t\t\t\n<p>\u00a0<\/p>\n\n<figure class=\"wp-block-pullquote\">\n<blockquote>\n<p>Das Implementierungsteam von Mapsly wird Ihr Nutzungsszenario analysieren und gemeinsame Karten f\u00fcr Sie konfigurieren, damit Sie sich auf Ihr Gesch\u00e4ft konzentrieren k\u00f6nnen. <br \/><a href=\"https:\/\/calendly.com\/mapsly-meeting\/quick-demo\" target=\"_blank\" rel=\"noopener\">Planen Sie noch heute einen Webcall<\/a>.<\/p>\n<cite>Oder fragen Sie uns im Chat alles, wir sind immer online<\/cite><\/blockquote>\n<\/figure>\n\n<div class=\"wp-block-spacer\" style=\"height: 100px;\" aria-hidden=\"true\">\u00a0<\/div>\n\n<div class=\"wp-block-buttons is-content-justification-center is-layout-flex wp-block-buttons-is-layout-flex\">\n<div class=\"wp-block-button\"><a class=\"wp-block-button__link\" href=\"\/de\/shared-interactive-maps\/\">Erfahren Sie mehr \u00fcber Shared Maps<\/a><\/div>\n<\/div>\n\n<div class=\"wp-block-spacer\" style=\"height: 100px;\" aria-hidden=\"true\">\u00a0<\/div>\n\n<p>\u00a0<\/p>\n\t\t\t\t\t\t\t\t<\/div>\n\t\t\t\t<\/div>\n\t\t\t\t\t<\/div>\n\t\t<\/div>\n\t\t\t\t\t<\/div>\n\t\t<\/section>\n\t\t\t\t<\/div>","protected":false},"excerpt":{"rendered":"<p>F\u00fcgen Sie eine Live-Karte zu Ihrem Smartsheet Dashboard hinzu\nBetten Sie eine live interaktive Karte mit SmartSheet-Daten in Ihr Smartsheet Dashboard ein\nF\u00fcgen Sie Ihrem Smartsheet Dashboard live interaktive Karten hinzu. Die Karte kann Daten aus einem oder mehreren Smartsheet-Bl\u00e4ttern, CRM oder einer anderen Datenquelle sowie aus Gebieten anzeigen. Sie k\u00f6nnen au\u00dferdem Buttons hinzuf\u00fcgen, [&hellip;]<\/p>","protected":false},"author":2,"featured_media":0,"parent":0,"menu_order":0,"comment_status":"closed","ping_status":"closed","template":"elementor_header_footer","meta":{"_acf_changed":false,"footnotes":""},"class_list":["post-1863","page","type-page","status-publish","hentry"],"acf":[],"yoast_head":"<!-- This site is optimized with the Yoast SEO plugin v26.6 - https:\/\/yoast.com\/wordpress\/plugins\/seo\/ -->\n<title>Add Live Map to Your Smartsheet Dashboard - Mapsly<\/title>\n<meta name=\"description\" content=\"Embed a live interactive map to your SmartSheet dashboard. Map data is synced in real time with your SmartSheet, CRM or any other data source.\" \/>\n<meta name=\"robots\" content=\"index, follow, max-snippet:-1, max-image-preview:large, max-video-preview:-1\" \/>\n<link rel=\"canonical\" href=\"https:\/\/mapsly.com\/de\/smartsheet-map\/\" \/>\n<meta property=\"og:locale\" content=\"de_DE\" \/>\n<meta property=\"og:type\" content=\"article\" \/>\n<meta property=\"og:title\" content=\"Add Live Map to Your Smartsheet Dashboard - Mapsly\" \/>\n<meta property=\"og:description\" content=\"Embed a live interactive map to your SmartSheet dashboard. Map data is synced in real time with your SmartSheet, CRM or any other data source.\" \/>\n<meta property=\"og:url\" content=\"https:\/\/mapsly.com\/de\/smartsheet-map\/\" \/>\n<meta property=\"og:site_name\" content=\"Mapsly\" \/>\n<meta property=\"article:modified_time\" content=\"2026-02-20T08:14:27+00:00\" \/>\n<meta name=\"twitter:card\" content=\"summary_large_image\" \/>\n<meta name=\"twitter:label1\" content=\"Gesch\u00e4tzte Lesezeit\" \/>\n\t<meta name=\"twitter:data1\" content=\"3\u00a0Minuten\" \/>\n<script type=\"application\/ld+json\" class=\"yoast-schema-graph\">{\"@context\":\"https:\/\/schema.org\",\"@graph\":[{\"@type\":\"WebPage\",\"@id\":\"https:\/\/mapsly.com\/smartsheet-map\/\",\"url\":\"https:\/\/mapsly.com\/smartsheet-map\/\",\"name\":\"Add Live Map to Your Smartsheet Dashboard - Mapsly\",\"isPartOf\":{\"@id\":\"https:\/\/mapsly.com\/#website\"},\"datePublished\":\"2025-07-24T12:02:11+00:00\",\"dateModified\":\"2026-02-20T08:14:27+00:00\",\"description\":\"Embed a live interactive map to your SmartSheet dashboard. Map data is synced in real time with your SmartSheet, CRM or any other data source.\",\"breadcrumb\":{\"@id\":\"https:\/\/mapsly.com\/smartsheet-map\/#breadcrumb\"},\"inLanguage\":\"de\",\"potentialAction\":[{\"@type\":\"ReadAction\",\"target\":[\"https:\/\/mapsly.com\/smartsheet-map\/\"]}]},{\"@type\":\"BreadcrumbList\",\"@id\":\"https:\/\/mapsly.com\/smartsheet-map\/#breadcrumb\",\"itemListElement\":[{\"@type\":\"ListItem\",\"position\":1,\"name\":\"Home\",\"item\":\"https:\/\/mapsly.com\/\"},{\"@type\":\"ListItem\",\"position\":2,\"name\":\"Add Live Map to Your Smartsheet Dashboard\"}]},{\"@type\":\"WebSite\",\"@id\":\"https:\/\/mapsly.com\/#website\",\"url\":\"https:\/\/mapsly.com\/\",\"name\":\"Mapsly\",\"description\":\"The Ultimate CRM Map\",\"publisher\":{\"@id\":\"https:\/\/mapsly.com\/#organization\"},\"potentialAction\":[{\"@type\":\"SearchAction\",\"target\":{\"@type\":\"EntryPoint\",\"urlTemplate\":\"https:\/\/mapsly.com\/?s={search_term_string}\"},\"query-input\":{\"@type\":\"PropertyValueSpecification\",\"valueRequired\":true,\"valueName\":\"search_term_string\"}}],\"inLanguage\":\"de\"},{\"@type\":\"Organization\",\"@id\":\"https:\/\/mapsly.com\/#organization\",\"name\":\"Mapsly\",\"url\":\"https:\/\/mapsly.com\/\",\"logo\":{\"@type\":\"ImageObject\",\"inLanguage\":\"de\",\"@id\":\"https:\/\/mapsly.com\/#\/schema\/logo\/image\/\",\"url\":\"https:\/\/mapsly.com\/wp-content\/uploads\/2025\/06\/Mapsly-Logo-2x-BIG.png\",\"contentUrl\":\"https:\/\/mapsly.com\/wp-content\/uploads\/2025\/06\/Mapsly-Logo-2x-BIG.png\",\"width\":280,\"height\":85,\"caption\":\"Mapsly\"},\"image\":{\"@id\":\"https:\/\/mapsly.com\/#\/schema\/logo\/image\/\"}}]}<\/script>\n<!-- \/ Yoast SEO plugin. -->","yoast_head_json":{"title":"F\u00fcgen Sie eine Live-Karte zu Ihrem Smartsheet-Dashboard hinzu - Mapsly","description":"Binden Sie eine interaktive Live-Karte in Ihr SmartSheet-Dashboard ein. Kartendaten werden in Echtzeit mit SmartSheet, CRM oder jeder anderen Datenquelle synchronisiert.","robots":{"index":"index","follow":"follow","max-snippet":"max-snippet:-1","max-image-preview":"max-image-preview:large","max-video-preview":"max-video-preview:-1"},"canonical":"https:\/\/mapsly.com\/de\/smartsheet-map\/","og_locale":"de_DE","og_type":"article","og_title":"Add Live Map to Your Smartsheet Dashboard - Mapsly","og_description":"Embed a live interactive map to your SmartSheet dashboard. Map data is synced in real time with your SmartSheet, CRM or any other data source.","og_url":"https:\/\/mapsly.com\/de\/smartsheet-map\/","og_site_name":"Mapsly","article_modified_time":"2026-02-20T08:14:27+00:00","twitter_card":"summary_large_image","twitter_misc":{"Gesch\u00e4tzte Lesezeit":"3\u00a0Minuten"},"schema":{"@context":"https:\/\/schema.org","@graph":[{"@type":"WebPage","@id":"https:\/\/mapsly.com\/smartsheet-map\/","url":"https:\/\/mapsly.com\/smartsheet-map\/","name":"F\u00fcgen Sie eine Live-Karte zu Ihrem Smartsheet-Dashboard hinzu - Mapsly","isPartOf":{"@id":"https:\/\/mapsly.com\/#website"},"datePublished":"2025-07-24T12:02:11+00:00","dateModified":"2026-02-20T08:14:27+00:00","description":"Binden Sie eine interaktive Live-Karte in Ihr SmartSheet-Dashboard ein. Kartendaten werden in Echtzeit mit SmartSheet, CRM oder jeder anderen Datenquelle synchronisiert.","breadcrumb":{"@id":"https:\/\/mapsly.com\/smartsheet-map\/#breadcrumb"},"inLanguage":"de","potentialAction":[{"@type":"ReadAction","target":["https:\/\/mapsly.com\/smartsheet-map\/"]}]},{"@type":"BreadcrumbList","@id":"https:\/\/mapsly.com\/smartsheet-map\/#breadcrumb","itemListElement":[{"@type":"ListItem","position":1,"name":"Home","item":"https:\/\/mapsly.com\/"},{"@type":"ListItem","position":2,"name":"Add Live Map to Your Smartsheet Dashboard"}]},{"@type":"WebSite","@id":"https:\/\/mapsly.com\/#website","url":"https:\/\/mapsly.com\/","name":"Mapsly","description":"Die ultimative CRM-Karte","publisher":{"@id":"https:\/\/mapsly.com\/#organization"},"potentialAction":[{"@type":"SearchAction","target":{"@type":"EntryPoint","urlTemplate":"https:\/\/mapsly.com\/?s={search_term_string}"},"query-input":{"@type":"PropertyValueSpecification","valueRequired":true,"valueName":"search_term_string"}}],"inLanguage":"de"},{"@type":"Organization","@id":"https:\/\/mapsly.com\/#organization","name":"Mapsly","url":"https:\/\/mapsly.com\/","logo":{"@type":"ImageObject","inLanguage":"de","@id":"https:\/\/mapsly.com\/#\/schema\/logo\/image\/","url":"https:\/\/mapsly.com\/wp-content\/uploads\/2025\/06\/Mapsly-Logo-2x-BIG.png","contentUrl":"https:\/\/mapsly.com\/wp-content\/uploads\/2025\/06\/Mapsly-Logo-2x-BIG.png","width":280,"height":85,"caption":"Mapsly"},"image":{"@id":"https:\/\/mapsly.com\/#\/schema\/logo\/image\/"}}]}},"_links":{"self":[{"href":"https:\/\/mapsly.com\/de\/wp-json\/wp\/v2\/pages\/1863","targetHints":{"allow":["GET"]}}],"collection":[{"href":"https:\/\/mapsly.com\/de\/wp-json\/wp\/v2\/pages"}],"about":[{"href":"https:\/\/mapsly.com\/de\/wp-json\/wp\/v2\/types\/page"}],"author":[{"embeddable":true,"href":"https:\/\/mapsly.com\/de\/wp-json\/wp\/v2\/users\/2"}],"replies":[{"embeddable":true,"href":"https:\/\/mapsly.com\/de\/wp-json\/wp\/v2\/comments?post=1863"}],"version-history":[{"count":40,"href":"https:\/\/mapsly.com\/de\/wp-json\/wp\/v2\/pages\/1863\/revisions"}],"predecessor-version":[{"id":25114,"href":"https:\/\/mapsly.com\/de\/wp-json\/wp\/v2\/pages\/1863\/revisions\/25114"}],"wp:attachment":[{"href":"https:\/\/mapsly.com\/de\/wp-json\/wp\/v2\/media?parent=1863"}],"curies":[{"name":"wp","href":"https:\/\/api.w.org\/{rel}","templated":true}]}}